{"id":1480,"date":"2026-04-07T08:10:10","date_gmt":"2026-04-07T15:10:10","guid":{"rendered":"https:\/\/classesbranchees.csf.bc.ca\/maude\/?page_id=1480"},"modified":"2026-04-07T08:10:10","modified_gmt":"2026-04-07T15:10:10","slug":"semaine-du-7-avril","status":"publish","type":"page","link":"https:\/\/classesbranchees.csf.bc.ca\/maude\/semaine-du-7-avril\/","title":{"rendered":"Semaine du 7 avril"},"content":{"rendered":"<p>Fran\u00e7ais:<br \/>\n\u2013 L\u2019\u00e9criture d\u2019une carte postale<br \/>\n&#8211; La dict\u00e9e et la lecture fluide<\/p>\n<p>Math\u00e9matiques: Les r\u00e9gularit\u00e9s<\/p>\n<p>Carri\u00e8re:<br \/>\n-Le leadership \u2013 habitude de leadership #6<br \/>\n&#8211; La coop\u00e9ration<br \/>\n&#8211; Sortie au poste de police<\/p>\n<p>Sciences: L&rsquo;\u00e9chelle et la structure du syst\u00e8me solaire<\/p>\n<p>\u00c9ducation physique:<br \/>\n&#8211; le basketball et la danse<br \/>\n&#8211; le tennis<\/p>\n<p>La musique: La fureur<\/p>\n","protected":false},"excerpt":{"rendered":"<p>Fran\u00e7ais: \u2013 L\u2019\u00e9criture d\u2019une carte postale &#8211; La dict\u00e9e et la lecture fluide Math\u00e9matiques: Les r\u00e9gularit\u00e9s Carri\u00e8re: -Le leadership \u2013 habitude de leadership #6 &#8211; La coop\u00e9ration &#8211; Sortie au poste de police Sciences: L&rsquo;\u00e9chelle et la structure du syst\u00e8me solaire \u00c9ducation physique: &#8211; le basketball et la danse &#8211; le tennis La musique: La &hellip; <a href=\"https:\/\/classesbranchees.csf.bc.ca\/maude\/semaine-du-7-avril\/\" class=\"more-link\">Continuer la lecture de <span class=\"screen-reader-text\">Semaine du 7 avril<\/span> <span class=\"meta-nav\">&rarr;<\/span><\/a><\/p>\n","protected":false},"author":27,"featured_media":0,"parent":0,"menu_order":0,"comment_status":"closed","ping_status":"closed","template":"","meta":[],"_links":{"self":[{"href":"https:\/\/classesbranchees.csf.bc.ca\/maude\/wp-json\/wp\/v2\/pages\/1480"}],"collection":[{"href":"https:\/\/classesbranchees.csf.bc.ca\/maude\/wp-json\/wp\/v2\/pages"}],"about":[{"href":"https:\/\/classesbranchees.csf.bc.ca\/maude\/wp-json\/wp\/v2\/types\/page"}],"author":[{"embeddable":true,"href":"https:\/\/classesbranchees.csf.bc.ca\/maude\/wp-json\/wp\/v2\/users\/27"}],"replies":[{"embeddable":true,"href":"https:\/\/classesbranchees.csf.bc.ca\/maude\/wp-json\/wp\/v2\/comments?post=1480"}],"version-history":[{"count":1,"href":"https:\/\/classesbranchees.csf.bc.ca\/maude\/wp-json\/wp\/v2\/pages\/1480\/revisions"}],"predecessor-version":[{"id":1482,"href":"https:\/\/classesbranchees.csf.bc.ca\/maude\/wp-json\/wp\/v2\/pages\/1480\/revisions\/1482"}],"wp:attachment":[{"href":"https:\/\/classesbranchees.csf.bc.ca\/maude\/wp-json\/wp\/v2\/media?parent=1480"}],"curies":[{"name":"wp","href":"https:\/\/api.w.org\/{rel}","templated":true}]}}