{"id":836,"date":"2014-11-18T15:16:20","date_gmt":"2014-11-18T23:16:20","guid":{"rendered":"http:\/\/classesbranchees.csf.bc.ca\/lapasserelle\/?page_id=836"},"modified":"2014-11-18T15:38:32","modified_gmt":"2014-11-18T23:38:32","slug":"blogue-des-parents-questions-et-reponses-des-parents","status":"publish","type":"page","link":"https:\/\/classesbranchees.csf.bc.ca\/lapasserelle\/blogue-des-parents-questions-et-reponses-des-parents\/","title":{"rendered":"Blogue des parents (questions et r\u00e9ponses des parents)"},"content":{"rendered":"<p>C&rsquo;est un espace pour les parents!<\/p>\n<p>Posez vos questions \u00e0 lien avec l&rsquo;\u00e9cole et d&rsquo;autres parents pourront y r\u00e9pondre!<\/p>\n","protected":false},"excerpt":{"rendered":"<p>C&rsquo;est un espace pour les parents! Posez vos questions \u00e0 lien avec l&rsquo;\u00e9cole et d&rsquo;autres parents pourront y r\u00e9pondre!<\/p>\n","protected":false},"author":5,"featured_media":0,"parent":0,"menu_order":0,"comment_status":"open","ping_status":"closed","template":"","meta":[],"_links":{"self":[{"href":"https:\/\/classesbranchees.csf.bc.ca\/lapasserelle\/wp-json\/wp\/v2\/pages\/836"}],"collection":[{"href":"https:\/\/classesbranchees.csf.bc.ca\/lapasserelle\/wp-json\/wp\/v2\/pages"}],"about":[{"href":"https:\/\/classesbranchees.csf.bc.ca\/lapasserelle\/wp-json\/wp\/v2\/types\/page"}],"author":[{"embeddable":true,"href":"https:\/\/classesbranchees.csf.bc.ca\/lapasserelle\/wp-json\/wp\/v2\/users\/5"}],"replies":[{"embeddable":true,"href":"https:\/\/classesbranchees.csf.bc.ca\/lapasserelle\/wp-json\/wp\/v2\/comments?post=836"}],"version-history":[{"count":3,"href":"https:\/\/classesbranchees.csf.bc.ca\/lapasserelle\/wp-json\/wp\/v2\/pages\/836\/revisions"}],"predecessor-version":[{"id":840,"href":"https:\/\/classesbranchees.csf.bc.ca\/lapasserelle\/wp-json\/wp\/v2\/pages\/836\/revisions\/840"}],"wp:attachment":[{"href":"https:\/\/classesbranchees.csf.bc.ca\/lapasserelle\/wp-json\/wp\/v2\/media?parent=836"}],"curies":[{"name":"wp","href":"https:\/\/api.w.org\/{rel}","templated":true}]}}