{"id":626,"date":"2014-05-20T17:05:06","date_gmt":"2014-05-21T00:05:06","guid":{"rendered":"http:\/\/classesbranchees.csf.bc.ca\/lapasserelle\/?page_id=626"},"modified":"2016-10-05T16:35:14","modified_gmt":"2016-10-05T23:35:14","slug":"mois-doctobre","status":"publish","type":"page","link":"https:\/\/classesbranchees.csf.bc.ca\/lapasserelle\/mois-doctobre\/","title":{"rendered":"Mois d&rsquo;octobre"},"content":{"rendered":"<p>Bonjour \u00e0 tous,<\/p>\n<p>J&rsquo;esp\u00e8re que vous passez un excellent d\u00e9but d&rsquo;ann\u00e9e! Pour le mois d&rsquo;octobre voici les th\u00e8mes que nous allons voir en classe.<\/p>\n<p><strong>En fran\u00e7ais:<\/strong><\/p>\n<p>-Structure du paragraphe<\/p>\n<p>-La prosodie ( le rythme , l&rsquo;intonation, le d\u00e9bit et le volume)<\/p>\n<p>-L&rsquo;encha\u00eenement logique des phrases et des id\u00e9es<\/p>\n<p><strong>En math\u00e9matique:<\/strong><\/p>\n<p>L&rsquo;ordre des op\u00e9rations, les multiples, les nombres, les multiplications et les divisions.<\/p>\n<p><strong>En sciences:<\/strong><\/p>\n<p>Nous terminons les lois de Newton et la loi de la gravit\u00e9<\/p>\n<p><strong>En sciences humaines:<\/strong><\/p>\n<p>Les origines anthropologiques de l&rsquo;\u00eatre humain.<\/p>\n<p><strong>En \u00e9ducation physique<\/strong><\/p>\n<p>Les principes de marquage et de d\u00e9marquage en sports collectifs.<\/p>\n<p><strong>En Musique<\/strong><\/p>\n<p>Nous commen\u00e7ons le UKUL\u00c9L\u00c9<\/p>\n<p><strong>En Art:<\/strong><\/p>\n<p>Techniques d&rsquo; aquarelle, sculpture de citrouilles&#8230;<\/p>\n<p>&nbsp;<\/p>\n<p>Nous passons un excellent d\u00e9but d&rsquo;ann\u00e9e, je vous souhaite un magnifique mois d&rsquo;octobre!<\/p>\n<p>M.Jo\u00ebl<\/p>\n<p>&nbsp;<\/p>\n<p>&nbsp;<\/p>\n<p>&nbsp;<\/p>\n","protected":false},"excerpt":{"rendered":"<p>Bonjour \u00e0 tous, J&rsquo;esp\u00e8re que vous passez un excellent d\u00e9but d&rsquo;ann\u00e9e! Pour le mois d&rsquo;octobre voici les th\u00e8mes que nous allons voir en classe. En fran\u00e7ais: -Structure du paragraphe -La prosodie ( le rythme , l&rsquo;intonation, le d\u00e9bit et le volume) -L&rsquo;encha\u00eenement logique des phrases et des id\u00e9es En math\u00e9matique: L&rsquo;ordre des op\u00e9rations, les multiples, &hellip; <a href=\"https:\/\/classesbranchees.csf.bc.ca\/lapasserelle\/mois-doctobre\/\" class=\"more-link\">Continuer la lecture de <span class=\"screen-reader-text\">Mois d&rsquo;octobre<\/span> <span class=\"meta-nav\">&rarr;<\/span><\/a><\/p>\n","protected":false},"author":5,"featured_media":0,"parent":0,"menu_order":0,"comment_status":"closed","ping_status":"closed","template":"","meta":[],"_links":{"self":[{"href":"https:\/\/classesbranchees.csf.bc.ca\/lapasserelle\/wp-json\/wp\/v2\/pages\/626"}],"collection":[{"href":"https:\/\/classesbranchees.csf.bc.ca\/lapasserelle\/wp-json\/wp\/v2\/pages"}],"about":[{"href":"https:\/\/classesbranchees.csf.bc.ca\/lapasserelle\/wp-json\/wp\/v2\/types\/page"}],"author":[{"embeddable":true,"href":"https:\/\/classesbranchees.csf.bc.ca\/lapasserelle\/wp-json\/wp\/v2\/users\/5"}],"replies":[{"embeddable":true,"href":"https:\/\/classesbranchees.csf.bc.ca\/lapasserelle\/wp-json\/wp\/v2\/comments?post=626"}],"version-history":[{"count":13,"href":"https:\/\/classesbranchees.csf.bc.ca\/lapasserelle\/wp-json\/wp\/v2\/pages\/626\/revisions"}],"predecessor-version":[{"id":1386,"href":"https:\/\/classesbranchees.csf.bc.ca\/lapasserelle\/wp-json\/wp\/v2\/pages\/626\/revisions\/1386"}],"wp:attachment":[{"href":"https:\/\/classesbranchees.csf.bc.ca\/lapasserelle\/wp-json\/wp\/v2\/media?parent=626"}],"curies":[{"name":"wp","href":"https:\/\/api.w.org\/{rel}","templated":true}]}}