{"id":439,"date":"2014-05-20T10:54:02","date_gmt":"2014-05-20T17:54:02","guid":{"rendered":"http:\/\/classesbranchees.csf.bc.ca\/lapasserelle\/?page_id=439"},"modified":"2016-09-12T21:04:00","modified_gmt":"2016-09-13T04:04:00","slug":"information-de-la-semaine-m-1e","status":"publish","type":"page","link":"https:\/\/classesbranchees.csf.bc.ca\/lapasserelle\/information-de-la-semaine-m-1e\/","title":{"rendered":"Information de la semaine (M-1e)"},"content":{"rendered":"<p>Bonjour \u00e0 tous! C\u2019est avec grand plaisir que je d\u00e9bute l\u2019ann\u00e9e scolaire avec votre enfant en maternelle et premi\u00e8re ann\u00e9e, accompagn\u00e9e de Mme Marie-\u00c8ve comme aide p\u00e9dagogique.<\/p>\n<p><strong>Voici un bref aper\u00e7u de l\u2019ann\u00e9e scolaire 2016-2017<\/strong><\/p>\n<p>Tout d\u2019abord, sachez que notre \u00e9cole se conformera au nouveau programme d\u2019\u00e9tudes de la Colombie-Britannique. Vous retrouverez de plus amples informations sur les objectifs et les comp\u00e9tences \u00e0 l\u2019adresse suivante\u00a0: <a href=\"https:\/\/curriculum.gov.bc.ca\/curriculum\">https:\/\/curriculum.gov.bc.ca\/curriculum<\/a>.<\/p>\n<p>Avec les maternelles, nous travaillerons avec le programme La for\u00eat de l\u2019alphabet. <em>La for\u00eat de l\u2019alphabet est un programme de pr\u00e9vention universelle, anim\u00e9 par l\u2019enseignante,\u00a0visant \u00e0 favoriser la r\u00e9ussite des premiers apprentissages en litt\u00e9ratie. Il s\u2019adresse aux\u00a0enfants de la maternelle 5 ans.\u00a0Pr\u00e9sent\u00e9 sous forme d\u2019activit\u00e9s ludiques, il s\u2019inscrit en compl\u00e9mentarit\u00e9 avec les activit\u00e9s habituelles de la maternelle.<\/em><\/p>\n<p>Avec les premi\u00e8res ann\u00e9es, nous poursuivons avec Les superh\u00e9ros de l\u2019orthographe.<\/p>\n<p>Madame Emmanuelle sera en classe le mardi de 11h05 \u00e0 13h40 pour les sciences. La p\u00e9riode de biblioth\u00e8que sera le mardi matin. Merci de bien retourner les livres emprunt\u00e9s avant cette journ\u00e9e.<\/p>\n<p>Le moment pr\u00e9vu pour la p\u00e9riode d\u2019\u00e9ducation physique reste \u00e0 confirmer.<\/p>\n<p>N\u2019oubliez pas de pr\u00e9parer un sac de v\u00eatements de rechange pour votre enfant au cas o\u00f9 il y aurait un petit accident.<\/p>\n<p>Nous encourageons les \u00e9l\u00e8ves de l\u2019\u00e9cole La Passerelle \u00e0 avoir une bo\u00eete \u00e0 d\u00eener sans d\u00e9chet. Ceci se veut un petit geste pour l\u2019environnement et vise \u00e0 sensibiliser les jeunes \u00e0 prot\u00e9ger notre plan\u00e8te. Essayez, dans la mesure du possible, de faire l\u2019usage de contenants r\u00e9utilisables.<\/p>\n<p>Un programme de lecture sera mis sur pied d\u00e8s la deuxi\u00e8me semaine de classe. \u00c0 cet effet, je vous encourage \u00e0 prendre un moment \u00e0 chaque soir pour lire le petit livre avec votre enfant. Parlez ensemble des images, du vocabulaire, des personnages\u2026 Votre enfant pourra \u00e9galement faire l\u2019appr\u00e9ciation du livre en indiquant un petit bonhomme sourire s\u2019il a appr\u00e9ci\u00e9 le livre ou triste s\u2019il ne l\u2019a pas aim\u00e9. Pour me permettre de savoir si le livre a \u00e9t\u00e9 lu, je vous demanderais votre signature \u00e0 c\u00f4t\u00e9 du titre du livre.<\/p>\n<p>Merci de retourner l\u2019agenda, le programme de lecture et le duo-tang d\u2019\u00e9tude \u00e0 tous les jours. Madame Marie-\u00c8ve v\u00e9rifie les agendas \u00e0 tous les matins et note les messages importants. S\u2019il y a un changement dans les autobus ou si vous venez chercher votre enfant, merci de bien vouloir l\u2019indiquer dans l\u2019agenda. Je ferai \u00e9galement l\u2019\u00e9valuation du comportement apr\u00e8s chaque journ\u00e9e de classe. Ceci se fera sous forme de petit bonhomme rouge, jaune ou vert dans l\u2019agenda. Si votre enfant a un jaune ou un rouge, je laisserai une petite note pour en expliquer la raison. Ceci se veut plus comme un suivi entre vous et moi concernant votre enfant.<\/p>\n<p>Je communiquerai avec vous dans les prochaines semaines lors de la mise en place des ateliers. Un parent b\u00e9n\u00e9vole est toujours aidant lors de la p\u00e9riode des ateliers. Je vous enverrai les plages horaires o\u00f9 j\u2019aurai besoin d\u2019un parent et ceux parmi vous qui seront disponibles, vous pourrez inscrire votre nom. Par ailleurs, nous aurons besoin de b\u00e9n\u00e9voles lors de certaines sorties \u00e0 d\u2019autres moments de l\u2019ann\u00e9e.<\/p>\n<p>Je serai disponible apr\u00e8s les heures de classe si vous d\u00e9sirez me rencontrer. Il serait appr\u00e9ci\u00e9 que vous me contactiez pour prendre rendez-vous.<\/p>\n<p>Le d\u00e9but d\u2019une ann\u00e9e scolaire avec des touts petits requiert beaucoup d\u2019organisation. J\u2019esp\u00e8re que nous pourrons tous travailler dans un esprit de collaboration et ce, pour le meilleur d\u00e9veloppement de votre enfant.<\/p>\n<p>Merci,<\/p>\n<p>Bonne ann\u00e9e scolaire\u00a0!<\/p>\n<p>Madame Claudia<\/p>\n","protected":false},"excerpt":{"rendered":"<p>Bonjour \u00e0 tous! C\u2019est avec grand plaisir que je d\u00e9bute l\u2019ann\u00e9e scolaire avec votre enfant en maternelle et premi\u00e8re ann\u00e9e, accompagn\u00e9e de Mme Marie-\u00c8ve comme aide p\u00e9dagogique. Voici un bref aper\u00e7u de l\u2019ann\u00e9e scolaire 2016-2017 Tout d\u2019abord, sachez que notre \u00e9cole se conformera au nouveau programme d\u2019\u00e9tudes de la Colombie-Britannique. Vous retrouverez de plus amples &hellip; <a href=\"https:\/\/classesbranchees.csf.bc.ca\/lapasserelle\/information-de-la-semaine-m-1e\/\" class=\"more-link\">Continuer la lecture de <span class=\"screen-reader-text\">Information de la semaine (M-1e)<\/span> <span class=\"meta-nav\">&rarr;<\/span><\/a><\/p>\n","protected":false},"author":5,"featured_media":0,"parent":0,"menu_order":0,"comment_status":"closed","ping_status":"closed","template":"","meta":[],"_links":{"self":[{"href":"https:\/\/classesbranchees.csf.bc.ca\/lapasserelle\/wp-json\/wp\/v2\/pages\/439"}],"collection":[{"href":"https:\/\/classesbranchees.csf.bc.ca\/lapasserelle\/wp-json\/wp\/v2\/pages"}],"about":[{"href":"https:\/\/classesbranchees.csf.bc.ca\/lapasserelle\/wp-json\/wp\/v2\/types\/page"}],"author":[{"embeddable":true,"href":"https:\/\/classesbranchees.csf.bc.ca\/lapasserelle\/wp-json\/wp\/v2\/users\/5"}],"replies":[{"embeddable":true,"href":"https:\/\/classesbranchees.csf.bc.ca\/lapasserelle\/wp-json\/wp\/v2\/comments?post=439"}],"version-history":[{"count":3,"href":"https:\/\/classesbranchees.csf.bc.ca\/lapasserelle\/wp-json\/wp\/v2\/pages\/439\/revisions"}],"predecessor-version":[{"id":1324,"href":"https:\/\/classesbranchees.csf.bc.ca\/lapasserelle\/wp-json\/wp\/v2\/pages\/439\/revisions\/1324"}],"wp:attachment":[{"href":"https:\/\/classesbranchees.csf.bc.ca\/lapasserelle\/wp-json\/wp\/v2\/media?parent=439"}],"curies":[{"name":"wp","href":"https:\/\/api.w.org\/{rel}","templated":true}]}}