{"id":428,"date":"2014-05-20T10:39:13","date_gmt":"2014-05-20T17:39:13","guid":{"rendered":"http:\/\/classesbranchees.csf.bc.ca\/lapasserelle\/?page_id=428"},"modified":"2014-10-30T15:56:24","modified_gmt":"2014-10-30T22:56:24","slug":"formulaires","status":"publish","type":"page","link":"https:\/\/classesbranchees.csf.bc.ca\/lapasserelle\/formulaires\/","title":{"rendered":"Formulaires"},"content":{"rendered":"<p>Voici les diff\u00e9rents formulaires D&rsquo;\u00c9COLE envoy\u00e9s \u00e0 la maison jusqu&rsquo;\u00e0 ce jour<\/p>\n<p>(veuillez consulter l&rsquo;enseignant de votre enfant pour les formulaires de CLASSE):<\/p>\n","protected":false},"excerpt":{"rendered":"<p>Voici les diff\u00e9rents formulaires D&rsquo;\u00c9COLE envoy\u00e9s \u00e0 la maison jusqu&rsquo;\u00e0 ce jour (veuillez consulter l&rsquo;enseignant de votre enfant pour les formulaires de CLASSE):<\/p>\n","protected":false},"author":5,"featured_media":0,"parent":0,"menu_order":0,"comment_status":"closed","ping_status":"closed","template":"","meta":[],"_links":{"self":[{"href":"https:\/\/classesbranchees.csf.bc.ca\/lapasserelle\/wp-json\/wp\/v2\/pages\/428"}],"collection":[{"href":"https:\/\/classesbranchees.csf.bc.ca\/lapasserelle\/wp-json\/wp\/v2\/pages"}],"about":[{"href":"https:\/\/classesbranchees.csf.bc.ca\/lapasserelle\/wp-json\/wp\/v2\/types\/page"}],"author":[{"embeddable":true,"href":"https:\/\/classesbranchees.csf.bc.ca\/lapasserelle\/wp-json\/wp\/v2\/users\/5"}],"replies":[{"embeddable":true,"href":"https:\/\/classesbranchees.csf.bc.ca\/lapasserelle\/wp-json\/wp\/v2\/comments?post=428"}],"version-history":[{"count":4,"href":"https:\/\/classesbranchees.csf.bc.ca\/lapasserelle\/wp-json\/wp\/v2\/pages\/428\/revisions"}],"predecessor-version":[{"id":719,"href":"https:\/\/classesbranchees.csf.bc.ca\/lapasserelle\/wp-json\/wp\/v2\/pages\/428\/revisions\/719"}],"wp:attachment":[{"href":"https:\/\/classesbranchees.csf.bc.ca\/lapasserelle\/wp-json\/wp\/v2\/media?parent=428"}],"curies":[{"name":"wp","href":"https:\/\/api.w.org\/{rel}","templated":true}]}}