{"id":422,"date":"2014-05-20T10:27:28","date_gmt":"2014-05-20T17:27:28","guid":{"rendered":"http:\/\/classesbranchees.csf.bc.ca\/lapasserelle\/?page_id=422"},"modified":"2015-05-27T09:03:54","modified_gmt":"2015-05-27T16:03:54","slug":"assemblee-decole","status":"publish","type":"page","link":"https:\/\/classesbranchees.csf.bc.ca\/lapasserelle\/assemblee-decole\/","title":{"rendered":"Assembl\u00e9e d&rsquo;\u00e9cole"},"content":{"rendered":"<p>Dates pr\u00e9vues pour la prochaine assembl\u00e9e:<\/p>\n<p>Photos des assembl\u00e9es pass\u00e9es:<\/p>\n","protected":false},"excerpt":{"rendered":"<p>Dates pr\u00e9vues pour la prochaine assembl\u00e9e: Photos des assembl\u00e9es pass\u00e9es:<\/p>\n","protected":false},"author":5,"featured_media":0,"parent":0,"menu_order":0,"comment_status":"closed","ping_status":"closed","template":"","meta":[],"_links":{"self":[{"href":"https:\/\/classesbranchees.csf.bc.ca\/lapasserelle\/wp-json\/wp\/v2\/pages\/422"}],"collection":[{"href":"https:\/\/classesbranchees.csf.bc.ca\/lapasserelle\/wp-json\/wp\/v2\/pages"}],"about":[{"href":"https:\/\/classesbranchees.csf.bc.ca\/lapasserelle\/wp-json\/wp\/v2\/types\/page"}],"author":[{"embeddable":true,"href":"https:\/\/classesbranchees.csf.bc.ca\/lapasserelle\/wp-json\/wp\/v2\/users\/5"}],"replies":[{"embeddable":true,"href":"https:\/\/classesbranchees.csf.bc.ca\/lapasserelle\/wp-json\/wp\/v2\/comments?post=422"}],"version-history":[{"count":3,"href":"https:\/\/classesbranchees.csf.bc.ca\/lapasserelle\/wp-json\/wp\/v2\/pages\/422\/revisions"}],"predecessor-version":[{"id":970,"href":"https:\/\/classesbranchees.csf.bc.ca\/lapasserelle\/wp-json\/wp\/v2\/pages\/422\/revisions\/970"}],"wp:attachment":[{"href":"https:\/\/classesbranchees.csf.bc.ca\/lapasserelle\/wp-json\/wp\/v2\/media?parent=422"}],"curies":[{"name":"wp","href":"https:\/\/api.w.org\/{rel}","templated":true}]}}