{"id":402,"date":"2014-05-20T10:16:40","date_gmt":"2014-05-20T17:16:40","guid":{"rendered":"http:\/\/classesbranchees.csf.bc.ca\/lapasserelle\/?page_id=402"},"modified":"2014-10-30T15:19:21","modified_gmt":"2014-10-30T22:19:21","slug":"informations-de-la-secretaire","status":"publish","type":"page","link":"https:\/\/classesbranchees.csf.bc.ca\/lapasserelle\/informations-de-la-secretaire\/","title":{"rendered":"Informations de la secr\u00e9taire"},"content":{"rendered":"<p>Dans cet espace, vous avez acc\u00e8s aux <a title=\"Formulaires\" href=\"http:\/\/classesbranchees.csf.bc.ca\/lapasserelle\/formulaires\/\">formulaires d&rsquo;\u00e9cole<\/a>, \u00a0aux diff\u00e9rents <a title=\"Contacts\" href=\"http:\/\/classesbranchees.csf.bc.ca\/lapasserelle\/contacts\/\">contacts<\/a> ainsi qu&rsquo;\u00e0 la <a title=\"Liste du personnel\" href=\"http:\/\/classesbranchees.csf.bc.ca\/lapasserelle\/liste-du-personnel\/\">liste du personnel<\/a> de l&rsquo;\u00c9cole La Passerelle.<\/p>\n","protected":false},"excerpt":{"rendered":"<p>Dans cet espace, vous avez acc\u00e8s aux formulaires d&rsquo;\u00e9cole, \u00a0aux diff\u00e9rents contacts ainsi qu&rsquo;\u00e0 la liste du personnel de l&rsquo;\u00c9cole La Passerelle.<\/p>\n","protected":false},"author":5,"featured_media":0,"parent":0,"menu_order":0,"comment_status":"closed","ping_status":"closed","template":"","meta":[],"_links":{"self":[{"href":"https:\/\/classesbranchees.csf.bc.ca\/lapasserelle\/wp-json\/wp\/v2\/pages\/402"}],"collection":[{"href":"https:\/\/classesbranchees.csf.bc.ca\/lapasserelle\/wp-json\/wp\/v2\/pages"}],"about":[{"href":"https:\/\/classesbranchees.csf.bc.ca\/lapasserelle\/wp-json\/wp\/v2\/types\/page"}],"author":[{"embeddable":true,"href":"https:\/\/classesbranchees.csf.bc.ca\/lapasserelle\/wp-json\/wp\/v2\/users\/5"}],"replies":[{"embeddable":true,"href":"https:\/\/classesbranchees.csf.bc.ca\/lapasserelle\/wp-json\/wp\/v2\/comments?post=402"}],"version-history":[{"count":5,"href":"https:\/\/classesbranchees.csf.bc.ca\/lapasserelle\/wp-json\/wp\/v2\/pages\/402\/revisions"}],"predecessor-version":[{"id":644,"href":"https:\/\/classesbranchees.csf.bc.ca\/lapasserelle\/wp-json\/wp\/v2\/pages\/402\/revisions\/644"}],"wp:attachment":[{"href":"https:\/\/classesbranchees.csf.bc.ca\/lapasserelle\/wp-json\/wp\/v2\/media?parent=402"}],"curies":[{"name":"wp","href":"https:\/\/api.w.org\/{rel}","templated":true}]}}