{"id":400,"date":"2014-05-20T10:16:27","date_gmt":"2014-05-20T17:16:27","guid":{"rendered":"http:\/\/classesbranchees.csf.bc.ca\/lapasserelle\/?page_id=400"},"modified":"2016-12-14T11:56:25","modified_gmt":"2016-12-14T19:56:25","slug":"informations-de-la-direction","status":"publish","type":"page","link":"https:\/\/classesbranchees.csf.bc.ca\/lapasserelle\/informations-de-la-direction\/","title":{"rendered":"Informations de la direction"},"content":{"rendered":"<p>Mission \/ Vision de l&rsquo;\u00e9cole<\/p>\n<p>&nbsp;<\/p>\n<p>Cet espace vous permet d&rsquo;avoir acc\u00e8s aux <a href=\"http:\/\/classesbranchees.csf.bc.ca\/lapasserelle\/echo-des-montagnes\/\">consignes<\/a> ainsi qu&rsquo;aux <a title=\"Assembl\u00e9e d\u2019\u00e9cole\" href=\"http:\/\/classesbranchees.csf.bc.ca\/lapasserelle\/assemblee-decole\/\">dates d&rsquo;assembl\u00e9e<\/a>.<\/p>\n","protected":false},"excerpt":{"rendered":"<p>Mission \/ Vision de l&rsquo;\u00e9cole &nbsp; Cet espace vous permet d&rsquo;avoir acc\u00e8s aux consignes ainsi qu&rsquo;aux dates d&rsquo;assembl\u00e9e.<\/p>\n","protected":false},"author":5,"featured_media":0,"parent":0,"menu_order":0,"comment_status":"closed","ping_status":"closed","template":"","meta":[],"_links":{"self":[{"href":"https:\/\/classesbranchees.csf.bc.ca\/lapasserelle\/wp-json\/wp\/v2\/pages\/400"}],"collection":[{"href":"https:\/\/classesbranchees.csf.bc.ca\/lapasserelle\/wp-json\/wp\/v2\/pages"}],"about":[{"href":"https:\/\/classesbranchees.csf.bc.ca\/lapasserelle\/wp-json\/wp\/v2\/types\/page"}],"author":[{"embeddable":true,"href":"https:\/\/classesbranchees.csf.bc.ca\/lapasserelle\/wp-json\/wp\/v2\/users\/5"}],"replies":[{"embeddable":true,"href":"https:\/\/classesbranchees.csf.bc.ca\/lapasserelle\/wp-json\/wp\/v2\/comments?post=400"}],"version-history":[{"count":7,"href":"https:\/\/classesbranchees.csf.bc.ca\/lapasserelle\/wp-json\/wp\/v2\/pages\/400\/revisions"}],"predecessor-version":[{"id":1488,"href":"https:\/\/classesbranchees.csf.bc.ca\/lapasserelle\/wp-json\/wp\/v2\/pages\/400\/revisions\/1488"}],"wp:attachment":[{"href":"https:\/\/classesbranchees.csf.bc.ca\/lapasserelle\/wp-json\/wp\/v2\/media?parent=400"}],"curies":[{"name":"wp","href":"https:\/\/api.w.org\/{rel}","templated":true}]}}