{"id":380,"date":"2014-05-20T10:10:43","date_gmt":"2014-05-20T17:10:43","guid":{"rendered":"http:\/\/classesbranchees.csf.bc.ca\/lapasserelle\/?page_id=380"},"modified":"2016-09-21T15:15:40","modified_gmt":"2016-09-21T22:15:40","slug":"classe-de-1-2-3e","status":"publish","type":"page","link":"https:\/\/classesbranchees.csf.bc.ca\/lapasserelle\/classe-de-1-2-3e\/","title":{"rendered":"Ce n&rsquo;est pas un myst\u00e8re&#8230;ce sera une ann\u00e9e extraordinaire!"},"content":{"rendered":"<p style=\"text-align: center\"><strong>2016-2017 sera l&rsquo;ann\u00e9e des enqu\u00eateurs<br \/>\n<\/strong><\/p>\n<p style=\"text-align: center\">Mme Lucie et Mme Jasmine sont enchant\u00e9es de partager le quotidien des \u00e9l\u00e8ves de la classe de 2-3e ann\u00e9e. Pr\u00eats \u00e0 suivre la bonne piste, d\u00e9tectives?<\/p>\n","protected":false},"excerpt":{"rendered":"<p>2016-2017 sera l&rsquo;ann\u00e9e des enqu\u00eateurs Mme Lucie et Mme Jasmine sont enchant\u00e9es de partager le quotidien des \u00e9l\u00e8ves de la classe de 2-3e ann\u00e9e. Pr\u00eats \u00e0 suivre la bonne piste, d\u00e9tectives?<\/p>\n","protected":false},"author":5,"featured_media":0,"parent":0,"menu_order":0,"comment_status":"closed","ping_status":"closed","template":"","meta":[],"_links":{"self":[{"href":"https:\/\/classesbranchees.csf.bc.ca\/lapasserelle\/wp-json\/wp\/v2\/pages\/380"}],"collection":[{"href":"https:\/\/classesbranchees.csf.bc.ca\/lapasserelle\/wp-json\/wp\/v2\/pages"}],"about":[{"href":"https:\/\/classesbranchees.csf.bc.ca\/lapasserelle\/wp-json\/wp\/v2\/types\/page"}],"author":[{"embeddable":true,"href":"https:\/\/classesbranchees.csf.bc.ca\/lapasserelle\/wp-json\/wp\/v2\/users\/5"}],"replies":[{"embeddable":true,"href":"https:\/\/classesbranchees.csf.bc.ca\/lapasserelle\/wp-json\/wp\/v2\/comments?post=380"}],"version-history":[{"count":11,"href":"https:\/\/classesbranchees.csf.bc.ca\/lapasserelle\/wp-json\/wp\/v2\/pages\/380\/revisions"}],"predecessor-version":[{"id":1334,"href":"https:\/\/classesbranchees.csf.bc.ca\/lapasserelle\/wp-json\/wp\/v2\/pages\/380\/revisions\/1334"}],"wp:attachment":[{"href":"https:\/\/classesbranchees.csf.bc.ca\/lapasserelle\/wp-json\/wp\/v2\/media?parent=380"}],"curies":[{"name":"wp","href":"https:\/\/api.w.org\/{rel}","templated":true}]}}