{"id":358,"date":"2014-05-20T10:04:54","date_gmt":"2014-05-20T17:04:54","guid":{"rendered":"http:\/\/classesbranchees.csf.bc.ca\/lapasserelle\/?page_id=358"},"modified":"2016-09-21T15:53:40","modified_gmt":"2016-09-21T22:53:40","slug":"mois-de-septembre-1-2-3e","status":"publish","type":"page","link":"https:\/\/classesbranchees.csf.bc.ca\/lapasserelle\/mois-de-septembre-1-2-3e\/","title":{"rendered":"Mois de septembre (2-3e)"},"content":{"rendered":"<p style=\"text-align: center\"><strong>Informations importantes pour les parents:<\/strong><\/p>\n<p style=\"text-align: justify\"><strong>T\u00e2ches des enseignantes\u00a0<\/strong>: Cette ann\u00e9e, la classe sera partag\u00e9e \u00e0 mi-temps entre Mmes Lucie et Jasmine.<\/p>\n<p style=\"text-align: justify\">Mme Lucie sera en classe \u00e0 tous les lundis, mardis et mercredis (avant-midi). Elle enseignera principalement le fran\u00e7ais lecture, les math\u00e9matiques, les sciences,\u00a0 l\u2019\u00e9ducation physique et l&rsquo;art dramatique. Mme Jasmine sera en charge les mercredis (apr\u00e8s-midi) ainsi que les jeudis et vendredis. Elle enseignera le fran\u00e7ais \u00e9crit, les math\u00e9matiques, les sciences humaines, l\u2019art visuel et l\u2019\u00e9ducation \u00e0 la carri\u00e8re.<\/p>\n<p style=\"text-align: justify\">La musique et la danse seront enseign\u00e9s, le jeudi, par M. Jo\u00ebl. Mme Val\u00e9rie, aide-p\u00e9dagogique, sera \u00e9galement des n\u00f4tres, quelques heures par semaine, pour soutenir les \u00e9l\u00e8ves dans leur apprentissage et r\u00e9pondre \u00e0 leurs besoins individuels.<\/p>\n<p style=\"text-align: justify\"><strong>Planification annuelle\u00a0:<\/strong> veuillez noter que nous baserons notre enseignement sur les comp\u00e9tences et les objectifs d\u00e9finis par le nouveau curriculum du minist\u00e8re de l\u2019\u00e9ducation de la Colombie-Britannique. Vous pouvez consulter ce document en ligne \u00e0 l\u2019adresse suivante\u00a0: <a href=\"https:\/\/curriculum.gov.bc.ca\/curriculum\">https:\/\/curriculum.gov.bc.ca\/curriculum<\/a>.<\/p>\n<p style=\"text-align: justify\"><strong>Bulletin d\u2019informations\u00a0: <\/strong>Une fois par mois, nous publierons un bulletin d\u2019informations qui vous permettra de connaitre les th\u00e8mes travaill\u00e9s, les activit\u00e9s en cours ainsi que les \u00e9v\u00e8nements sp\u00e9ciaux. Vous pourrez acc\u00e9der \u00e0 ce document en ligne ce site sous l\u2019onglet espace des classes, en s\u00e9lectionnant \u00ab\u00a0classe de 2-3<sup>e<\/sup> ann\u00e9e\u00a0\u00bb et le mois correspondant \u00e0 votre choix . Merci de lire attentivement cette communication!<\/p>\n<p style=\"text-align: justify\"><strong>Programme de lecture\u00a0: <\/strong>Les \u00e9l\u00e8ves sont fortement encourager \u00e0 lire en fran\u00e7ais pendant 20 minutes \u00e0 tous les soirs. Afin de lire des histoires \u00e0 leur pointure, ils doivent emprunter les livres d\u00e9sign\u00e9s par le programme de lecture et remplir, \u00e0 l\u2019occasion, une fiche de compr\u00e9hension. L\u2019\u00e9l\u00e8ve avance \u00e0 son rythme dans le programme de lecture. Bien qu\u2019il soit essentiel que vous accompagniez votre enfant pendant la lecture, il doit parvenir \u00e0 lire par lui-m\u00eame les livres choisis avec fluidit\u00e9. Nous l\u2019encourageons \u00e0 faire des relectures du m\u00eame livre afin qu\u2019il gagne fluidit\u00e9, assurance et fiert\u00e9!<\/p>\n<p style=\"text-align: justify\">Les \u00e9l\u00e8ves ont une liste de mots \u00e0 orthographier \u00e0 chaque semaine. Ils doivent lire les mots avec fluidit\u00e9, mais surtout m\u00e9moriser leur orthographe par le biais de diff\u00e9rentes activit\u00e9s ludiques. Ils travailleront ces mots et des strat\u00e9gies d&rsquo;\u00e9tude \u00e0 tous les jours en classe. Toutefois, si vous voulez en faire davantage \u00e0 la maison, vous pouvez \u00e9tudier et r\u00e9viser l&rsquo;\u00e9criture de ces mots par diff\u00e9rentes activit\u00e9s de votre choix.<\/p>\n<p style=\"text-align: justify\">Veuillez noter que votre enfant pourra, \u00e0 l&rsquo;occasion, \u00eatre amen\u00e9 \u00e0 terminer des travaux non compl\u00e9t\u00e9s \u00e0 la maison.<\/p>\n<p style=\"text-align: justify\"><strong>Boite \u00e0 diner\u00a0<\/strong>: nous conscientisons les \u00e9l\u00e8ves \u00e0 r\u00e9duire leur empreinte \u00e9cologique. Merci d\u2019envoyer, dans la mesure du possible, des boites \u00e0 diner sans d\u00e9chet, de r\u00e9utiliser les sacs ou les contenants puis de recycler les emballages de plastique.<\/p>\n<p style=\"text-align: justify\"><strong>Fran\u00e7ais en classe<\/strong>: nous parlons toujours en fran\u00e7ais dans la classe. Nous demandons ainsi aux parents lorsqu\u2019ils entrent dans l\u2019espace francophone d\u2019essayer de parler en fran\u00e7ais le plus possible. Merci de votre collaboration.<\/p>\n<p style=\"text-align: justify\"><strong>Agenda et retards\u00a0: <\/strong>l\u2019agenda doit \u00eatre lu et sign\u00e9 \u00e0 tous les soirs. Merci de v\u00e9rifier les correspondances, car l\u2019agenda est l\u2019un des outils de communication \u00e0 la base d\u2019une bonne relation! Les enseignantes y \u00e9criront un message au besoin. Si votre enfant est en retard, il faut passer par le secr\u00e9tariat. L\u2019\u00e9cole commence \u00e0 8h25. Merci d\u2019\u00e9viter les retards, car ils nuisent au bon fonctionnement de la classe. Si vous devez venir chercher votre enfant plus t\u00f4t, veuillez nous en aviser par l\u2019agenda.<\/p>\n<p style=\"text-align: justify\"><strong>Livres de biblioth\u00e8que<\/strong> : nous aimerions que votre enfant rapporte ses livres de biblioth\u00e8que \u00e0 tous les lundis. De cette fa\u00e7on, il pourra emprunter de nouveaux livres le mardi lors de la p\u00e9riode d&rsquo;\u00e9change pr\u00e9vue \u00e0 l&rsquo;horaire.<\/p>\n<p style=\"text-align: justify\"><strong>F<\/strong><strong>\u00eates\u00a0<\/strong>: nous aimerions vous demander de ne pas apporter les cartes d\u2019invitation de f\u00eate afin de les distribuer dans la classe \u00e0 moins que vous n\u2019invitiez toute la classe!<\/p>\n<p style=\"text-align: justify\"><strong>Rencontres\u00a0:<\/strong> il est important de prendre rendez-vous avec nous. Nous sommes disponibles les lundis, mercredis et vendredis apr\u00e8s l\u2019\u00e9cole. Merci de venir nous rencontrer en fin de journ\u00e9e seulement entre 14h45 et 15h30.<\/p>\n<p style=\"text-align: justify\"><strong>Implication des parents\u00a0<\/strong>: nous aurons certainement besoin de votre implication pour diff\u00e9rents projets en cours d\u2019ann\u00e9e. Merci de nous faire part de votre int\u00e9r\u00eat et vos disponibilit\u00e9s. Tous les parents int\u00e9ress\u00e9s \u00e0 faire du b\u00e9n\u00e9volat dans la classe ou durant une sortie de classe doivent se procurer un rapport d\u2019ant\u00e9c\u00e9dent judiciaire et un dossier de conduite automobile.<\/p>\n<p style=\"text-align: justify\"><strong>Objets perdus et trouv\u00e9s\u00a0<\/strong>: n\u2019oubliez pas de v\u00e9rifier les boites d\u2019objets perdus et trouv\u00e9s. Chaque boite se trouve au cot\u00e9 de l\u2019ascenseur \u00e0 chaque plancher.<\/p>\n<p><strong>\u00a0Merci de votre collaboration!<\/strong><\/p>\n","protected":false},"excerpt":{"rendered":"<p>Informations importantes pour les parents: T\u00e2ches des enseignantes\u00a0: Cette ann\u00e9e, la classe sera partag\u00e9e \u00e0 mi-temps entre Mmes Lucie et Jasmine. Mme Lucie sera en classe \u00e0 tous les lundis, mardis et mercredis (avant-midi). Elle enseignera principalement le fran\u00e7ais lecture, les math\u00e9matiques, les sciences,\u00a0 l\u2019\u00e9ducation physique et l&rsquo;art dramatique. Mme Jasmine sera en charge les &hellip; <a href=\"https:\/\/classesbranchees.csf.bc.ca\/lapasserelle\/mois-de-septembre-1-2-3e\/\" class=\"more-link\">Continuer la lecture de <span class=\"screen-reader-text\">Mois de septembre (2-3e)<\/span> <span class=\"meta-nav\">&rarr;<\/span><\/a><\/p>\n","protected":false},"author":5,"featured_media":0,"parent":0,"menu_order":0,"comment_status":"closed","ping_status":"closed","template":"","meta":[],"_links":{"self":[{"href":"https:\/\/classesbranchees.csf.bc.ca\/lapasserelle\/wp-json\/wp\/v2\/pages\/358"}],"collection":[{"href":"https:\/\/classesbranchees.csf.bc.ca\/lapasserelle\/wp-json\/wp\/v2\/pages"}],"about":[{"href":"https:\/\/classesbranchees.csf.bc.ca\/lapasserelle\/wp-json\/wp\/v2\/types\/page"}],"author":[{"embeddable":true,"href":"https:\/\/classesbranchees.csf.bc.ca\/lapasserelle\/wp-json\/wp\/v2\/users\/5"}],"replies":[{"embeddable":true,"href":"https:\/\/classesbranchees.csf.bc.ca\/lapasserelle\/wp-json\/wp\/v2\/comments?post=358"}],"version-history":[{"count":8,"href":"https:\/\/classesbranchees.csf.bc.ca\/lapasserelle\/wp-json\/wp\/v2\/pages\/358\/revisions"}],"predecessor-version":[{"id":1344,"href":"https:\/\/classesbranchees.csf.bc.ca\/lapasserelle\/wp-json\/wp\/v2\/pages\/358\/revisions\/1344"}],"wp:attachment":[{"href":"https:\/\/classesbranchees.csf.bc.ca\/lapasserelle\/wp-json\/wp\/v2\/media?parent=358"}],"curies":[{"name":"wp","href":"https:\/\/api.w.org\/{rel}","templated":true}]}}