{"id":314,"date":"2014-05-20T09:58:02","date_gmt":"2014-05-20T16:58:02","guid":{"rendered":"http:\/\/classesbranchees.csf.bc.ca\/lapasserelle\/?page_id=314"},"modified":"2017-05-24T10:28:03","modified_gmt":"2017-05-24T17:28:03","slug":"mois-de-mai-4-5e","status":"publish","type":"page","link":"https:\/\/classesbranchees.csf.bc.ca\/lapasserelle\/mois-de-mai-4-5e\/","title":{"rendered":"Mois de mai (4-5e)"},"content":{"rendered":"<p><strong>Les informations du 24 au 31 mai\u00a02017<\/strong><\/p>\n<p>\u00c0 faire pour mercredi le 31 mai : lire 100 min. (et signer dans l&rsquo;agenda le temps lu) +\u00a0compl\u00e9ter le rapport de lecture #10<\/p>\n<p><span style=\"text-decoration: underline\"><strong>29 mai au 2 juin = BIKE TO SCHOOL WEEK!!!!!!<\/strong><\/span><\/p>\n<p>31 mai = remettre ses lectures sign\u00e9es +\u00a0remettre son rapport de lecture #10, ses cubes et ses 4 photos pour le concours #8 de lecture.<\/p>\n<p>31 mai = chili au lieu du vendredi<\/p>\n<p>2 juin = cong\u00e9 pour les \u00e9l\u00e8ves<\/p>\n<p>SVP consulter le calendrier pour les dates importantes.<\/p>\n<p><strong>Th\u00e8mes pr\u00e9vus pour ce mois-ci:<\/strong><\/p>\n<ul>\n<li>Math : La g\u00e9om\u00e9trie<\/li>\n<li>Fran\u00e7ais : Terminer la l\u00e9gende \/ d\u00e9buter la po\u00e9sie<\/li>\n<li>Sant\u00e9 et carri\u00e8re : Les bons mots, les bonnes actions<\/li>\n<li>Science : terminer la biodiversit\u00e9 \/ commencer les roches et min\u00e9raux<\/li>\n<li>Art: Chili Thom (mosa\u00efque et palette de couleurs)<\/li>\n<li>Musique et danse : guitare et atelier de danse avec Mme Annick<\/li>\n<li>\u00c9ducation physique : athl\u00e9tisme\u00a0et danse<\/li>\n<li>Science humaine: \u00e0 venir<\/li>\n<li>Anglais: biographie et connecteurs<\/li>\n<\/ul>\n<p><strong>\u00c9v\u00e9nements sp\u00e9ciaux:<\/strong><\/p>\n<p>Inscriptions pour<strong><span style=\"text-decoration: underline\"> les courses de v\u00e9lo<\/span> <\/strong>pour les 4 \u00e0 7e ann\u00e9e sont ouvertes ! Voir le courriel envoy\u00e9 aux parents (premiers arriv\u00e9s, premiers servis!)<\/p>\n<p>Inscriptions aux <strong><span style=\"text-decoration: underline\">pratiques de v\u00e9lo<\/span><\/strong> les mardis apr\u00e8s l&rsquo;\u00e9cole ont \u00e9t\u00e9 envoy\u00e9es.<\/p>\n","protected":false},"excerpt":{"rendered":"<p>Les informations du 24 au 31 mai\u00a02017 \u00c0 faire pour mercredi le 31 mai : lire 100 min. (et signer dans l&rsquo;agenda le temps lu) +\u00a0compl\u00e9ter le rapport de lecture #10 29 mai au 2 juin = BIKE TO SCHOOL WEEK!!!!!! 31 mai = remettre ses lectures sign\u00e9es +\u00a0remettre son rapport de lecture #10, ses &hellip; <a href=\"https:\/\/classesbranchees.csf.bc.ca\/lapasserelle\/mois-de-mai-4-5e\/\" class=\"more-link\">Continuer la lecture de <span class=\"screen-reader-text\">Mois de mai (4-5e)<\/span> <span class=\"meta-nav\">&rarr;<\/span><\/a><\/p>\n","protected":false},"author":5,"featured_media":0,"parent":0,"menu_order":0,"comment_status":"closed","ping_status":"closed","template":"","meta":[],"_links":{"self":[{"href":"https:\/\/classesbranchees.csf.bc.ca\/lapasserelle\/wp-json\/wp\/v2\/pages\/314"}],"collection":[{"href":"https:\/\/classesbranchees.csf.bc.ca\/lapasserelle\/wp-json\/wp\/v2\/pages"}],"about":[{"href":"https:\/\/classesbranchees.csf.bc.ca\/lapasserelle\/wp-json\/wp\/v2\/types\/page"}],"author":[{"embeddable":true,"href":"https:\/\/classesbranchees.csf.bc.ca\/lapasserelle\/wp-json\/wp\/v2\/users\/5"}],"replies":[{"embeddable":true,"href":"https:\/\/classesbranchees.csf.bc.ca\/lapasserelle\/wp-json\/wp\/v2\/comments?post=314"}],"version-history":[{"count":17,"href":"https:\/\/classesbranchees.csf.bc.ca\/lapasserelle\/wp-json\/wp\/v2\/pages\/314\/revisions"}],"predecessor-version":[{"id":1565,"href":"https:\/\/classesbranchees.csf.bc.ca\/lapasserelle\/wp-json\/wp\/v2\/pages\/314\/revisions\/1565"}],"wp:attachment":[{"href":"https:\/\/classesbranchees.csf.bc.ca\/lapasserelle\/wp-json\/wp\/v2\/media?parent=314"}],"curies":[{"name":"wp","href":"https:\/\/api.w.org\/{rel}","templated":true}]}}