{"id":312,"date":"2014-05-20T09:57:51","date_gmt":"2014-05-20T16:57:51","guid":{"rendered":"http:\/\/classesbranchees.csf.bc.ca\/lapasserelle\/?page_id=312"},"modified":"2017-04-26T12:36:51","modified_gmt":"2017-04-26T19:36:51","slug":"mois-davril-4-5e","status":"publish","type":"page","link":"https:\/\/classesbranchees.csf.bc.ca\/lapasserelle\/mois-davril-4-5e\/","title":{"rendered":"Mois d&rsquo;avril (4-5e)"},"content":{"rendered":"<p><strong>Les informations du 26 au \u00a03 mai 2017<\/strong><\/p>\n<div><strong>T\u00e2ches des \u00e9l\u00e8ves pour le 26 avril<\/strong>\u00a0= \u00a0lire 100 min en fran\u00e7ais (signer sur leur feuille jaune de D\u00e9fi #7) + remplir tous les coupons\u00a0pour le d\u00e9fi de lecture #7 + terminer de colorier sa roue de multiplications (tout en \u00e9tudiant les x de 1 \u00e0 12)<\/div>\n<div><\/div>\n<div>\n<div>Le jeudi 27 avril= atelier de l&rsquo;infirmi\u00e8re<\/div>\n<div>Le vendredi 28 avril = atelier avec une olympienne + un biologiste<\/div>\n<\/div>\n<div>Pour mercredi le 3 mai= dict\u00e9e de multiplications 1 \u00e0 12\u00a0+ remettre ses lectures et ses\u00a0coupons de mots<\/div>\n<div><\/div>\n<p>&nbsp;<\/p>\n<div><strong>\u00c9v\u00e9nement sp\u00e9cial :<\/strong>\u00a0&#8211;<\/div>\n<p>&nbsp;<\/p>\n<div>\n<div><strong>Th\u00e8mes pr\u00e9vus pour ce mois-ci:<\/strong><\/div>\n<\/div>\n<ul>\n<li>\n<div>Fran\u00e7ais : la l\u00e9gende, le sch\u00e9ma narratif, le sch\u00e9ma actanciel, les inf\u00e9rences<\/div>\n<\/li>\n<li>\n<div>Math\u00e9matiques: les d\u00e9cimaux, la g\u00e9om\u00e9trie\u00a0et la r\u00e9solution de probl\u00e8mes<\/div>\n<\/li>\n<li>\n<div>Anglais : \u00e9pellation, grammaire, projet \u00abUne nuit au mus\u00e9e\u00bb (biographie\/figures historiques)<\/div>\n<\/li>\n<li>\n<div>Science et projet autonome : la conception, la biologie en C.-B., la recherche participative<\/div>\n<\/li>\n<li>\n<div>Science humaine : le commerce de la fourrure<\/div>\n<\/li>\n<li>\n<div>Art : hommage \u00e0 Chili Thom, tricot avec Juliette et danse autochtone<\/div>\n<\/li>\n<li>Musique: la guitare<\/li>\n<li>\n<div>\u00c9ducation physique:\u00a0le judo et jeux collectifs<\/div>\n<\/li>\n<li>\n<div>Sant\u00e9 : pubert\u00e9 et questions relatives (ateliers de l&rsquo;infirmi\u00e8re)<\/div>\n<\/li>\n<\/ul>\n","protected":false},"excerpt":{"rendered":"<p>Les informations du 26 au \u00a03 mai 2017 T\u00e2ches des \u00e9l\u00e8ves pour le 26 avril\u00a0= \u00a0lire 100 min en fran\u00e7ais (signer sur leur feuille jaune de D\u00e9fi #7) + remplir tous les coupons\u00a0pour le d\u00e9fi de lecture #7 + terminer de colorier sa roue de multiplications (tout en \u00e9tudiant les x de 1 \u00e0 12) &hellip; <a href=\"https:\/\/classesbranchees.csf.bc.ca\/lapasserelle\/mois-davril-4-5e\/\" class=\"more-link\">Continuer la lecture de <span class=\"screen-reader-text\">Mois d&rsquo;avril (4-5e)<\/span> <span class=\"meta-nav\">&rarr;<\/span><\/a><\/p>\n","protected":false},"author":5,"featured_media":0,"parent":0,"menu_order":0,"comment_status":"closed","ping_status":"closed","template":"","meta":[],"_links":{"self":[{"href":"https:\/\/classesbranchees.csf.bc.ca\/lapasserelle\/wp-json\/wp\/v2\/pages\/312"}],"collection":[{"href":"https:\/\/classesbranchees.csf.bc.ca\/lapasserelle\/wp-json\/wp\/v2\/pages"}],"about":[{"href":"https:\/\/classesbranchees.csf.bc.ca\/lapasserelle\/wp-json\/wp\/v2\/types\/page"}],"author":[{"embeddable":true,"href":"https:\/\/classesbranchees.csf.bc.ca\/lapasserelle\/wp-json\/wp\/v2\/users\/5"}],"replies":[{"embeddable":true,"href":"https:\/\/classesbranchees.csf.bc.ca\/lapasserelle\/wp-json\/wp\/v2\/comments?post=312"}],"version-history":[{"count":14,"href":"https:\/\/classesbranchees.csf.bc.ca\/lapasserelle\/wp-json\/wp\/v2\/pages\/312\/revisions"}],"predecessor-version":[{"id":1552,"href":"https:\/\/classesbranchees.csf.bc.ca\/lapasserelle\/wp-json\/wp\/v2\/pages\/312\/revisions\/1552"}],"wp:attachment":[{"href":"https:\/\/classesbranchees.csf.bc.ca\/lapasserelle\/wp-json\/wp\/v2\/media?parent=312"}],"curies":[{"name":"wp","href":"https:\/\/api.w.org\/{rel}","templated":true}]}}