{"id":308,"date":"2014-05-20T09:57:27","date_gmt":"2014-05-20T16:57:27","guid":{"rendered":"http:\/\/classesbranchees.csf.bc.ca\/lapasserelle\/?page_id=308"},"modified":"2017-02-22T19:52:43","modified_gmt":"2017-02-23T03:52:43","slug":"mois-de-fevrier-4-5e","status":"publish","type":"page","link":"https:\/\/classesbranchees.csf.bc.ca\/lapasserelle\/mois-de-fevrier-4-5e\/","title":{"rendered":"Mois de f\u00e9vrier (4-5e)"},"content":{"rendered":"<p><strong>Les informations du 23 au 29 f\u00e9vrier\u00a02017<\/strong><\/p>\n<ul>\n<li>Lire et signer 80 minutes (en fran\u00e7ais)<\/li>\n<li>Lecture pour l&rsquo;anglais (RLC)<\/li>\n<li>Trouver puis apporter son costume pour la pi\u00e8ce de th\u00e9\u00e2tre (ex: chemise \u00e0 carreaux, robes des ann\u00e9es 1800, etc.) \/ demander \u00e0 Mme Isabelle des d\u00e9tails au besoin\u00a0<a href=\"&#x6d;&#97;i&#x6c;&#x74;&#111;:&#x69;&#115;a&#x62;&#x65;&#108;l&#x65;&#95;d&#x75;&#x72;&#105;v&#x61;&#x67;&#101;&#x40;&#x63;&#115;f&#x2e;&#x62;&#99;&#46;&#x63;&#97;\">&#x69;&#x73;&#x61;&#x62;&#x65;&#x6c;&#x6c;&#x65;&#x5f;&#x64;&#x75;&#x72;&#x69;&#x76;&#x61;&#x67;&#x65;&#x40;&#x63;&#x73;&#x66;&#x2e;&#x62;&#x63;&#x2e;&#x63;&#x61;<\/a><\/li>\n<\/ul>\n<p>SVP consulter le calendrier pour les dates importantes.<\/p>\n<p><strong>Besoins:<\/strong><\/p>\n<ul>\n<li>J&rsquo;aurais besoin d&rsquo;une <span style=\"text-decoration: underline\">bo\u00eete remplie de LEGO<\/span> pour un beau projet de fractions. \u00a0Est-ce qu&rsquo;une famille fan de LEGO a de quoi partager?!<\/li>\n<li>Informer son entourage qu&rsquo;il y a aura <span style=\"text-decoration: underline\">une foire du livre le 15 mars<\/span>!<\/li>\n<\/ul>\n<p><strong>Th\u00e8mes pr\u00e9vus pour ce mois-ci:<\/strong><\/p>\n<ul>\n<li>Math : Fractions<\/li>\n<li>Fran\u00e7ais : l\u00e9gende et adverbe<\/li>\n<li>Sant\u00e9 et carri\u00e8re :\u00a0communication non-verbale<\/li>\n<li>Science : robotique et biome<\/li>\n<li>Art: comp\u00e9tences techniques (projet de ski)<\/li>\n<li>\u00c9ducation physique :\u00a0jeux collectifs et entrainement<\/li>\n<li>Science humaine: les pionniers<\/li>\n<li>Musique:\u00a0\u00e0 venir<\/li>\n<li>Anglais: \u00e0 venir<\/li>\n<\/ul>\n","protected":false},"excerpt":{"rendered":"<p>Les informations du 23 au 29 f\u00e9vrier\u00a02017 Lire et signer 80 minutes (en fran\u00e7ais) Lecture pour l&rsquo;anglais (RLC) Trouver puis apporter son costume pour la pi\u00e8ce de th\u00e9\u00e2tre (ex: chemise \u00e0 carreaux, robes des ann\u00e9es 1800, etc.) \/ demander \u00e0 Mme Isabelle des d\u00e9tails au besoin\u00a0&#105;&#x73;a&#x62;e&#108;&#x6c;&#101;&#x5f;d&#117;&#x72;&#105;&#x76;a&#x67;&#x65;&#64;&#x63;s&#x66;&#46;&#98;&#x63;&#46;&#x63;a SVP consulter le calendrier pour les dates importantes. Besoins: &hellip; <a href=\"https:\/\/classesbranchees.csf.bc.ca\/lapasserelle\/mois-de-fevrier-4-5e\/\" class=\"more-link\">Continuer la lecture de <span class=\"screen-reader-text\">Mois de f\u00e9vrier (4-5e)<\/span> <span class=\"meta-nav\">&rarr;<\/span><\/a><\/p>\n","protected":false},"author":5,"featured_media":0,"parent":0,"menu_order":0,"comment_status":"closed","ping_status":"closed","template":"","meta":[],"_links":{"self":[{"href":"https:\/\/classesbranchees.csf.bc.ca\/lapasserelle\/wp-json\/wp\/v2\/pages\/308"}],"collection":[{"href":"https:\/\/classesbranchees.csf.bc.ca\/lapasserelle\/wp-json\/wp\/v2\/pages"}],"about":[{"href":"https:\/\/classesbranchees.csf.bc.ca\/lapasserelle\/wp-json\/wp\/v2\/types\/page"}],"author":[{"embeddable":true,"href":"https:\/\/classesbranchees.csf.bc.ca\/lapasserelle\/wp-json\/wp\/v2\/users\/5"}],"replies":[{"embeddable":true,"href":"https:\/\/classesbranchees.csf.bc.ca\/lapasserelle\/wp-json\/wp\/v2\/comments?post=308"}],"version-history":[{"count":18,"href":"https:\/\/classesbranchees.csf.bc.ca\/lapasserelle\/wp-json\/wp\/v2\/pages\/308\/revisions"}],"predecessor-version":[{"id":1518,"href":"https:\/\/classesbranchees.csf.bc.ca\/lapasserelle\/wp-json\/wp\/v2\/pages\/308\/revisions\/1518"}],"wp:attachment":[{"href":"https:\/\/classesbranchees.csf.bc.ca\/lapasserelle\/wp-json\/wp\/v2\/media?parent=308"}],"curies":[{"name":"wp","href":"https:\/\/api.w.org\/{rel}","templated":true}]}}