{"id":306,"date":"2014-05-20T09:57:18","date_gmt":"2014-05-20T16:57:18","guid":{"rendered":"http:\/\/classesbranchees.csf.bc.ca\/lapasserelle\/?page_id=306"},"modified":"2017-01-30T20:08:24","modified_gmt":"2017-01-31T04:08:24","slug":"mois-de-janvier-4-5e","status":"publish","type":"page","link":"https:\/\/classesbranchees.csf.bc.ca\/lapasserelle\/mois-de-janvier-4-5e\/","title":{"rendered":"Mois de janvier (4-5e)"},"content":{"rendered":"<p style=\"text-align: center\"><span style=\"text-decoration: underline\"><strong>Les informations du 25 \u00a0au 1er f\u00e9vrier\u00a02017<\/strong><\/span><\/p>\n<p><strong>Lectures et t\u00e2ches de semaine des \u00e9l\u00e8ves:\u00a0<\/strong><\/p>\n<ul>\n<li><strong>CDR (pour mercredi) = avoir 5 signatures sur son d\u00e9fi de lecture, 80 min. de lecture sign\u00e9es et des crochets dans son agenda lorsque l&rsquo;item est fait<\/strong><\/li>\n<li>Lire en fran\u00e7ais pour avancer dans le D\u00c9FI #5 (avoir 5 signatures minimum sur sa feuille mauve)<\/li>\n<li>Faire signer\u00a0son agenda (80 min de lecture sign\u00e9e)\u00a0+ signer les d\u00e9fis<\/li>\n<li>Lire 5x (minimum)\u00a0ses mots de la liste #24<\/li>\n<li>Lire en anglais pour le\u00a0Reading Link Challenge<\/li>\n<\/ul>\n<p>&nbsp;<\/p>\n<ul>\n<li>Mercredi 1er f\u00e9vrier = dict\u00e9 #24<\/li>\n<li>****Rapporter son projet d&rsquo;art (totem) termin\u00e9 pour vendredi<\/li>\n<\/ul>\n<p><strong>\u00c9v\u00e9nements:<\/strong> SVP consulter le calendrier pour les dates importantes.<\/p>\n<p><strong>Besoins? \u00a0<\/strong><\/p>\n<ol>\n<li>J&rsquo;aurais besoin d&rsquo;un parent pour faire les achats d&rsquo;ingr\u00e9dients pour cuisiner cette semaine.<\/li>\n<li>J&rsquo;aurais besoin que tous les coupons d&rsquo;inscription \u00e0 la sortie \u00e0 Vancouver soient remis d&rsquo;ici mercredi.<\/li>\n<li>Merci !<\/li>\n<\/ol>\n<p><strong>Th\u00e8mes pr\u00e9vus pour ce mois-ci:<\/strong><\/p>\n<ul>\n<li>Math : Les fractions et les d\u00e9cimaux \/ cuisiner<\/li>\n<li>Fran\u00e7ais : Les adverbes \/ le sch\u00e9ma actantiel et narratif\/ caract\u00e9ristiques des l\u00e9gendes autochtones<\/li>\n<li>Sant\u00e9 et carri\u00e8re : Les amiti\u00e9s \/ communications<\/li>\n<li>Science : La robotique \/ tap&rsquo;touche \/ les bi\u00f4mes<\/li>\n<li>Art: L&rsquo;art traditionnel autochtone et ses caract\u00e9ristiques (yeux, lignes) \/ totems \/ Sa l\u00e9gende personnelle en totem + d\u00e9but du projet de ski recycl\u00e9<\/li>\n<li>\u00c9ducation physique : Les effets de l&rsquo;entra\u00eenement<\/li>\n<li>Science humaine: Les explorateurs \/ premiers contacts avec les premi\u00e8res nations<\/li>\n<li>Musique: la danse traditionnelle (set carr\u00e9)<\/li>\n<li>Anglais : \u00e0 venir + d\u00e9but du programme Reading Link Challenge !<\/li>\n<\/ul>\n<p>&nbsp;<\/p>\n<p>&nbsp;<\/p>\n","protected":false},"excerpt":{"rendered":"<p>Les informations du 25 \u00a0au 1er f\u00e9vrier\u00a02017 Lectures et t\u00e2ches de semaine des \u00e9l\u00e8ves:\u00a0 CDR (pour mercredi) = avoir 5 signatures sur son d\u00e9fi de lecture, 80 min. de lecture sign\u00e9es et des crochets dans son agenda lorsque l&rsquo;item est fait Lire en fran\u00e7ais pour avancer dans le D\u00c9FI #5 (avoir 5 signatures minimum sur &hellip; <a href=\"https:\/\/classesbranchees.csf.bc.ca\/lapasserelle\/mois-de-janvier-4-5e\/\" class=\"more-link\">Continuer la lecture de <span class=\"screen-reader-text\">Mois de janvier (4-5e)<\/span> <span class=\"meta-nav\">&rarr;<\/span><\/a><\/p>\n","protected":false},"author":5,"featured_media":0,"parent":0,"menu_order":0,"comment_status":"closed","ping_status":"closed","template":"","meta":[],"_links":{"self":[{"href":"https:\/\/classesbranchees.csf.bc.ca\/lapasserelle\/wp-json\/wp\/v2\/pages\/306"}],"collection":[{"href":"https:\/\/classesbranchees.csf.bc.ca\/lapasserelle\/wp-json\/wp\/v2\/pages"}],"about":[{"href":"https:\/\/classesbranchees.csf.bc.ca\/lapasserelle\/wp-json\/wp\/v2\/types\/page"}],"author":[{"embeddable":true,"href":"https:\/\/classesbranchees.csf.bc.ca\/lapasserelle\/wp-json\/wp\/v2\/users\/5"}],"replies":[{"embeddable":true,"href":"https:\/\/classesbranchees.csf.bc.ca\/lapasserelle\/wp-json\/wp\/v2\/comments?post=306"}],"version-history":[{"count":20,"href":"https:\/\/classesbranchees.csf.bc.ca\/lapasserelle\/wp-json\/wp\/v2\/pages\/306\/revisions"}],"predecessor-version":[{"id":1507,"href":"https:\/\/classesbranchees.csf.bc.ca\/lapasserelle\/wp-json\/wp\/v2\/pages\/306\/revisions\/1507"}],"wp:attachment":[{"href":"https:\/\/classesbranchees.csf.bc.ca\/lapasserelle\/wp-json\/wp\/v2\/media?parent=306"}],"curies":[{"name":"wp","href":"https:\/\/api.w.org\/{rel}","templated":true}]}}