{"id":300,"date":"2014-05-20T09:56:50","date_gmt":"2014-05-20T16:56:50","guid":{"rendered":"http:\/\/classesbranchees.csf.bc.ca\/lapasserelle\/?page_id=300"},"modified":"2016-10-27T10:14:16","modified_gmt":"2016-10-27T17:14:16","slug":"mois-doctobre-4-5e","status":"publish","type":"page","link":"https:\/\/classesbranchees.csf.bc.ca\/lapasserelle\/mois-doctobre-4-5e\/","title":{"rendered":"Mois d&rsquo;octobre (4-5e)"},"content":{"rendered":"<p>Mise \u00e0 jour le 27 octobre 2016<\/p>\n<p><strong>Lectures des \u00e9l\u00e8ves<\/strong>\u00a0(merc. le 26 oct. au \u00a02 nov.) : \u00a0Lecture d&rsquo;\u00e9quations (multiplications 4 \u00e0 6) + lecture en fran\u00e7ais (100 min. par semaine) sign\u00e9e dans l&rsquo;agenda<\/p>\n<p><strong>\u00c0 la maison :<\/strong> signature de l\u2019agenda\u00a0+ apporter ses souliers d&rsquo;int\u00e9rieur<\/p>\n<p><strong>\u00c9v\u00e9nements importants\u00a0<\/strong>:\u00a0<a href=\"http:\/\/classesbranchees.csf.bc.ca\/lapasserelle\/calendrier-decole\/\">http:\/\/classesbranchees.csf.bc.ca\/lapasserelle\/calendrier-decole\/<\/a>\u00a0\u00a0signer le portfolio pour le 4 novembre \/ Halloween le 31 oct. \/ cong\u00e9 le 4 novembre<\/p>\n<p><strong>Besoins:<\/strong>\u00a0Rien merci ! \ud83d\ude42<\/p>\n<p><strong>Club de r\u00e9compense (CDR) =<\/strong> avoir pour mercredi le 2 novembre:\u00a0avoir fait signer son agenda et inscrit le 100 min. de lecture et ses souliers d&rsquo;int\u00e9rieur<\/p>\n<p><span style=\"text-decoration: underline\"><strong>Th\u00e8mes pr\u00e9vus pour ce mois-ci:<\/strong><\/span><\/p>\n<ul>\n<li>Math :\u00a0 les grands nombres et les \u00e9quations (estimer, additionner, multiplier)<\/li>\n<li>Fran\u00e7ais : texte injonctif,\u00a0\u00a0le nom et le d\u00e9terminant<\/li>\n<li>Sant\u00e9 et carri\u00e8re :\u00a0la lecture d&rsquo;\u00e9motion !<\/li>\n<li>Science :\u00a0les diff\u00e9rents syst\u00e8mes du corps humain<\/li>\n<li>Art:\u00a0la peinture sur roche et gravure de bois<\/li>\n<li>\u00c9ducation physique : Se d\u00e9marquer\/ passes<\/li>\n<li>Science humaine: les ressources naturelles et les aventuriers\/explorateurs<\/li>\n<li>Anglais : Conte sur les animaux, collage sur nos inspirations, \u00e9pellation (maison-\u00e9cole)<\/li>\n<\/ul>\n","protected":false},"excerpt":{"rendered":"<p>Mise \u00e0 jour le 27 octobre 2016 Lectures des \u00e9l\u00e8ves\u00a0(merc. le 26 oct. au \u00a02 nov.) : \u00a0Lecture d&rsquo;\u00e9quations (multiplications 4 \u00e0 6) + lecture en fran\u00e7ais (100 min. par semaine) sign\u00e9e dans l&rsquo;agenda \u00c0 la maison : signature de l\u2019agenda\u00a0+ apporter ses souliers d&rsquo;int\u00e9rieur \u00c9v\u00e9nements importants\u00a0:\u00a0http:\/\/classesbranchees.csf.bc.ca\/lapasserelle\/calendrier-decole\/\u00a0\u00a0signer le portfolio pour le 4 novembre \/ Halloween &hellip; <a href=\"https:\/\/classesbranchees.csf.bc.ca\/lapasserelle\/mois-doctobre-4-5e\/\" class=\"more-link\">Continuer la lecture de <span class=\"screen-reader-text\">Mois d&rsquo;octobre (4-5e)<\/span> <span class=\"meta-nav\">&rarr;<\/span><\/a><\/p>\n","protected":false},"author":5,"featured_media":0,"parent":0,"menu_order":0,"comment_status":"closed","ping_status":"closed","template":"","meta":[],"_links":{"self":[{"href":"https:\/\/classesbranchees.csf.bc.ca\/lapasserelle\/wp-json\/wp\/v2\/pages\/300"}],"collection":[{"href":"https:\/\/classesbranchees.csf.bc.ca\/lapasserelle\/wp-json\/wp\/v2\/pages"}],"about":[{"href":"https:\/\/classesbranchees.csf.bc.ca\/lapasserelle\/wp-json\/wp\/v2\/types\/page"}],"author":[{"embeddable":true,"href":"https:\/\/classesbranchees.csf.bc.ca\/lapasserelle\/wp-json\/wp\/v2\/users\/5"}],"replies":[{"embeddable":true,"href":"https:\/\/classesbranchees.csf.bc.ca\/lapasserelle\/wp-json\/wp\/v2\/comments?post=300"}],"version-history":[{"count":26,"href":"https:\/\/classesbranchees.csf.bc.ca\/lapasserelle\/wp-json\/wp\/v2\/pages\/300\/revisions"}],"predecessor-version":[{"id":1435,"href":"https:\/\/classesbranchees.csf.bc.ca\/lapasserelle\/wp-json\/wp\/v2\/pages\/300\/revisions\/1435"}],"wp:attachment":[{"href":"https:\/\/classesbranchees.csf.bc.ca\/lapasserelle\/wp-json\/wp\/v2\/media?parent=300"}],"curies":[{"name":"wp","href":"https:\/\/api.w.org\/{rel}","templated":true}]}}