{"id":1612,"date":"2018-01-04T09:47:44","date_gmt":"2018-01-04T17:47:44","guid":{"rendered":"http:\/\/classesbranchees.csf.bc.ca\/lapasserelle\/?page_id=1612"},"modified":"2018-05-14T17:05:03","modified_gmt":"2018-05-15T00:05:03","slug":"classe-4-5e-annee-2018","status":"publish","type":"page","link":"https:\/\/classesbranchees.csf.bc.ca\/lapasserelle\/classe-4-5e-annee-2018\/","title":{"rendered":"Classe 4-5e ann\u00e9e (2018)"},"content":{"rendered":"<p>Mai 2018<\/p>\n<p><span style=\"text-decoration: underline\"><strong>Voici ce qui s&rsquo;en vient pour les prochaines semaines<\/strong> <\/span>:<\/p>\n<ul>\n<li>Science humaine et fran\u00e7ais :\u00a0Les syst\u00e8mes du corps humain<\/li>\n<li>Fran\u00e7ais : \u00e9criture d&rsquo;une lettre (\u00e0 la mairesse) + l&rsquo;imp\u00e9ratif<\/li>\n<li>Math\u00e9matiques\u00a0:\u00a0additions et soustractions de d\u00e9cimaux et fractions\/d\u00e9cimaux<\/li>\n<li>Art dramatique: pr\u00e9paration et audition pour une pi\u00e8ce de th\u00e9\u00e2tre Petit Prince<\/li>\n<li>Sant\u00e9\/Carri\u00e8re :\u00a0Intimidation, ouverture et st\u00e9r\u00e9otypes<\/li>\n<li>Projet autonome #1\/3, les vendredis :\u00a0<span style=\"font-weight: 400\">projet au choix de l&rsquo;\u00e9l\u00e8ve\u00a0en lien avec leur m\u00e9tier et entreprise<\/span><\/li>\n<li>\u00c9ducation physique :\u00a0auto-d\u00e9fense et jeux collaboratifs<\/li>\n<li>Lecture : 20 min par jour x 5 jours (sign\u00e9 dans l&rsquo;agenda)<\/li>\n<\/ul>\n<p><strong><span style=\"text-decoration: underline\">Nouveaut\u00e9s:<\/span><\/strong><\/p>\n<ul>\n<li>Utilisation de Fresh grade en guise de portfolio<\/li>\n<li>Le prochain th\u00e8me du concours des CHEFS est\u00a0\u00ables salades estivales\u00bb !<\/li>\n<li>Camp d&rsquo;\u00e9t\u00e9 pour les filles nomm\u00e9e\u00a0Summer Camp- Howe Sound Women&rsquo;s Center-Whistler July 3-6, 2018<\/li>\n<\/ul>\n<p><strong><span style=\"text-decoration: underline\">Dates importantes : <\/span><\/strong><\/p>\n<p>15 = auto-d\u00e9fense \/ 16 mai = photo d&rsquo;\u00e9cole et de classe \/ 21 mai = cong\u00e9 \/ 22 mai = g\u00e9n\u00e9rale pour la rencontre avec la mairesse \/ 23 mai = conseil municipal avec la mairesse (tout le monde est invit\u00e9, 9h30-10h30) \/ 25 mai = spectacle du th\u00e9\u00e2tre de la 16e + d\u00eener d&rsquo;appr\u00e9ciation des enseignants \/ 29 mai = sortie \u00e0 Science World \/ 30 = Sortie \u00e0 Pemberton,\u00a0 olympiades \/ 31 mai = spectacle de th\u00e9\u00e2tre La Passerelle<\/p>\n<p><span style=\"text-decoration: underline\"><strong>T\u00e2ches parents-\u00e9l\u00e8ves:<\/strong><\/span><\/p>\n<ul>\n<li>Signer les lectures (min. de 100 min.\/sem.) et l&rsquo;agenda 1x\/sem. (v\u00e9rifications les mercredis)<\/li>\n<li>Travailler ses mots, ses d\u00e9fis ou ses multiplications \u00e0 l&rsquo;aide de son duotang vert selon vos besoins<\/li>\n<\/ul>\n","protected":false},"excerpt":{"rendered":"<p>Mai 2018 Voici ce qui s&rsquo;en vient pour les prochaines semaines : Science humaine et fran\u00e7ais :\u00a0Les syst\u00e8mes du corps humain Fran\u00e7ais : \u00e9criture d&rsquo;une lettre (\u00e0 la mairesse) + l&rsquo;imp\u00e9ratif Math\u00e9matiques\u00a0:\u00a0additions et soustractions de d\u00e9cimaux et fractions\/d\u00e9cimaux Art dramatique: pr\u00e9paration et audition pour une pi\u00e8ce de th\u00e9\u00e2tre Petit Prince Sant\u00e9\/Carri\u00e8re :\u00a0Intimidation, ouverture et st\u00e9r\u00e9otypes &hellip; <a href=\"https:\/\/classesbranchees.csf.bc.ca\/lapasserelle\/classe-4-5e-annee-2018\/\" class=\"more-link\">Continuer la lecture de <span class=\"screen-reader-text\">Classe 4-5e ann\u00e9e (2018)<\/span> <span class=\"meta-nav\">&rarr;<\/span><\/a><\/p>\n","protected":false},"author":5,"featured_media":0,"parent":0,"menu_order":0,"comment_status":"closed","ping_status":"closed","template":"","meta":[],"_links":{"self":[{"href":"https:\/\/classesbranchees.csf.bc.ca\/lapasserelle\/wp-json\/wp\/v2\/pages\/1612"}],"collection":[{"href":"https:\/\/classesbranchees.csf.bc.ca\/lapasserelle\/wp-json\/wp\/v2\/pages"}],"about":[{"href":"https:\/\/classesbranchees.csf.bc.ca\/lapasserelle\/wp-json\/wp\/v2\/types\/page"}],"author":[{"embeddable":true,"href":"https:\/\/classesbranchees.csf.bc.ca\/lapasserelle\/wp-json\/wp\/v2\/users\/5"}],"replies":[{"embeddable":true,"href":"https:\/\/classesbranchees.csf.bc.ca\/lapasserelle\/wp-json\/wp\/v2\/comments?post=1612"}],"version-history":[{"count":13,"href":"https:\/\/classesbranchees.csf.bc.ca\/lapasserelle\/wp-json\/wp\/v2\/pages\/1612\/revisions"}],"predecessor-version":[{"id":1632,"href":"https:\/\/classesbranchees.csf.bc.ca\/lapasserelle\/wp-json\/wp\/v2\/pages\/1612\/revisions\/1632"}],"wp:attachment":[{"href":"https:\/\/classesbranchees.csf.bc.ca\/lapasserelle\/wp-json\/wp\/v2\/media?parent=1612"}],"curies":[{"name":"wp","href":"https:\/\/api.w.org\/{rel}","templated":true}]}}