{"id":1569,"date":"2017-06-01T21:07:21","date_gmt":"2017-06-02T04:07:21","guid":{"rendered":"http:\/\/classesbranchees.csf.bc.ca\/lapasserelle\/?page_id=1569"},"modified":"2017-06-15T10:14:31","modified_gmt":"2017-06-15T17:14:31","slug":"juin-4-5e","status":"publish","type":"page","link":"https:\/\/classesbranchees.csf.bc.ca\/lapasserelle\/juin-4-5e\/","title":{"rendered":"juin (4-5e)"},"content":{"rendered":"<header class=\"entry-header\"><\/header>\n<p>&nbsp;<\/p>\n<p><strong>\u00c0 faire :<\/strong><\/p>\n<p>Lire\u00a0(et signer) 80 min. de lecture + se pr\u00e9parer pour le cercle de lecture (partie #3)<\/p>\n<p>S&rsquo;inscrire \u00e0 la course de v\u00e9lo WORCA (4-7e ann\u00e9e) du 22 juin organis\u00e9e par Wei Tien (La Passerelle, 7e ann\u00e9e)!<\/p>\n<p style=\"text-align: justify\"><strong>Dates importantes :<\/strong><\/p>\n<p style=\"text-align: justify\">18 juin = f\u00eate des p\u00e8res \/ 19 juin = c\u00e9r\u00e9monie de fin d&rsquo;ann\u00e9e de l&rsquo;\u00c9cole La Passerelle \/ 21 juin = sortie aquarium+mus\u00e9e de la police \/ 22 juin = sortie de fin d&rsquo;ann\u00e9e de l&rsquo;AP\u00c9 + course de v\u00e9lo (toonie race) pour les 4-7e ann\u00e9e \/ 23 juin = fun day<\/p>\n<p style=\"text-align: justify\">\/\/\/\/\/\/\/*** Veuillez prendre en note que la sortie qui \u00e9tait pr\u00e9vue pour le 7 mars (\u00e0 l&rsquo;aquarium + mus\u00e9e de la police) est report\u00e9e au 21 juin 2017. \u00a0SI VOUS NE D\u00c9SIREZ PLUS QUE VOTRE ENFANT Y PARTICIPE, vous devez m&rsquo;\u00e9crire un courriel \u00e0 <a href=\"&#109;&#x61;&#105;&#x6c;t&#x6f;:&#109;&#x69;&#114;&#x65;i&#x6c;l&#101;&#x5f;&#116;&#x75;r&#x63;o&#116;&#x74;&#101;&#x40;c&#x73;f&#46;&#x62;&#99;&#x2e;c&#x61;\">&#109;i&#x72;e&#x69;l&#x6c;e&#x5f;t&#x75;r&#x63;&#111;&#x74;&#116;&#x65;&#64;&#x63;&#115;&#x66;&#46;&#x62;&#99;&#x2e;&#99;a<\/a>\u00a0AVANT LE 20 JUIN.<\/p>\n<p style=\"text-align: justify\"><strong>D\u00c9TAILS de la sortie: <\/strong><\/p>\n<ul>\n<li style=\"text-align: justify\">Date : le 21 juin<\/li>\n<li style=\"text-align: justify\">D\u00e9part de l&rsquo;\u00e9cole \u00e0 8h (avant l&rsquo;arriv\u00e9e des autobus)<\/li>\n<li style=\"text-align: justify\">Retour : nous partirons de Vancouver vers 15h et nous devrions arriver \u00e0 l&rsquo;\u00e9cole vers 16h30-17h<\/li>\n<li style=\"text-align: justify\">Chaque enfant devra partir avec ses parents \u00e0 moins que vous m&rsquo;ayez donn\u00e9 une note \u00e9crite et sign\u00e9e AVANT la sortie<\/li>\n<li style=\"text-align: justify\">Mat\u00e9riel: petit sac l\u00e9ger dans lequel il y aura un d\u00eener froid, 2 collations et une bouteille d&rsquo;eau<\/li>\n<\/ul>\n<p style=\"text-align: justify\"><strong>Th\u00e8mes pr\u00e9vus pour ce mois-ci:<\/strong><\/p>\n<ul>\n<li style=\"text-align: justify\">Math : g\u00e9om\u00e9trie et divisions<\/li>\n<li style=\"text-align: justify\">Fran\u00e7ais : po\u00e9sie<\/li>\n<li style=\"text-align: justify\">Sant\u00e9 et carri\u00e8re : collaboration, situation d&rsquo;urgence<\/li>\n<li style=\"text-align: justify\">Science : les roches et min\u00e9raux<\/li>\n<li style=\"text-align: justify\">Art: f\u00eate des p\u00e8res<\/li>\n<li style=\"text-align: justify\">\u00c9ducation physique : danse et jeux<\/li>\n<li style=\"text-align: justify\">Science humaine: \u00e0 venir<\/li>\n<li style=\"text-align: justify\">Anglais: \u00e0 venir<\/li>\n<\/ul>\n<p>&nbsp;<\/p>\n<p>Photos du camping :<\/p>\n<p><a href=\"http:\/\/classesbranchees.csf.bc.ca\/lapasserelle\/juin-4-5e\/attachment\/img_8098\/\" rel=\"attachment wp-att-1576\"><br \/>\n<\/a> <a href=\"http:\/\/classesbranchees.csf.bc.ca\/lapasserelle\/juin-4-5e\/attachment\/img_8104\/\" rel=\"attachment wp-att-1577\"><img loading=\"lazy\" class=\"aligncenter size-medium wp-image-1577\" src=\"http:\/\/classesbranchees.csf.bc.ca\/lapasserelle\/wp-content\/uploads\/sites\/3\/IMG_8104.jpg\" alt=\"IMG_8104\" width=\"300\" height=\"225\" \/><\/a> <a href=\"http:\/\/classesbranchees.csf.bc.ca\/lapasserelle\/juin-4-5e\/attachment\/img_8107\/\" rel=\"attachment wp-att-1578\"><img loading=\"lazy\" class=\"aligncenter size-medium wp-image-1578\" src=\"http:\/\/classesbranchees.csf.bc.ca\/lapasserelle\/wp-content\/uploads\/sites\/3\/IMG_8107.jpg\" alt=\"IMG_8107\" width=\"300\" height=\"225\" \/><\/a> <a href=\"http:\/\/classesbranchees.csf.bc.ca\/lapasserelle\/juin-4-5e\/attachment\/img_8113\/\" rel=\"attachment wp-att-1579\"><img loading=\"lazy\" class=\"aligncenter size-medium wp-image-1579\" src=\"http:\/\/classesbranchees.csf.bc.ca\/lapasserelle\/wp-content\/uploads\/sites\/3\/IMG_8113.jpg\" alt=\"IMG_8113\" width=\"300\" height=\"225\" \/><\/a> <a href=\"http:\/\/classesbranchees.csf.bc.ca\/lapasserelle\/juin-4-5e\/attachment\/img_8119\/\" rel=\"attachment wp-att-1581\"><img loading=\"lazy\" class=\"aligncenter size-medium wp-image-1581\" src=\"http:\/\/classesbranchees.csf.bc.ca\/lapasserelle\/wp-content\/uploads\/sites\/3\/IMG_8119.jpg\" alt=\"IMG_8119\" width=\"300\" height=\"225\" \/><\/a> <a href=\"http:\/\/classesbranchees.csf.bc.ca\/lapasserelle\/juin-4-5e\/attachment\/img_8124\/\" rel=\"attachment wp-att-1582\"><img loading=\"lazy\" class=\"aligncenter size-medium wp-image-1582\" src=\"http:\/\/classesbranchees.csf.bc.ca\/lapasserelle\/wp-content\/uploads\/sites\/3\/IMG_8124.jpg\" alt=\"IMG_8124\" width=\"300\" height=\"225\" \/><\/a> <a href=\"http:\/\/classesbranchees.csf.bc.ca\/lapasserelle\/juin-4-5e\/attachment\/img_8132\/\" rel=\"attachment wp-att-1583\"><img loading=\"lazy\" class=\"aligncenter size-medium wp-image-1583\" src=\"http:\/\/classesbranchees.csf.bc.ca\/lapasserelle\/wp-content\/uploads\/sites\/3\/IMG_8132.jpg\" alt=\"IMG_8132\" width=\"300\" height=\"225\" \/><\/a><a href=\"http:\/\/classesbranchees.csf.bc.ca\/lapasserelle\/juin-4-5e\/attachment\/img_6582\/\" rel=\"attachment wp-att-1585\"><img loading=\"lazy\" class=\"aligncenter size-medium wp-image-1585\" src=\"http:\/\/classesbranchees.csf.bc.ca\/lapasserelle\/wp-content\/uploads\/sites\/3\/IMG_6582.jpg\" alt=\"IMG_6582\" width=\"300\" height=\"225\" \/><\/a><\/p>\n<p><a href=\"http:\/\/classesbranchees.csf.bc.ca\/lapasserelle\/juin-4-5e\/attachment\/img_6585\/\" rel=\"attachment wp-att-1588\"><img loading=\"lazy\" class=\"aligncenter wp-image-1576 \" src=\"http:\/\/classesbranchees.csf.bc.ca\/lapasserelle\/wp-content\/uploads\/sites\/3\/IMG_8098.jpg\" alt=\"IMG_8098\" width=\"372\" height=\"279\" \/><img loading=\"lazy\" class=\"aligncenter size-medium wp-image-1588\" src=\"http:\/\/classesbranchees.csf.bc.ca\/lapasserelle\/wp-content\/uploads\/sites\/3\/IMG_6585.jpg\" alt=\"IMG_6585\" width=\"300\" height=\"225\" \/><\/a><a href=\"http:\/\/classesbranchees.csf.bc.ca\/lapasserelle\/juin-4-5e\/attachment\/img_6586\/\" rel=\"attachment wp-att-1589\"><img loading=\"lazy\" class=\"aligncenter size-medium wp-image-1589\" src=\"http:\/\/classesbranchees.csf.bc.ca\/lapasserelle\/wp-content\/uploads\/sites\/3\/IMG_6586.jpg\" alt=\"IMG_6586\" width=\"300\" height=\"225\" \/><\/a><a href=\"http:\/\/classesbranchees.csf.bc.ca\/lapasserelle\/juin-4-5e\/attachment\/img_6587\/\" rel=\"attachment wp-att-1590\"><img loading=\"lazy\" class=\"aligncenter size-medium wp-image-1590\" src=\"http:\/\/classesbranchees.csf.bc.ca\/lapasserelle\/wp-content\/uploads\/sites\/3\/IMG_6587.jpg\" alt=\"IMG_6587\" width=\"300\" height=\"225\" \/><\/a><a href=\"http:\/\/classesbranchees.csf.bc.ca\/lapasserelle\/juin-4-5e\/attachment\/img_6588\/\" rel=\"attachment wp-att-1591\"><img loading=\"lazy\" class=\"aligncenter size-medium wp-image-1591\" src=\"http:\/\/classesbranchees.csf.bc.ca\/lapasserelle\/wp-content\/uploads\/sites\/3\/IMG_6588.jpg\" alt=\"IMG_6588\" width=\"300\" height=\"225\" \/><\/a><a href=\"http:\/\/classesbranchees.csf.bc.ca\/lapasserelle\/juin-4-5e\/attachment\/img_6589\/\" rel=\"attachment wp-att-1592\"><img loading=\"lazy\" class=\"aligncenter size-medium wp-image-1592\" src=\"http:\/\/classesbranchees.csf.bc.ca\/lapasserelle\/wp-content\/uploads\/sites\/3\/IMG_6589.jpg\" alt=\"IMG_6589\" width=\"300\" height=\"225\" \/><\/a><a href=\"http:\/\/classesbranchees.csf.bc.ca\/lapasserelle\/juin-4-5e\/attachment\/img_6591\/\" rel=\"attachment wp-att-1594\"><img loading=\"lazy\" class=\"aligncenter size-medium wp-image-1594\" src=\"http:\/\/classesbranchees.csf.bc.ca\/lapasserelle\/wp-content\/uploads\/sites\/3\/IMG_6591.jpg\" alt=\"IMG_6591\" width=\"300\" height=\"225\" \/><\/a><a href=\"http:\/\/classesbranchees.csf.bc.ca\/lapasserelle\/juin-4-5e\/attachment\/img_6592\/\" rel=\"attachment wp-att-1595\"><img loading=\"lazy\" class=\"aligncenter size-full wp-image-1595\" src=\"http:\/\/classesbranchees.csf.bc.ca\/lapasserelle\/wp-content\/uploads\/sites\/3\/IMG_6592.jpg\" alt=\"IMG_6592\" width=\"2048\" height=\"1536\" \/><\/a><\/p>\n","protected":false},"excerpt":{"rendered":"<p>&nbsp; \u00c0 faire : Lire\u00a0(et signer) 80 min. de lecture + se pr\u00e9parer pour le cercle de lecture (partie #3) S&rsquo;inscrire \u00e0 la course de v\u00e9lo WORCA (4-7e ann\u00e9e) du 22 juin organis\u00e9e par Wei Tien (La Passerelle, 7e ann\u00e9e)! Dates importantes : 18 juin = f\u00eate des p\u00e8res \/ 19 juin = c\u00e9r\u00e9monie de &hellip; <a href=\"https:\/\/classesbranchees.csf.bc.ca\/lapasserelle\/juin-4-5e\/\" class=\"more-link\">Continuer la lecture de <span class=\"screen-reader-text\">juin (4-5e)<\/span> <span class=\"meta-nav\">&rarr;<\/span><\/a><\/p>\n","protected":false},"author":5,"featured_media":0,"parent":0,"menu_order":0,"comment_status":"closed","ping_status":"closed","template":"","meta":[],"_links":{"self":[{"href":"https:\/\/classesbranchees.csf.bc.ca\/lapasserelle\/wp-json\/wp\/v2\/pages\/1569"}],"collection":[{"href":"https:\/\/classesbranchees.csf.bc.ca\/lapasserelle\/wp-json\/wp\/v2\/pages"}],"about":[{"href":"https:\/\/classesbranchees.csf.bc.ca\/lapasserelle\/wp-json\/wp\/v2\/types\/page"}],"author":[{"embeddable":true,"href":"https:\/\/classesbranchees.csf.bc.ca\/lapasserelle\/wp-json\/wp\/v2\/users\/5"}],"replies":[{"embeddable":true,"href":"https:\/\/classesbranchees.csf.bc.ca\/lapasserelle\/wp-json\/wp\/v2\/comments?post=1569"}],"version-history":[{"count":7,"href":"https:\/\/classesbranchees.csf.bc.ca\/lapasserelle\/wp-json\/wp\/v2\/pages\/1569\/revisions"}],"predecessor-version":[{"id":1605,"href":"https:\/\/classesbranchees.csf.bc.ca\/lapasserelle\/wp-json\/wp\/v2\/pages\/1569\/revisions\/1605"}],"wp:attachment":[{"href":"https:\/\/classesbranchees.csf.bc.ca\/lapasserelle\/wp-json\/wp\/v2\/media?parent=1569"}],"curies":[{"name":"wp","href":"https:\/\/api.w.org\/{rel}","templated":true}]}}