{"id":139,"date":"2014-05-04T09:17:59","date_gmt":"2014-05-04T16:17:59","guid":{"rendered":"http:\/\/classesbranchees.csf.bc.ca\/lapasserelle\/?page_id=139"},"modified":"2015-08-24T14:14:23","modified_gmt":"2015-08-24T21:14:23","slug":"mois-daout-la-preparation-a-la-rentree","status":"publish","type":"page","link":"https:\/\/classesbranchees.csf.bc.ca\/lapasserelle\/mois-daout-la-preparation-a-la-rentree\/","title":{"rendered":"Mois d&rsquo;ao\u00fbt, la pr\u00e9paration \u00e0 la rentr\u00e9e!"},"content":{"rendered":"<p>C&rsquo;est bient\u00f4t la rentr\u00e9e, \u00eates-vous pr\u00eats?!<\/p>\n<p>SVP revoir la liste de mat\u00e9riel. Les couleurs de cahiers et classeurs sont importantes, elles nous aideront \u00e0 mieux nous organiser!<\/p>\n<p>Bonne rentr\u00e9e!<\/p>\n","protected":false},"excerpt":{"rendered":"<p>C&rsquo;est bient\u00f4t la rentr\u00e9e, \u00eates-vous pr\u00eats?! SVP revoir la liste de mat\u00e9riel. Les couleurs de cahiers et classeurs sont importantes, elles nous aideront \u00e0 mieux nous organiser! Bonne rentr\u00e9e!<\/p>\n","protected":false},"author":5,"featured_media":0,"parent":0,"menu_order":0,"comment_status":"closed","ping_status":"closed","template":"","meta":[],"_links":{"self":[{"href":"https:\/\/classesbranchees.csf.bc.ca\/lapasserelle\/wp-json\/wp\/v2\/pages\/139"}],"collection":[{"href":"https:\/\/classesbranchees.csf.bc.ca\/lapasserelle\/wp-json\/wp\/v2\/pages"}],"about":[{"href":"https:\/\/classesbranchees.csf.bc.ca\/lapasserelle\/wp-json\/wp\/v2\/types\/page"}],"author":[{"embeddable":true,"href":"https:\/\/classesbranchees.csf.bc.ca\/lapasserelle\/wp-json\/wp\/v2\/users\/5"}],"replies":[{"embeddable":true,"href":"https:\/\/classesbranchees.csf.bc.ca\/lapasserelle\/wp-json\/wp\/v2\/comments?post=139"}],"version-history":[{"count":6,"href":"https:\/\/classesbranchees.csf.bc.ca\/lapasserelle\/wp-json\/wp\/v2\/pages\/139\/revisions"}],"predecessor-version":[{"id":987,"href":"https:\/\/classesbranchees.csf.bc.ca\/lapasserelle\/wp-json\/wp\/v2\/pages\/139\/revisions\/987"}],"wp:attachment":[{"href":"https:\/\/classesbranchees.csf.bc.ca\/lapasserelle\/wp-json\/wp\/v2\/media?parent=139"}],"curies":[{"name":"wp","href":"https:\/\/api.w.org\/{rel}","templated":true}]}}