{"id":1366,"date":"2016-09-27T09:57:46","date_gmt":"2016-09-27T16:57:46","guid":{"rendered":"http:\/\/classesbranchees.csf.bc.ca\/lapasserelle\/?page_id=1366"},"modified":"2018-01-04T09:30:01","modified_gmt":"2018-01-04T17:30:01","slug":"defis-de-lecture-des-eleves-de-lintermediaire","status":"publish","type":"page","link":"https:\/\/classesbranchees.csf.bc.ca\/lapasserelle\/defis-de-lecture-des-eleves-de-lintermediaire\/","title":{"rendered":"D\u00e9fi de lecture de l&rsquo;interm\u00e9diaire"},"content":{"rendered":"<p><span style=\"text-decoration: underline\"><strong>Anciens d\u00e9fis de lecture\u00a0<\/strong><\/span><\/p>\n<p>Voici une copie du document de l\u2019\u00e9l\u00e8ve pour le d\u00e9fi #8\u00a0<a href=\"http:\/\/classesbranchees.csf.bc.ca\/lapasserelle\/defis-de-lecture\/attachment\/defi8_concours_photos-doc\/\" rel=\"attachment wp-att-1557\">D\u00e9fi #8 Concours de photos<\/a><\/p>\n<p><strong>D\u00e9fi #7 :<\/strong> coupons de mots pour un tirage !<\/p>\n<p><a href=\"http:\/\/classesbranchees.csf.bc.ca\/lapasserelle\/defi-de-lecture-1-septembre-octobre\/attachment\/defi-7-de-lecture_fini\/\" rel=\"attachment wp-att-1543\">D\u00e9fi #7 de lecture<\/a>\u00a0(interm\u00e9diaire), veuillez prendre la feuille de coupons SANS\u00a0les images)<\/p>\n<p><span style=\"text-decoration: underline\"><strong>D\u00e9fi #6<\/strong><\/span><\/p>\n<p><a href=\"http:\/\/classesbranchees.csf.bc.ca\/lapasserelle\/defi-de-lecture-1-septembre-octobre\/attachment\/defi-lecture-6\/\" rel=\"attachment wp-att-1520\">D\u00e9fi lecture #6<\/a>\u00a0consiste \u00e0 lire le plus de minutes possibles afin de \u00abs&rsquo;acheter\u00bb des r\u00e9compenses de classe!<\/p>\n<p><span style=\"text-decoration: underline\"><strong>Le d\u00e9fi #5 :<\/strong> <\/span>Les 12 travaux d&rsquo;Ast\u00e9rix. \u00a0La fin du d\u00e9fi est vendredi le 17 f\u00e9vrier 2017. \u00a0Bonne chance!<\/p>\n<p><a href=\"http:\/\/classesbranchees.csf.bc.ca\/lapasserelle\/defi-de-lecture-1-septembre-octobre\/attachment\/defi-5_12-travaux-asterix\/\" rel=\"attachment wp-att-1500\">Defi 5_12 travaux asterix<\/a><\/p>\n<p>&#8212;&#8212;&#8212;-<\/p>\n<p>Le <span style=\"text-decoration: underline\"><strong>d\u00e9fi de lecture #3<\/strong><\/span><\/p>\n<p>Tu as jusqu&rsquo;au\u00a0<span style=\"text-decoration: underline\">mardi 13 d\u00e9cembre<\/span>\u00a0pour tenter de compl\u00e9ter un BINGO!<\/p>\n<p>Chaque case doit\u00a0<span style=\"text-decoration: underline\">\u00eatre sign\u00e9e par un parent<\/span>\u00a0avec le temps pour \u00eatre accept\u00e9:<\/p>\n<ul>\n<li>Maternelle: 10 minutes minimum pour que \u00e7a compte<\/li>\n<li>2e \u00e0 7e ann\u00e9e: 20 minutes minimum pour que \u00e7a compte<\/li>\n<\/ul>\n<p>* N&rsquo;oublie pas qu&rsquo;un BINGO peut \u00eatre horizontal, vertical ou en diagonal!<\/p>\n<p>&nbsp;<\/p>\n<p>\u2014\u2014\u2014\u2014\u2014\u2014\u2014\u2014<strong>Le\u00a0d\u00e9fi de lecture #2 termin\u00e9 le 18 novembre 16<\/strong>\u2014\u2014\u2014\u2014\u2014\u2014\u2014-<\/p>\n<p>Tu as <span style=\"text-decoration: underline\">jusqu\u2019au 18 novembre<\/span>\u00a0pour \u00e9couter ces petites capsules informatives et remplir la feuille te demandant\u00a0<span style=\"text-decoration: underline\">ce que tu savais d\u00e9j\u00e0<\/span>\u00a0(strat\u00e9gie en biblioth\u00e8que du \u00ab poing\u00bb) et <span style=\"text-decoration: underline\">ce que\u00a0tu as appris\u00a0<\/span>(strat\u00e9gie: nouvelle information que tu rattaches \u00e0 l\u2019information que tu savais d\u00e9j\u00e0).<\/p>\n<p>Bonne \u00e9coute!<\/p>\n<p>Texte informatif #1<\/p>\n<!--[if lt IE 9]><script>document.createElement('audio');<\/script><![endif]-->\n<audio class=\"wp-audio-shortcode\" id=\"audio-1366-1\" preload=\"none\" style=\"width: 100%;\" controls=\"controls\"><source type=\"audio\/mpeg\" src=\"http:\/\/classesbranchees.csf.bc.ca\/lapasserelle\/wp-content\/uploads\/sites\/3\/Defi-2_animaux-records-bprimaire-et-inter-1.m4a?_=1\" \/><a href=\"http:\/\/classesbranchees.csf.bc.ca\/lapasserelle\/wp-content\/uploads\/sites\/3\/Defi-2_animaux-records-bprimaire-et-inter-1.m4a\">http:\/\/classesbranchees.csf.bc.ca\/lapasserelle\/wp-content\/uploads\/sites\/3\/Defi-2_animaux-records-bprimaire-et-inter-1.m4a<\/a><\/audio>\n<p>&nbsp;<\/p>\n<p>Texte informatif #2<\/p>\n<audio class=\"wp-audio-shortcode\" id=\"audio-1366-2\" preload=\"none\" style=\"width: 100%;\" controls=\"controls\"><source type=\"audio\/mpeg\" src=\"http:\/\/classesbranchees.csf.bc.ca\/lapasserelle\/wp-content\/uploads\/sites\/3\/Defi-2_revue-Wapiti-326-2.m4a?_=2\" \/><a href=\"http:\/\/classesbranchees.csf.bc.ca\/lapasserelle\/wp-content\/uploads\/sites\/3\/Defi-2_revue-Wapiti-326-2.m4a\">http:\/\/classesbranchees.csf.bc.ca\/lapasserelle\/wp-content\/uploads\/sites\/3\/Defi-2_revue-Wapiti-326-2.m4a<\/a><\/audio>\n<p>&nbsp;<\/p>\n<p>Texte informatif #3<\/p>\n<audio class=\"wp-audio-shortcode\" id=\"audio-1366-3\" preload=\"none\" style=\"width: 100%;\" controls=\"controls\"><source type=\"audio\/mpeg\" src=\"http:\/\/classesbranchees.csf.bc.ca\/lapasserelle\/wp-content\/uploads\/sites\/3\/Defi-2_revue-Wapiti-326-3.m4a?_=3\" \/><a href=\"http:\/\/classesbranchees.csf.bc.ca\/lapasserelle\/wp-content\/uploads\/sites\/3\/Defi-2_revue-Wapiti-326-3.m4a\">http:\/\/classesbranchees.csf.bc.ca\/lapasserelle\/wp-content\/uploads\/sites\/3\/Defi-2_revue-Wapiti-326-3.m4a<\/a><\/audio>\n<p>&nbsp;<\/p>\n<p>Texte informatif #4<\/p>\n<audio class=\"wp-audio-shortcode\" id=\"audio-1366-4\" preload=\"none\" style=\"width: 100%;\" controls=\"controls\"><source type=\"audio\/mpeg\" src=\"http:\/\/classesbranchees.csf.bc.ca\/lapasserelle\/wp-content\/uploads\/sites\/3\/Defi-2_revue-Wapiti-326-4.m4a?_=4\" \/><a href=\"http:\/\/classesbranchees.csf.bc.ca\/lapasserelle\/wp-content\/uploads\/sites\/3\/Defi-2_revue-Wapiti-326-4.m4a\">http:\/\/classesbranchees.csf.bc.ca\/lapasserelle\/wp-content\/uploads\/sites\/3\/Defi-2_revue-Wapiti-326-4.m4a<\/a><\/audio>\n<p>&nbsp;<\/p>\n<p>Texte informatif #5<\/p>\n<audio class=\"wp-audio-shortcode\" id=\"audio-1366-5\" preload=\"none\" style=\"width: 100%;\" controls=\"controls\"><source type=\"audio\/mpeg\" src=\"http:\/\/classesbranchees.csf.bc.ca\/lapasserelle\/wp-content\/uploads\/sites\/3\/Defi-2_revue-Wapiti-326-5.m4a?_=5\" \/><a href=\"http:\/\/classesbranchees.csf.bc.ca\/lapasserelle\/wp-content\/uploads\/sites\/3\/Defi-2_revue-Wapiti-326-5.m4a\">http:\/\/classesbranchees.csf.bc.ca\/lapasserelle\/wp-content\/uploads\/sites\/3\/Defi-2_revue-Wapiti-326-5.m4a<\/a><\/audio>\n<p>&nbsp;<\/p>\n<p>Texte informatif #6<\/p>\n<audio class=\"wp-audio-shortcode\" id=\"audio-1366-6\" preload=\"none\" style=\"width: 100%;\" controls=\"controls\"><source type=\"audio\/mpeg\" src=\"http:\/\/classesbranchees.csf.bc.ca\/lapasserelle\/wp-content\/uploads\/sites\/3\/Defi-2_revue-Wapiti-327-1.m4a?_=6\" \/><a href=\"http:\/\/classesbranchees.csf.bc.ca\/lapasserelle\/wp-content\/uploads\/sites\/3\/Defi-2_revue-Wapiti-327-1.m4a\">http:\/\/classesbranchees.csf.bc.ca\/lapasserelle\/wp-content\/uploads\/sites\/3\/Defi-2_revue-Wapiti-327-1.m4a<\/a><\/audio>\n<p>&nbsp;<\/p>\n<p>Texte informatif #7<\/p>\n<audio class=\"wp-audio-shortcode\" id=\"audio-1366-7\" preload=\"none\" style=\"width: 100%;\" controls=\"controls\"><source type=\"audio\/mpeg\" src=\"http:\/\/classesbranchees.csf.bc.ca\/lapasserelle\/wp-content\/uploads\/sites\/3\/Defi-2_revue-Wapiti-327-2.m4a?_=7\" \/><a href=\"http:\/\/classesbranchees.csf.bc.ca\/lapasserelle\/wp-content\/uploads\/sites\/3\/Defi-2_revue-Wapiti-327-2.m4a\">http:\/\/classesbranchees.csf.bc.ca\/lapasserelle\/wp-content\/uploads\/sites\/3\/Defi-2_revue-Wapiti-327-2.m4a<\/a><\/audio>\n<p>&nbsp;<\/p>\n<p>Texte informatif #8<\/p>\n<audio class=\"wp-audio-shortcode\" id=\"audio-1366-8\" preload=\"none\" style=\"width: 100%;\" controls=\"controls\"><source type=\"audio\/mpeg\" src=\"http:\/\/classesbranchees.csf.bc.ca\/lapasserelle\/wp-content\/uploads\/sites\/3\/Defi-2_revue-Wapiti-327-3.m4a?_=8\" \/><a href=\"http:\/\/classesbranchees.csf.bc.ca\/lapasserelle\/wp-content\/uploads\/sites\/3\/Defi-2_revue-Wapiti-327-3.m4a\">http:\/\/classesbranchees.csf.bc.ca\/lapasserelle\/wp-content\/uploads\/sites\/3\/Defi-2_revue-Wapiti-327-3.m4a<\/a><\/audio>\n<p>&nbsp;<\/p>\n<p>Texte informatif #9<\/p>\n<audio class=\"wp-audio-shortcode\" id=\"audio-1366-9\" preload=\"none\" style=\"width: 100%;\" controls=\"controls\"><source type=\"audio\/mpeg\" src=\"http:\/\/classesbranchees.csf.bc.ca\/lapasserelle\/wp-content\/uploads\/sites\/3\/Defi-2_revue-Wapiti-331-1.m4a?_=9\" \/><a href=\"http:\/\/classesbranchees.csf.bc.ca\/lapasserelle\/wp-content\/uploads\/sites\/3\/Defi-2_revue-Wapiti-331-1.m4a\">http:\/\/classesbranchees.csf.bc.ca\/lapasserelle\/wp-content\/uploads\/sites\/3\/Defi-2_revue-Wapiti-331-1.m4a<\/a><\/audio>\n<p>&nbsp;<\/p>\n<p>Texte informatif #10<\/p>\n<audio class=\"wp-audio-shortcode\" id=\"audio-1366-10\" preload=\"none\" style=\"width: 100%;\" controls=\"controls\"><source type=\"audio\/mpeg\" src=\"http:\/\/classesbranchees.csf.bc.ca\/lapasserelle\/wp-content\/uploads\/sites\/3\/Defi-2_revue-Wapiti-339-1.m4a?_=10\" \/><a href=\"http:\/\/classesbranchees.csf.bc.ca\/lapasserelle\/wp-content\/uploads\/sites\/3\/Defi-2_revue-Wapiti-339-1.m4a\">http:\/\/classesbranchees.csf.bc.ca\/lapasserelle\/wp-content\/uploads\/sites\/3\/Defi-2_revue-Wapiti-339-1.m4a<\/a><\/audio>\n<p>&nbsp;<\/p>\n<p>Texte informatif #11<\/p>\n<audio class=\"wp-audio-shortcode\" id=\"audio-1366-11\" preload=\"none\" style=\"width: 100%;\" controls=\"controls\"><source type=\"audio\/mpeg\" src=\"http:\/\/classesbranchees.csf.bc.ca\/lapasserelle\/wp-content\/uploads\/sites\/3\/Defi-2_revue-Wapiti-354-1.m4a?_=11\" \/><a href=\"http:\/\/classesbranchees.csf.bc.ca\/lapasserelle\/wp-content\/uploads\/sites\/3\/Defi-2_revue-Wapiti-354-1.m4a\">http:\/\/classesbranchees.csf.bc.ca\/lapasserelle\/wp-content\/uploads\/sites\/3\/Defi-2_revue-Wapiti-354-1.m4a<\/a><\/audio>\n<p>&nbsp;<\/p>\n<p>Texte informatif #12<\/p>\n<audio class=\"wp-audio-shortcode\" id=\"audio-1366-12\" preload=\"none\" style=\"width: 100%;\" controls=\"controls\"><source type=\"audio\/mpeg\" src=\"http:\/\/classesbranchees.csf.bc.ca\/lapasserelle\/wp-content\/uploads\/sites\/3\/Defi-2_revue-Wapiti-354-2.m4a?_=12\" \/><a href=\"http:\/\/classesbranchees.csf.bc.ca\/lapasserelle\/wp-content\/uploads\/sites\/3\/Defi-2_revue-Wapiti-354-2.m4a\">http:\/\/classesbranchees.csf.bc.ca\/lapasserelle\/wp-content\/uploads\/sites\/3\/Defi-2_revue-Wapiti-354-2.m4a<\/a><\/audio>\n<p>&nbsp;<\/p>\n<p>Texte informatif #13<\/p>\n<audio class=\"wp-audio-shortcode\" id=\"audio-1366-13\" preload=\"none\" style=\"width: 100%;\" controls=\"controls\"><source type=\"audio\/mpeg\" src=\"http:\/\/classesbranchees.csf.bc.ca\/lapasserelle\/wp-content\/uploads\/sites\/3\/Defi-lecture-2_revue-Wapiti-326.m4a?_=13\" \/><a href=\"http:\/\/classesbranchees.csf.bc.ca\/lapasserelle\/wp-content\/uploads\/sites\/3\/Defi-lecture-2_revue-Wapiti-326.m4a\">http:\/\/classesbranchees.csf.bc.ca\/lapasserelle\/wp-content\/uploads\/sites\/3\/Defi-lecture-2_revue-Wapiti-326.m4a<\/a><\/audio>\n<p>&nbsp;<\/p>\n<p>&nbsp;<\/p>\n<p style=\"text-align: center\">&#8212;&#8212;&#8212;&#8212;&#8212; <span style=\"text-decoration: underline\"><strong>Le d\u00e9fi de lecture #1 est termin\u00e9 depuis le 17 octobre<\/strong>\u00a0<\/span>&#8212;&#8212;&#8212;&#8212;&#8212;-<\/p>\n<p>Voici le\u00a0<strong><span style=\"text-decoration: underline\">premier d\u00e9fi<\/span><\/strong>\u00a0de lecture !<\/p>\n<ol>\n<li>\u00c9coute les extraits de ton niveau:<\/li>\n<\/ol>\n<p><strong><span style=\"text-decoration: underline\">Interm\u00e9diaire = 4e \u00e0 la 7e ann\u00e9e<\/span><\/strong><\/p>\n<p>Extrait #1 (interm\u00e9diaire):<\/p>\n<audio class=\"wp-audio-shortcode\" id=\"audio-1366-14\" preload=\"none\" style=\"width: 100%;\" controls=\"controls\"><source type=\"audio\/mpeg\" src=\"http:\/\/classesbranchees.csf.bc.ca\/lapasserelle\/wp-content\/uploads\/sites\/3\/interm\u00e9diaire_extait1-1.m4a?_=14\" \/><a href=\"http:\/\/classesbranchees.csf.bc.ca\/lapasserelle\/wp-content\/uploads\/sites\/3\/interm\u00e9diaire_extait1-1.m4a\">http:\/\/classesbranchees.csf.bc.ca\/lapasserelle\/wp-content\/uploads\/sites\/3\/interm\u00e9diaire_extait1-1.m4a<\/a><\/audio>\n<p>&nbsp;<\/p>\n<p>Extrait #2\u00a0(interm\u00e9diaire):<\/p>\n<audio class=\"wp-audio-shortcode\" id=\"audio-1366-15\" preload=\"none\" style=\"width: 100%;\" controls=\"controls\"><source type=\"audio\/mpeg\" src=\"http:\/\/classesbranchees.csf.bc.ca\/lapasserelle\/wp-content\/uploads\/sites\/3\/interm\u00e9diaire_extrait2-1.m4a?_=15\" \/><a href=\"http:\/\/classesbranchees.csf.bc.ca\/lapasserelle\/wp-content\/uploads\/sites\/3\/interm\u00e9diaire_extrait2-1.m4a\">http:\/\/classesbranchees.csf.bc.ca\/lapasserelle\/wp-content\/uploads\/sites\/3\/interm\u00e9diaire_extrait2-1.m4a<\/a><\/audio>\n<p>&nbsp;<\/p>\n<p>Extrait #3\u00a0(interm\u00e9diaire):<\/p>\n<audio class=\"wp-audio-shortcode\" id=\"audio-1366-16\" preload=\"none\" style=\"width: 100%;\" controls=\"controls\"><source type=\"audio\/mpeg\" src=\"http:\/\/classesbranchees.csf.bc.ca\/lapasserelle\/wp-content\/uploads\/sites\/3\/interm\u00e9diaire_extrait3.m4a?_=16\" \/><a href=\"http:\/\/classesbranchees.csf.bc.ca\/lapasserelle\/wp-content\/uploads\/sites\/3\/interm\u00e9diaire_extrait3.m4a\">http:\/\/classesbranchees.csf.bc.ca\/lapasserelle\/wp-content\/uploads\/sites\/3\/interm\u00e9diaire_extrait3.m4a<\/a><\/audio>\n<p>Extrait #4\u00a0(interm\u00e9diaire):<\/p>\n<audio class=\"wp-audio-shortcode\" id=\"audio-1366-17\" preload=\"none\" style=\"width: 100%;\" controls=\"controls\"><source type=\"audio\/mpeg\" src=\"http:\/\/classesbranchees.csf.bc.ca\/lapasserelle\/wp-content\/uploads\/sites\/3\/interm\u00e9diaire_extrait4.m4a?_=17\" \/><a href=\"http:\/\/classesbranchees.csf.bc.ca\/lapasserelle\/wp-content\/uploads\/sites\/3\/interm\u00e9diaire_extrait4.m4a\">http:\/\/classesbranchees.csf.bc.ca\/lapasserelle\/wp-content\/uploads\/sites\/3\/interm\u00e9diaire_extrait4.m4a<\/a><\/audio>\n<p>Extrait #5\u00a0(interm\u00e9diaire):<\/p>\n<audio class=\"wp-audio-shortcode\" id=\"audio-1366-18\" preload=\"none\" style=\"width: 100%;\" controls=\"controls\"><source type=\"audio\/mpeg\" src=\"http:\/\/classesbranchees.csf.bc.ca\/lapasserelle\/wp-content\/uploads\/sites\/3\/interm\u00e9diaire_extrait5-1.m4a?_=18\" \/><a href=\"http:\/\/classesbranchees.csf.bc.ca\/lapasserelle\/wp-content\/uploads\/sites\/3\/interm\u00e9diaire_extrait5-1.m4a\">http:\/\/classesbranchees.csf.bc.ca\/lapasserelle\/wp-content\/uploads\/sites\/3\/interm\u00e9diaire_extrait5-1.m4a<\/a><\/audio>\n<ul>\n<li>2.\u00a0Remplis la feuille que tu as re\u00e7ue en classe : le titre que tu donnerais au livre dont est tir\u00e9 l&rsquo;extrait + une illustration qui repr\u00e9sente l&rsquo;extrait lu.<\/li>\n<li>3. Donne ton travail \u00e0 ton enseignant lorsque tu as termin\u00e9. \u00a0Tu as\u00a0<span style=\"text-decoration: underline\"><strong>jusqu&rsquo;au 17 octobre pour remettre ton d\u00e9fi compl\u00e9t\u00e9.<\/strong><\/span><\/li>\n<\/ul>\n<p>Bonne lecture!<\/p>\n","protected":false},"excerpt":{"rendered":"<p>Anciens d\u00e9fis de lecture\u00a0 Voici une copie du document de l\u2019\u00e9l\u00e8ve pour le d\u00e9fi #8\u00a0D\u00e9fi #8 Concours de photos D\u00e9fi #7 : coupons de mots pour un tirage ! D\u00e9fi #7 de lecture\u00a0(interm\u00e9diaire), veuillez prendre la feuille de coupons SANS\u00a0les images) D\u00e9fi #6 D\u00e9fi lecture #6\u00a0consiste \u00e0 lire le plus de minutes possibles afin de &hellip; <a href=\"https:\/\/classesbranchees.csf.bc.ca\/lapasserelle\/defis-de-lecture-des-eleves-de-lintermediaire\/\" class=\"more-link\">Continuer la lecture de <span class=\"screen-reader-text\">D\u00e9fi de lecture de l&rsquo;interm\u00e9diaire<\/span> <span class=\"meta-nav\">&rarr;<\/span><\/a><\/p>\n","protected":false},"author":5,"featured_media":0,"parent":0,"menu_order":0,"comment_status":"closed","ping_status":"closed","template":"","meta":[],"_links":{"self":[{"href":"https:\/\/classesbranchees.csf.bc.ca\/lapasserelle\/wp-json\/wp\/v2\/pages\/1366"}],"collection":[{"href":"https:\/\/classesbranchees.csf.bc.ca\/lapasserelle\/wp-json\/wp\/v2\/pages"}],"about":[{"href":"https:\/\/classesbranchees.csf.bc.ca\/lapasserelle\/wp-json\/wp\/v2\/types\/page"}],"author":[{"embeddable":true,"href":"https:\/\/classesbranchees.csf.bc.ca\/lapasserelle\/wp-json\/wp\/v2\/users\/5"}],"replies":[{"embeddable":true,"href":"https:\/\/classesbranchees.csf.bc.ca\/lapasserelle\/wp-json\/wp\/v2\/comments?post=1366"}],"version-history":[{"count":16,"href":"https:\/\/classesbranchees.csf.bc.ca\/lapasserelle\/wp-json\/wp\/v2\/pages\/1366\/revisions"}],"predecessor-version":[{"id":1609,"href":"https:\/\/classesbranchees.csf.bc.ca\/lapasserelle\/wp-json\/wp\/v2\/pages\/1366\/revisions\/1609"}],"wp:attachment":[{"href":"https:\/\/classesbranchees.csf.bc.ca\/lapasserelle\/wp-json\/wp\/v2\/media?parent=1366"}],"curies":[{"name":"wp","href":"https:\/\/api.w.org\/{rel}","templated":true}]}}