{"id":1362,"date":"2016-09-27T09:57:11","date_gmt":"2016-09-27T16:57:11","guid":{"rendered":"http:\/\/classesbranchees.csf.bc.ca\/lapasserelle\/?page_id=1362"},"modified":"2018-01-04T09:28:48","modified_gmt":"2018-01-04T17:28:48","slug":"defis-de-lecture","status":"publish","type":"page","link":"https:\/\/classesbranchees.csf.bc.ca\/lapasserelle\/defis-de-lecture\/","title":{"rendered":"D\u00e9fis de lecture (pass\u00e9s)!"},"content":{"rendered":"<p style=\"text-align: center\"><span style=\"text-decoration: underline\"><strong>Anciens d\u00e9fis de lecture\u00a0<\/strong><\/span><\/p>\n<p>Afin de motiver les \u00e9l\u00e8ves \u00e0 la lecture, nous offrons des D\u00c9FIS de LECTURE \u00e0 faire \u00e0 la maison avec votre enfant.<\/p>\n<p>Les d\u00e9fis sont adapt\u00e9s au niveau de l&rsquo;\u00e9l\u00e8ve et les enseignants encouragent fortement leurs \u00e9l\u00e8ves \u00e0 y participer.<\/p>\n<p>Bon d\u00e9fi de lecture \u00e0 tous!<\/p>\n<ul>\n<li>Voici une copie du document de l&rsquo;\u00e9l\u00e8ve pour le d\u00e9fi #1\u00a0<a href=\"http:\/\/classesbranchees.csf.bc.ca\/lapasserelle\/defis-de-lecture\/attachment\/defi-lecture-1_questions\/\" rel=\"attachment wp-att-1430\">D\u00e9fi lecture 1_questions<\/a><\/li>\n<li>Voici une copie du document de l&rsquo;\u00e9l\u00e8ve pour le d\u00e9fi #2\u00a0 <a href=\"http:\/\/classesbranchees.csf.bc.ca\/lapasserelle\/defis-de-lecture\/attachment\/defi-2_questions\/\" rel=\"attachment wp-att-1429\">Defi 2_questions<\/a><\/li>\n<li>Voici une copie du document de l&rsquo;\u00e9l\u00e8ve pour le d\u00e9fi #3\u00a0<a href=\"http:\/\/classesbranchees.csf.bc.ca\/lapasserelle\/defis-de-lecture\/attachment\/bingo-lecture_defi-3\/\" rel=\"attachment wp-att-1449\">bingo lecture_defi 3<\/a><\/li>\n<li>Voici une copie du document de l&rsquo;\u00e9l\u00e8ve pour le d\u00e9fi #6\u00a0<a href=\"http:\/\/classesbranchees.csf.bc.ca\/lapasserelle\/defi-de-lecture-1-septembre-octobre\/attachment\/defi-lecture-6\/\" rel=\"attachment wp-att-1520\">D\u00e9fi lecture #6<\/a><\/li>\n<li>Voici une copie du document de l&rsquo;\u00e9l\u00e8ve pour le d\u00e9fi #7\u00a0<a href=\"http:\/\/classesbranchees.csf.bc.ca\/lapasserelle\/defi-de-lecture-1-septembre-octobre\/attachment\/defi-7-de-lecture_fini\/\" rel=\"attachment wp-att-1543\">D\u00e9fi #7 de lecture<\/a><\/li>\n<li>Voici une copie du document de l&rsquo;\u00e9l\u00e8ve pour le d\u00e9fi #8\u00a0<a href=\"http:\/\/classesbranchees.csf.bc.ca\/lapasserelle\/defis-de-lecture\/attachment\/defi8_concours_photos-doc\/\" rel=\"attachment wp-att-1557\">D\u00e9fi #8 Concours de photos<\/a><\/li>\n<\/ul>\n","protected":false},"excerpt":{"rendered":"<p>Anciens d\u00e9fis de lecture\u00a0 Afin de motiver les \u00e9l\u00e8ves \u00e0 la lecture, nous offrons des D\u00c9FIS de LECTURE \u00e0 faire \u00e0 la maison avec votre enfant. Les d\u00e9fis sont adapt\u00e9s au niveau de l&rsquo;\u00e9l\u00e8ve et les enseignants encouragent fortement leurs \u00e9l\u00e8ves \u00e0 y participer. Bon d\u00e9fi de lecture \u00e0 tous! Voici une copie du document &hellip; <a href=\"https:\/\/classesbranchees.csf.bc.ca\/lapasserelle\/defis-de-lecture\/\" class=\"more-link\">Continuer la lecture de <span class=\"screen-reader-text\">D\u00e9fis de lecture (pass\u00e9s)!<\/span> <span class=\"meta-nav\">&rarr;<\/span><\/a><\/p>\n","protected":false},"author":5,"featured_media":0,"parent":0,"menu_order":0,"comment_status":"closed","ping_status":"closed","template":"","meta":[],"_links":{"self":[{"href":"https:\/\/classesbranchees.csf.bc.ca\/lapasserelle\/wp-json\/wp\/v2\/pages\/1362"}],"collection":[{"href":"https:\/\/classesbranchees.csf.bc.ca\/lapasserelle\/wp-json\/wp\/v2\/pages"}],"about":[{"href":"https:\/\/classesbranchees.csf.bc.ca\/lapasserelle\/wp-json\/wp\/v2\/types\/page"}],"author":[{"embeddable":true,"href":"https:\/\/classesbranchees.csf.bc.ca\/lapasserelle\/wp-json\/wp\/v2\/users\/5"}],"replies":[{"embeddable":true,"href":"https:\/\/classesbranchees.csf.bc.ca\/lapasserelle\/wp-json\/wp\/v2\/comments?post=1362"}],"version-history":[{"count":8,"href":"https:\/\/classesbranchees.csf.bc.ca\/lapasserelle\/wp-json\/wp\/v2\/pages\/1362\/revisions"}],"predecessor-version":[{"id":1607,"href":"https:\/\/classesbranchees.csf.bc.ca\/lapasserelle\/wp-json\/wp\/v2\/pages\/1362\/revisions\/1607"}],"wp:attachment":[{"href":"https:\/\/classesbranchees.csf.bc.ca\/lapasserelle\/wp-json\/wp\/v2\/media?parent=1362"}],"curies":[{"name":"wp","href":"https:\/\/api.w.org\/{rel}","templated":true}]}}