{"id":1072,"date":"2015-09-23T22:07:56","date_gmt":"2015-09-24T05:07:56","guid":{"rendered":"http:\/\/classesbranchees.csf.bc.ca\/lapasserelle\/?page_id=1072"},"modified":"2015-09-23T22:07:56","modified_gmt":"2015-09-24T05:07:56","slug":"ressources-pour-les-parents-2","status":"publish","type":"page","link":"https:\/\/classesbranchees.csf.bc.ca\/lapasserelle\/ressources-pour-les-parents-2\/","title":{"rendered":"Ressources pour les parents"},"content":{"rendered":"<p>Abracadabra est une nouvelle ressource pour soutenir l&rsquo;enseignement et l&rsquo;apprentissage du fran\u00e7ais chez les \u00e9l\u00e8ves de niveau primaire.<\/p>\n<p>Profitez des conseils de la Zone parents: http:\/\/grover.concordia.ca\/resources\/abra\/parent\/fr\/index.php<\/p>\n<p>et des activit\u00e9s stimulantes de la zone \u00e9l\u00e8ves : http:\/\/petitabra.concordia.ca\/<\/p>\n<p>&nbsp;<\/p>\n","protected":false},"excerpt":{"rendered":"<p>Abracadabra est une nouvelle ressource pour soutenir l&rsquo;enseignement et l&rsquo;apprentissage du fran\u00e7ais chez les \u00e9l\u00e8ves de niveau primaire. Profitez des conseils de la Zone parents: http:\/\/grover.concordia.ca\/resources\/abra\/parent\/fr\/index.php et des activit\u00e9s stimulantes de la zone \u00e9l\u00e8ves : http:\/\/petitabra.concordia.ca\/ &nbsp;<\/p>\n","protected":false},"author":26,"featured_media":0,"parent":0,"menu_order":0,"comment_status":"closed","ping_status":"closed","template":"","meta":[],"_links":{"self":[{"href":"https:\/\/classesbranchees.csf.bc.ca\/lapasserelle\/wp-json\/wp\/v2\/pages\/1072"}],"collection":[{"href":"https:\/\/classesbranchees.csf.bc.ca\/lapasserelle\/wp-json\/wp\/v2\/pages"}],"about":[{"href":"https:\/\/classesbranchees.csf.bc.ca\/lapasserelle\/wp-json\/wp\/v2\/types\/page"}],"author":[{"embeddable":true,"href":"https:\/\/classesbranchees.csf.bc.ca\/lapasserelle\/wp-json\/wp\/v2\/users\/26"}],"replies":[{"embeddable":true,"href":"https:\/\/classesbranchees.csf.bc.ca\/lapasserelle\/wp-json\/wp\/v2\/comments?post=1072"}],"version-history":[{"count":1,"href":"https:\/\/classesbranchees.csf.bc.ca\/lapasserelle\/wp-json\/wp\/v2\/pages\/1072\/revisions"}],"predecessor-version":[{"id":1073,"href":"https:\/\/classesbranchees.csf.bc.ca\/lapasserelle\/wp-json\/wp\/v2\/pages\/1072\/revisions\/1073"}],"wp:attachment":[{"href":"https:\/\/classesbranchees.csf.bc.ca\/lapasserelle\/wp-json\/wp\/v2\/media?parent=1072"}],"curies":[{"name":"wp","href":"https:\/\/api.w.org\/{rel}","templated":true}]}}