{"id":1036,"date":"2015-09-21T21:35:09","date_gmt":"2015-09-22T04:35:09","guid":{"rendered":"http:\/\/classesbranchees.csf.bc.ca\/lapasserelle\/?page_id=1036"},"modified":"2016-09-21T15:45:38","modified_gmt":"2016-09-21T22:45:38","slug":"projet-poli-2","status":"publish","type":"page","link":"https:\/\/classesbranchees.csf.bc.ca\/lapasserelle\/projet-poli-2\/","title":{"rendered":"Projet Mikchou"},"content":{"rendered":"<p><strong>\u00a0\u00a0\u00a0\u00a0\u00a0\u00a0\u00a0\u00a0\u00a0\u00a0\u00a0\u00a0\u00a0\u00a0\u00a0\u00a0\u00a0\u00a0\u00a0\u00a0\u00a0\u00a0\u00a0\u00a0\u00a0\u00a0\u00a0\u00a0\u00a0\u00a0\u00a0\u00a0\u00a0\u00a0\u00a0\u00a0 <img loading=\"lazy\" class=\"wp-image-1337 alignleft\" src=\"http:\/\/classesbranchees.csf.bc.ca\/lapasserelle\/wp-content\/uploads\/sites\/3\/Capture-d\u2019e\u0301cran-2016-09-21-a\u0300-15.28.37.png\" alt=\"Capture d\u2019e\u0301cran 2016-09-21 a\u0300 15.28.37\" width=\"258\" height=\"223\" \/>\u00a0 \u00a0 \u00a0 \u00a0\u00a0\u00a0 <img loading=\"lazy\" class=\"wp-image-1335 aligncenter\" src=\"http:\/\/classesbranchees.csf.bc.ca\/lapasserelle\/wp-content\/uploads\/sites\/3\/Loutre_de_rivie\u0300re.jpg\" alt=\"Loutre_de_rivie\u0300re\" width=\"186\" height=\"186\" \/><\/strong><\/p>\n<p>Chers parents,<\/p>\n<p>C\u2019est avec beaucoup d\u2019excitation que la classe de Mmes Jasmine et Lucie a adopt\u00e9, au grand bonheur des \u00e9l\u00e8ves, une loutre de rivi\u00e8re pr\u00e9nomm\u00e9e Mikchou. Cette initiative vise \u00e0 encourager la protection d\u2019une esp\u00e8ce menac\u00e9e par l\u2019entremise de la WWF (World Wildlife Fund) et de faire vivre une aventure enrichissante et inoubliable \u00e0 nos d\u00e9tectives!<\/p>\n<p>Tous les \u00e9l\u00e8ves seront responsables de prendre soin de Mikchou. Ils devront, bien entendu, lui donner de l\u2019amour, mais aussi lui faire d\u00e9couvrir sa chambre \u00e0 coucher! Cette initiative s\u2019inspire de la s\u00e9rie \u00ab\u00a0L\u00e0 o\u00f9 je dors\u00a0\u00bb qui parcours les chambres d\u2019enfants \u00e0 travers le monde.<\/p>\n<p>La loutre voyagera de famille en famille tel que pr\u00e9vu au calendrier. Lorsque votre enfant apportera Mikchou \u00e0 la maison, il pourra le garder du vendredi au mercredi suivant. Il devra \u00e9galement accomplir les t\u00e2ches ci-dessous\u00a0:<\/p>\n<ul>\n<li>prendre au moins 3 photos avec la loutre alors qu\u2019elle se trouve dans sa chambre \u00e0 coucher. Nous d\u00e9sirons voir votre enfant et Mikchou en train de s\u2019amuser, de lire, de dormir ou de faire toutes autres activit\u00e9s dans sa chambre.<\/li>\n<\/ul>\n<ul>\n<li>se filmer pendant un maximum de 3 minutes. L\u2019\u00e9l\u00e8ve doit faire le tour de sa chambre et nous la pr\u00e9senter en utilisant des adjectifs descriptifs. Il peut nous pr\u00e9senter ce qu\u2019il aime y faire, y garder, y afficher sur les murs puis nous parler de ce qui s\u2019y trouve comme ses jouets ou ses histoires pr\u00e9f\u00e9r\u00e9es, etc. Le contenu de la vid\u00e9o peut \u00eatre partag\u00e9 \u00e0 l\u2019aide d\u2019une cl\u00e9 USB ou par courriel \u00e0\u00a0: <a href=\"&#x6d;&#x61;&#105;&#108;&#116;o&#x3a;&#x6a;&#x61;&#115;&#109;in&#x65;&#x5f;&#x64;&#101;&#115;e&#x72;&#x72;&#x65;&#115;&#64;&#99;s&#x66;&#x2e;&#x62;&#99;&#46;ca\">jasmin&#101;&#95;&#100;&#101;&#115;&#101;&#114;&#x72;&#x65;&#x73;&#x40;&#x63;&#x73;&#x66;&#x2e;&#x62;&#x63;&#x2e;&#x63;a<\/a><\/li>\n<\/ul>\n<ul>\n<li>faire une pr\u00e9sentation orale en classe afin de nous expliquer ses photos et de nous faire d\u00e9couvrir la vid\u00e9o de sa chambre!<\/li>\n<\/ul>\n<p>&nbsp;<\/p>\n<p style=\"text-align: center\"><span style=\"font-size: 18pt\"><strong>Exemples d&rsquo;une vid\u00e9o et de photos :\u00a0 <\/strong><\/span><\/p>\n<p style=\"text-align: justify\">Voici l&rsquo;exemple d&rsquo;une <strong>vid\u00e9o<\/strong> de Mme Jasmine. Dans cette vid\u00e9o, elle d\u00e9crit, \u00e0 l&rsquo;aide d&rsquo;adjectifs, ce qui se trouve dans sa chambre. Elle nous raconte ce qu&rsquo;elle aime faire dans sa chambre et pourquoi elle s&rsquo;y sent bien. Elle nous partage m\u00eame ses peurs!!!\u00a0 Bon visionnement!<\/p>\n<p style=\"text-align: justify\">Pour voir la vid\u00e9o, cliquez sur le lien ci-dessous et entrez le mot de passe <strong>Mikchou<\/strong>.<\/p>\n<p style=\"text-align: center\">(lien \u00e0 venir)<\/p>\n<p style=\"text-align: justify\">Voici quelques <strong>photos<\/strong> qui ont \u00e9t\u00e9 prise avec Mikchou. Chaque photo est accompagn\u00e9e d&rsquo;une \u00e0 deux phrases pour expliquer et mieux partager nos souvenirs avec le reste de la classe.<\/p>\n<p style=\"text-align: center\">(photos \u00e0 venir)<\/p>\n<p style=\"text-align: center\"><span style=\"font-size: 18pt\"><strong>Voici le calendrier d\u2019activit\u00e9s de Poli<\/strong><\/span><\/p>\n<p><strong>Septembre 2016<\/strong><\/p>\n<table>\n<tbody>\n<tr>\n<td>Mme Jasmine<\/td>\n<td>du vendredi 23 au mercredi 28 septembre<\/td>\n<\/tr>\n<\/tbody>\n<\/table>\n<p><strong>Octobre 2016<\/strong><\/p>\n<table>\n<tbody>\n<tr>\n<td>Mme Lucie<\/td>\n<td>du vendredi 30\u00a0septembre au mercredi 5 octobre<\/td>\n<\/tr>\n<tr>\n<td>Anika<\/td>\n<td>du vendredi 7 au mercredi 12 octobre<\/td>\n<\/tr>\n<tr>\n<td>Patrick<\/td>\n<td>du vendredi 14 au mercredi 19 octobre<\/td>\n<\/tr>\n<tr>\n<td>Annabel<\/td>\n<td>du jeudi 20 au mercredi 26 octobre<\/td>\n<\/tr>\n<tr>\n<td>Damyen<\/td>\n<td>du vendredi 28 au mercredi 2 novembre<\/td>\n<\/tr>\n<\/tbody>\n<\/table>\n<p><strong>Novembre 2016<\/strong><\/p>\n<table>\n<tbody>\n<tr>\n<td style=\"text-align: left\">C\u00e9leste<\/td>\n<td>du jeudi 3 au mercredi 9 novembre<\/td>\n<\/tr>\n<tr>\n<td style=\"text-align: left\">Sia<\/td>\n<td>du jeudi 10\u00a0 au mercredi 16 novembre<\/td>\n<\/tr>\n<tr>\n<td style=\"text-align: left\">Ma\u00efka<\/td>\n<td>du vendredi 18 au mercredi 23 novembre<\/td>\n<\/tr>\n<tr>\n<td style=\"text-align: left\">Megan<\/td>\n<td>du vendredi 25 au mercredi 30 novembre<\/td>\n<\/tr>\n<\/tbody>\n<\/table>\n<p><strong>D\u00e9cembre 2016<\/strong><\/p>\n<table>\n<tbody>\n<tr>\n<td style=\"text-align: left\">Liv<\/td>\n<td>du vendredi 2 au mercredi 7 d\u00e9cembre<\/td>\n<\/tr>\n<tr>\n<td style=\"text-align: left\">Talia<\/td>\n<td>du vendredi 9 au mercredi 14 d\u00e9cembre<\/td>\n<\/tr>\n<tr>\n<td style=\"text-align: left\">Chloe<\/td>\n<td>du vendredi 16 au mercredi 4 janvier (cong\u00e9 des F\u00eates)<\/td>\n<\/tr>\n<\/tbody>\n<\/table>\n<p><strong>Janvier 2017<\/strong><\/p>\n<table>\n<tbody>\n<tr>\n<td style=\"width: 89.3333px;text-align: left\">Brooke<\/td>\n<td style=\"width: 490.667px\">du vendredi 6 au mercredi 11 janvier<\/td>\n<\/tr>\n<tr>\n<td style=\"width: 89.3333px;text-align: left\">Xavier<\/td>\n<td style=\"width: 490.667px\">du vendredi 13 au mercredi 18 janvier<\/td>\n<\/tr>\n<tr>\n<td style=\"width: 89.3333px;text-align: left\">Cedric<\/td>\n<td style=\"width: 490.667px\">du vendredi 20 au mercredi 25 janvier<\/td>\n<\/tr>\n<tr>\n<td style=\"width: 89.3333px;text-align: left\">Jovan<\/td>\n<td style=\"width: 490.667px\">du vendredi 27 janvier au mercredi 1er\u00a0 f\u00e9vrier<\/td>\n<\/tr>\n<\/tbody>\n<\/table>\n<p><strong>F\u00e9vrier 2017<\/strong><\/p>\n<table>\n<tbody>\n<tr>\n<td style=\"width: 89.3333px;text-align: left\">Leilanie<\/td>\n<td style=\"width: 490.667px\">du vendredi 3 au mercredi 8 f\u00e9vrier<\/td>\n<\/tr>\n<tr>\n<td style=\"width: 89.3333px\"><\/td>\n<td style=\"width: 490.667px\"><\/td>\n<\/tr>\n<tr>\n<td style=\"width: 89.3333px\"><\/td>\n<td style=\"width: 490.667px\"><\/td>\n<\/tr>\n<tr>\n<td style=\"width: 89.3333px\"><\/td>\n<td style=\"width: 490.667px\"><\/td>\n<\/tr>\n<\/tbody>\n<\/table>\n<p>*Une note de rappel sera indiqu\u00e9e dans l\u2019agenda de votre enfant. Merci de respecter ces dates et de vous impliquer dans ce projet\u00a0!<\/p>\n","protected":false},"excerpt":{"rendered":"<p>\u00a0\u00a0\u00a0\u00a0\u00a0\u00a0\u00a0\u00a0\u00a0\u00a0\u00a0\u00a0\u00a0\u00a0\u00a0\u00a0\u00a0\u00a0\u00a0\u00a0\u00a0\u00a0\u00a0\u00a0\u00a0\u00a0\u00a0\u00a0\u00a0\u00a0\u00a0\u00a0\u00a0\u00a0\u00a0\u00a0 \u00a0 \u00a0 \u00a0 \u00a0\u00a0\u00a0 Chers parents, C\u2019est avec beaucoup d\u2019excitation que la classe de Mmes Jasmine et Lucie a adopt\u00e9, au grand bonheur des \u00e9l\u00e8ves, une loutre de rivi\u00e8re pr\u00e9nomm\u00e9e Mikchou. Cette initiative vise \u00e0 encourager la protection d\u2019une esp\u00e8ce menac\u00e9e par l\u2019entremise de la WWF (World Wildlife Fund) et de faire vivre une &hellip; <a href=\"https:\/\/classesbranchees.csf.bc.ca\/lapasserelle\/projet-poli-2\/\" class=\"more-link\">Continuer la lecture de <span class=\"screen-reader-text\">Projet Mikchou<\/span> <span class=\"meta-nav\">&rarr;<\/span><\/a><\/p>\n","protected":false},"author":26,"featured_media":0,"parent":0,"menu_order":0,"comment_status":"closed","ping_status":"closed","template":"","meta":[],"_links":{"self":[{"href":"https:\/\/classesbranchees.csf.bc.ca\/lapasserelle\/wp-json\/wp\/v2\/pages\/1036"}],"collection":[{"href":"https:\/\/classesbranchees.csf.bc.ca\/lapasserelle\/wp-json\/wp\/v2\/pages"}],"about":[{"href":"https:\/\/classesbranchees.csf.bc.ca\/lapasserelle\/wp-json\/wp\/v2\/types\/page"}],"author":[{"embeddable":true,"href":"https:\/\/classesbranchees.csf.bc.ca\/lapasserelle\/wp-json\/wp\/v2\/users\/26"}],"replies":[{"embeddable":true,"href":"https:\/\/classesbranchees.csf.bc.ca\/lapasserelle\/wp-json\/wp\/v2\/comments?post=1036"}],"version-history":[{"count":20,"href":"https:\/\/classesbranchees.csf.bc.ca\/lapasserelle\/wp-json\/wp\/v2\/pages\/1036\/revisions"}],"predecessor-version":[{"id":1343,"href":"https:\/\/classesbranchees.csf.bc.ca\/lapasserelle\/wp-json\/wp\/v2\/pages\/1036\/revisions\/1343"}],"wp:attachment":[{"href":"https:\/\/classesbranchees.csf.bc.ca\/lapasserelle\/wp-json\/wp\/v2\/media?parent=1036"}],"curies":[{"name":"wp","href":"https:\/\/api.w.org\/{rel}","templated":true}]}}