{"id":830,"date":"2020-04-14T16:01:08","date_gmt":"2020-04-14T23:01:08","guid":{"rendered":"http:\/\/classesbranchees.csf.bc.ca\/ecoledupacifique\/?page_id=830"},"modified":"2020-04-14T16:01:08","modified_gmt":"2020-04-14T23:01:08","slug":"activites-1ere-annee","status":"publish","type":"page","link":"https:\/\/classesbranchees.csf.bc.ca\/ecoledupacifique\/les-nouvelles-de-la-maternelle-premiere\/activites-1ere-annee\/","title":{"rendered":"Activit\u00e9s 1\u00e8re ann\u00e9e"},"content":{"rendered":"","protected":false},"excerpt":{"rendered":"","protected":false},"author":184,"featured_media":0,"parent":97,"menu_order":0,"comment_status":"closed","ping_status":"closed","template":"","meta":[],"_links":{"self":[{"href":"https:\/\/classesbranchees.csf.bc.ca\/ecoledupacifique\/wp-json\/wp\/v2\/pages\/830"}],"collection":[{"href":"https:\/\/classesbranchees.csf.bc.ca\/ecoledupacifique\/wp-json\/wp\/v2\/pages"}],"about":[{"href":"https:\/\/classesbranchees.csf.bc.ca\/ecoledupacifique\/wp-json\/wp\/v2\/types\/page"}],"author":[{"embeddable":true,"href":"https:\/\/classesbranchees.csf.bc.ca\/ecoledupacifique\/wp-json\/wp\/v2\/users\/184"}],"replies":[{"embeddable":true,"href":"https:\/\/classesbranchees.csf.bc.ca\/ecoledupacifique\/wp-json\/wp\/v2\/comments?post=830"}],"version-history":[{"count":1,"href":"https:\/\/classesbranchees.csf.bc.ca\/ecoledupacifique\/wp-json\/wp\/v2\/pages\/830\/revisions"}],"predecessor-version":[{"id":831,"href":"https:\/\/classesbranchees.csf.bc.ca\/ecoledupacifique\/wp-json\/wp\/v2\/pages\/830\/revisions\/831"}],"up":[{"embeddable":true,"href":"https:\/\/classesbranchees.csf.bc.ca\/ecoledupacifique\/wp-json\/wp\/v2\/pages\/97"}],"wp:attachment":[{"href":"https:\/\/classesbranchees.csf.bc.ca\/ecoledupacifique\/wp-json\/wp\/v2\/media?parent=830"}],"curies":[{"name":"wp","href":"https:\/\/api.w.org\/{rel}","templated":true}]}}