{"id":800,"date":"2020-04-13T11:17:00","date_gmt":"2020-04-13T18:17:00","guid":{"rendered":"http:\/\/classesbranchees.csf.bc.ca\/ecoledupacifique\/?page_id=800"},"modified":"2026-02-26T16:38:11","modified_gmt":"2026-02-27T00:38:11","slug":"francais-ecoute","status":"publish","type":"page","link":"https:\/\/classesbranchees.csf.bc.ca\/ecoledupacifique\/francais-ecoute\/","title":{"rendered":"Fran\u00e7ais &#8211; \u00c9coute"},"content":{"rendered":"<p><strong>QUELLE HISTOIRE !!!!! r\u00e9cits \u00e0 REGARDER (et \u00c9COUTER) sur l&rsquo;Histoire:<br \/>\nLes grands d\u00e9couvreurs: <a href=\"https:\/\/www.youtube.com\/watch?v=1ZBbdQPK3SE\" data-rel=\"lightbox-video-0\" target=\"_blank\" rel=\"noopener\">Marco Polo<\/a>,<a href=\"https:\/\/www.youtube.com\/watch?v=yfLnkTUdmZI\" data-rel=\"lightbox-video-1\" target=\"_blank\" rel=\"noopener\"> Albert Einstein<\/a>, <a href=\"https:\/\/www.youtube.com\/watch?v=JEWVTWk9Wec\" data-rel=\"lightbox-video-2\" target=\"_blank\" rel=\"noopener\">Neil Amstrong<\/a>, <a href=\"https:\/\/www.youtube.com\/watch?v=iLi7dFIzsrI\" data-rel=\"lightbox-video-3\" target=\"_blank\" rel=\"noopener\">L\u00e9onard de Vinci<\/a>&#8230;<br \/>\nLes grands conqu\u00e9rants: <a href=\"https:\/\/www.youtube.com\/watch?v=wlCRAwQ6vXc\" data-rel=\"lightbox-video-4\" target=\"_blank\" rel=\"noopener\">Jules C\u00e9sar<\/a>, <a href=\"https:\/\/www.youtube.com\/watch?v=FHYaEIRGmmU\" data-rel=\"lightbox-video-5\" target=\"_blank\" rel=\"noopener\">Gengis Khan<\/a>, <a href=\"https:\/\/www.youtube.com\/watch?v=94n39duS1v0\" data-rel=\"lightbox-video-6\" target=\"_blank\" rel=\"noopener\">Napoleon<\/a>, &#8230;<br \/>\nLes grandes civilisations (1): <a href=\"https:\/\/www.youtube.com\/watch?v=iJwnr4pSZ3g\" data-rel=\"lightbox-video-7\" target=\"_blank\" rel=\"noopener\">les Gaulois<\/a>, <a href=\"https:\/\/www.youtube.com\/watch?v=cVsQB4wpRBc\" data-rel=\"lightbox-video-8\" target=\"_blank\" rel=\"noopener\">les Grecs<\/a>, <a href=\"https:\/\/www.youtube.com\/watch?v=6dAngWlrIEI\" data-rel=\"lightbox-video-9\" target=\"_blank\" rel=\"noopener\">les Egyptiens<\/a>, <a href=\"https:\/\/www.youtube.com\/watch?v=i143lqjMr6Y\" data-rel=\"lightbox-video-10\" target=\"_blank\" rel=\"noopener\">les Romains<\/a>, &#8230;<br \/>\nLes grandes civilisations (2): <a href=\"https:\/\/www.youtube.com\/watch?v=liABsTKXOB8\" data-rel=\"lightbox-video-11\" target=\"_blank\" rel=\"noopener\">les Vikings<\/a>, <a href=\"https:\/\/www.youtube.com\/watch?v=UCejP7T1PNc\" data-rel=\"lightbox-video-12\" target=\"_blank\" rel=\"noopener\">les Perse<\/a>, <a href=\"https:\/\/www.youtube.com\/watch?v=kxE8ZNMPe_M\" data-rel=\"lightbox-video-13\" target=\"_blank\" rel=\"noopener\">les Maya<\/a><br \/>\nLes grandes femmes: <a href=\"https:\/\/www.youtube.com\/watch?v=kiht1B9EF_E\" data-rel=\"lightbox-video-14\" target=\"_blank\" rel=\"noopener\">Cl\u00e9op\u00e2tre<\/a>, Anne Frank, Lady Di,&#8230;<br \/>\nLes grands peintres: Picasso, Gauguin, Van Gogh, &#8230;<br \/>\nLes grands \u00ab\u00a0faiseurs de paix\u00a0\u00bb: Ganghi, Nelson Mandela, &#8230;<br \/>\nPlaylist compl\u00e8te sur Youtube: <a href=\"https:\/\/www.youtube.com\/@QuelleHistoireParis\/featured\" target=\"_blank\" rel=\"noopener\">Quelle Histoire!<\/a><\/strong><\/p>\n<p><strong>Conte:\u00a0 (\u00e0 \u00e9couter et lire)<br \/>\n<a href=\"http:\/\/clpav.fr\/salle-lecture.htm\" target=\"_blank\" rel=\"noopener\">1) Contes de Perrault<\/a><br \/>\n2) <a href=\"https:\/\/www.conte-moi.net\/conte-moi-francophonie\" target=\"_blank\" rel=\"noopener\">Conte-moi la Francophonie<\/a><br \/>\n<a href=\"https:\/\/www.iletaitunehistoire.com\/genres\/contes-et-legendes\" target=\"_blank\" rel=\"noopener\">3) Contes et l\u00e9gendes<\/a><br \/>\n<em>\u00a0\u00a0\u00a0 Pour se connecter:\u00a0\u00a0\u00a0\u00a0 email: &#x63;&#x6c;&#x61;&#x73;&#115;&#101;&#52;&#53;edp&#x40;&#x67;&#x6d;&#x61;&#x69;&#108;&#46;&#99;om\u00a0\u00a0 ;\u00a0\u00a0\u00a0\u00a0\u00a0 mot de passe: pacifique<br \/>\n4) <a href=\"https:\/\/www.radioclassique.fr\/podcasts-et-emissions\/histoires-en-musique\/\" target=\"_blank\" rel=\"noopener\">67 Contes classiques (en musique)<\/a> &#8211; sans texte.<\/em><\/strong><\/p>\n<p><strong>Histoires courtes \u00e0 \u00c9COUTER:<\/strong><strong><br \/>\n<\/strong>NOUVEAU: <a href=\"https:\/\/ririro.com\/fr\/\" target=\"_blank\" rel=\"noopener\">Ririro: contes et histoires<\/a><\/p>\n<p><em><strong><a href=\"https:\/\/podcast.ausha.co\/le-club-de-lulu\" target=\"_blank\" rel=\"noopener\">Le Club de Lulu<\/a> \u00a0 (histoires pour apprendre et grandir)<\/strong><\/em><\/p>\n<p><strong>Documentaire \u00e0 \u00e9couter:<\/strong><br \/>\n<a href=\"https:\/\/www.imagesdoc.com\/planete-images-doc\/qui-a-invente-le-podcast-qui-eclaire-la-curiosite\" target=\"_blank\" rel=\"noopener\">Podcast ImageDoc \u00ab\u00a0<strong>Qui a invent\u00e9?<\/strong>\u00ab\u00a0<\/a>\u00a0 (ou lien <a href=\"https:\/\/podcast.ausha.co\/qui-a-invente\" target=\"_blank\" rel=\"noopener\">ici<\/a>)<br \/>\n<a href=\"https:\/\/www.imagesdoc.com\/planete-images-doc\/curieux-de-sciences-nouveau-podcast-enfant-images-doc\" target=\"_blank\" rel=\"noopener\">Podcast ImageDoc \u00ab\u00a0<strong>Curieux de sciences<\/strong>\u00ab\u00a0<\/a> (ou lien <a href=\"https:\/\/podcast.ausha.co\/curieux-de-science\" target=\"_blank\" rel=\"noopener\">ici<\/a>)<br \/>\n<a href=\"https:\/\/www.franceinter.fr\/emissions\/les-odyssees\" target=\"_blank\" rel=\"noopener\">Les Odyss\u00e9es:\u00a0 <strong>Personnages Historique<\/strong><\/a><\/p>\n<p><del>OPTION 1a: <em><strong><a href=\"https:\/\/www.storyplayr.com\/bibliotheque\/age\/moyens\" target=\"_blank\" rel=\"noopener\">Storyplay&rsquo;r\u00a0&#8211; Niv. 1<\/a><\/strong> <\/em>(avec pages \u00e0 tourner)<\/del>\u00a0 PAYANT<br \/>\n<del>OPTION 1b: <em><strong><a href=\"https:\/\/www.storyplayr.com\/bibliotheque\/age\/grands\" target=\"_blank\" rel=\"noopener\">Storyplay&rsquo;r\u00a0&#8211; Niv. 2<\/a><\/strong> <\/em>(avec pages \u00e0 tourner)<\/del> PAYANT<br \/>\nOPTION 2: <em><strong><a href=\"https:\/\/www.banq.qc.ca\/jeunes\/raconte-moi-histoire\/\" target=\"_blank\" rel=\"noopener\">Raconte-moi une histoire<\/a><\/strong>\u00a0 (choisis la langue: Fran\u00e7ais)<\/em><br \/>\nOPTION 3:<em> <strong><a href=\"http:\/\/www.iletaitunehistoire.com\" target=\"_blank\" rel=\"noopener\">Il \u00e9tait une histoire<\/a><\/strong>(avec texte)<br \/>\n<\/em>OPTION 4:<strong> <a href=\"https:\/\/www.franceinter.fr\/emissions\/une-histoire-et-oli\" target=\"_blank\" rel=\"noopener\">Une histoire et&#8230;Oli <\/a><em><a href=\"https:\/\/www.franceinter.fr\/emissions\/une-histoire-et-oli\" target=\"_blank\" rel=\"noopener\">(au lit?<\/a> )<\/em><br \/>\n<\/strong>OPTION 5:\u00a0 <em><strong><a href=\"https:\/\/taleming.com\/les-ptites-histoires\/\" target=\"_blank\" rel=\"noopener\">Les p&rsquo;tites histoires<\/a><\/strong><\/em><\/p>\n<p><em><strong>nouveau:\u00a0\u00a0\u00a0 <a href=\"https:\/\/histoirescharretteriviererouge.ca\/histoire\/\" target=\"_blank\" rel=\"noopener\">Histoires M\u00e9tis<\/a> (\u00e0 lire et \u00e0 \u00e9couter)<\/strong><\/em><\/p>\n<p><strong>Autres Histoires \u00e0 \u00c9COUTER:<br \/>\n&#8211; <\/strong><a href=\"https:\/\/www.franceculture.fr\/bd-bande-dessinee\/les-aventures-de-tintin-quatre-albums-a-ecouter\" target=\"_blank\" rel=\"noopener\"><strong>4 aventures de Tintin<\/strong><\/a><br \/>\n<strong>&#8211; <a href=\"https:\/\/www.franceculture.fr\/creation-sonore\/une-selection-de-fictions-jeunesse-a-ecouter\" target=\"_blank\" rel=\"noopener\">Longues Fictions Jeunesse <\/a>: Tintin, Mowgli, PeterPan, Tom Sawyer,&#8230;<\/strong><\/p>\n<p><strong>r\u00e9cits \u00e0 REGARDER (et \u00c9COUTER) sur l&rsquo;Histoire:\u00a0 \u00a0!!!!!! VIEUX LIENS !!!!!<br \/>\n<a href=\"https:\/\/www.youtube.com\/playlist?list=PL7xKXsYmMJu-XReX549xlTeVTK_PBwgp3\" target=\"_blank\" rel=\"noopener\">Les grands d\u00e9couvreurs:<\/a> Marco Polo, Albert Einstein, Neil Amstrong, &#8230;<br \/>\n<a href=\"https:\/\/www.youtube.com\/playlist?list=PL7xKXsYmMJu_TJriUtI6q1V0kCDIoqwng\" target=\"_blank\" rel=\"noopener\">Les grands conqu\u00e9rants:<\/a> Jules C\u00e9sar, Gengis Khan, Napoleon, &#8230;<br \/>\n<a href=\"https:\/\/www.youtube.com\/playlist?list=PL7xKXsYmMJu81x8wbXwNyGBCCQsLBSBzy\" target=\"_blank\" rel=\"noopener\">Les grandes civilisations (1):<\/a> Grecs, Egyptiens, Romain, &#8230;<br \/>\n<a href=\"https:\/\/www.youtube.com\/playlist?list=PL7xKXsYmMJu9l2DKPJ9Va6US3Ng1bZrrM\" target=\"_blank\" rel=\"noopener\">Les grandes civilisations (2)<\/a><a href=\"https:\/\/www.youtube.com\/playlist?list=PL7xKXsYmMJu81x8wbXwNyGBCCQsLBSBzy\" target=\"_blank\" rel=\"noopener\">:<\/a> Vikings, Perse, Maya<br \/>\n<a href=\"https:\/\/www.youtube.com\/playlist?list=PL7xKXsYmMJu9HZagN87n52LO6ypvla9Hb\" target=\"_blank\" rel=\"noopener\">Les grandes femmes:<\/a> Cl\u00e9op\u00e2tre, Anne Frank, Lady Di,&#8230;<br \/>\n<a href=\"https:\/\/www.youtube.com\/playlist?list=PL7xKXsYmMJu_sWOVdVqwv-VLaoSctCsLl\" target=\"_blank\" rel=\"noopener\">Les grands peintres:<\/a> Picasso, Gauguin, Van Gogh, &#8230;<br \/>\n<a href=\"https:\/\/www.youtube.com\/playlist?list=PL7xKXsYmMJu_-KeyoZO-USJhNnExYYQsM\" target=\"_blank\" rel=\"noopener\">Les grands \u00ab\u00a0faiseurs de paix\u00a0\u00bb:<\/a> Ganghi, Nelson Mandela, &#8230;<br \/>\nPlaylist compl\u00e8te sur Youtube: <a href=\"https:\/\/www.youtube.com\/@QuelleHistoireParis\/featured\" target=\"_blank\" rel=\"noopener\">Quelle Histoire!<\/a><\/strong><\/p>\n<p><strong>Histoire \u00e0 \u00c9COUTER et \u00e0 REGARDER:<br \/>\n<\/strong>&#8211; <a href=\"https:\/\/ici.radio-canada.ca\/jeunesse\/prescolaire\/emissions\/6517\/les-belles-histoires-des-tout-petits\/contenu\/videos\/accueil\" target=\"_blank\" rel=\"noopener\">Les Belles Histoires des tout petits<\/a><a href=\"https:\/\/ici.radio-canada.ca\/jeunesse\/prescolaire\/emissions\/6517\/les-belles-histoires-des-tout-petits\/contenu\/videos\/accueil\" target=\"_blank\" rel=\"noopener\"><br \/>\n<\/a>&#8211; Les petites histoires d&rsquo;OUFtivi\u00a0\u00a0 NON!<br \/>\n&#8211; Les histoires de la classe de Line\u00a0 NON!<\/p>\n<p>&#8211; <a href=\"http:\/\/www.iletaitunehistoire.com\" target=\"_blank\" rel=\"noopener\">Il \u00e9tait une histoire<\/a>\u00a0\u00a0 (avec texte)<br \/>\n<em>\u00a0\u00a0 Pour se connecter:\u00a0 email: classe45edp@gmail .com\u00a0 ;\u00a0 mot de passe: pacifique<\/em><\/p>\n<p>OPTION 2:\u00a0\u00a0 <strong><a href=\"https:\/\/jeunesse.short-edition.com\/podcasts\" target=\"_blank\" rel=\"noopener\">Short Edition: podcasts<\/a><\/strong> NON! (payant)<\/p>\n<p><strong>Conte de No\u00ebl:<\/strong><\/p>\n<p><a href=\"https:\/\/www.youtube.com\/watch?v=T-ZzhY0IN6U\" data-rel=\"lightbox-video-15\" target=\"_blank\" rel=\"noopener\">casse-noisette<\/a> \u00a0\u00a0\u00a0\u00a0\u00a0 histoire 1 \u00a0\u00a0\u00a0\u00a0\u00a0\u00a0 <a href=\"https:\/\/www.youtube.com\/watch?v=oZHKUANKGYA\" data-rel=\"lightbox-video-16\" target=\"_blank\" rel=\"noopener\">histoire 2<\/a> \u00a0 \u00a0\u00a0 <a href=\"https:\/\/www.youtube.com\/watch?v=XnpW2RtKq_8&amp;t=68s\" data-rel=\"lightbox-video-17\" target=\"_blank\" rel=\"noopener\">histoire 3<\/a><\/p>\n<p><a href=\"https:\/\/www.youtube.com\/watch?v=6oxarZdTh2A\" data-rel=\"lightbox-video-18\" target=\"_blank\" rel=\"noopener\">histoire 4<\/a><\/p>\n","protected":false},"excerpt":{"rendered":"<p>QUELLE HISTOIRE !!!!! r\u00e9cits \u00e0 REGARDER (et \u00c9COUTER) sur l&rsquo;Histoire: Les grands d\u00e9couvreurs: Marco Polo, Albert Einstein, Neil Amstrong, L\u00e9onard de Vinci&#8230; Les grands conqu\u00e9rants: Jules C\u00e9sar, Gengis Khan, Napoleon, &#8230; Les grandes civilisations (1): les Gaulois, les Grecs, les Egyptiens, les Romains, &#8230; Les grandes civilisations (2): les Vikings, les Perse, les Maya Les &hellip; <a href=\"https:\/\/classesbranchees.csf.bc.ca\/ecoledupacifique\/francais-ecoute\/\" class=\"more-link\">Continuer la lecture de <span class=\"screen-reader-text\">Fran\u00e7ais &#8211; \u00c9coute<\/span> <span class=\"meta-nav\">&rarr;<\/span><\/a><\/p>\n","protected":false},"author":40,"featured_media":0,"parent":0,"menu_order":0,"comment_status":"closed","ping_status":"closed","template":"","meta":[],"_links":{"self":[{"href":"https:\/\/classesbranchees.csf.bc.ca\/ecoledupacifique\/wp-json\/wp\/v2\/pages\/800"}],"collection":[{"href":"https:\/\/classesbranchees.csf.bc.ca\/ecoledupacifique\/wp-json\/wp\/v2\/pages"}],"about":[{"href":"https:\/\/classesbranchees.csf.bc.ca\/ecoledupacifique\/wp-json\/wp\/v2\/types\/page"}],"author":[{"embeddable":true,"href":"https:\/\/classesbranchees.csf.bc.ca\/ecoledupacifique\/wp-json\/wp\/v2\/users\/40"}],"replies":[{"embeddable":true,"href":"https:\/\/classesbranchees.csf.bc.ca\/ecoledupacifique\/wp-json\/wp\/v2\/comments?post=800"}],"version-history":[{"count":48,"href":"https:\/\/classesbranchees.csf.bc.ca\/ecoledupacifique\/wp-json\/wp\/v2\/pages\/800\/revisions"}],"predecessor-version":[{"id":1893,"href":"https:\/\/classesbranchees.csf.bc.ca\/ecoledupacifique\/wp-json\/wp\/v2\/pages\/800\/revisions\/1893"}],"wp:attachment":[{"href":"https:\/\/classesbranchees.csf.bc.ca\/ecoledupacifique\/wp-json\/wp\/v2\/media?parent=800"}],"curies":[{"name":"wp","href":"https:\/\/api.w.org\/{rel}","templated":true}]}}