{"id":798,"date":"2020-04-13T11:16:38","date_gmt":"2020-04-13T18:16:38","guid":{"rendered":"http:\/\/classesbranchees.csf.bc.ca\/ecoledupacifique\/?page_id=798"},"modified":"2026-01-19T17:50:24","modified_gmt":"2026-01-20T01:50:24","slug":"francais-lecture","status":"publish","type":"page","link":"https:\/\/classesbranchees.csf.bc.ca\/ecoledupacifique\/francais-lecture\/","title":{"rendered":"Fran\u00e7ais &#8211; Lecture"},"content":{"rendered":"<p><strong>CONTES:<br \/>\n1) <a href=\"http:\/\/fr.hellokids.com\/r_7\/lire-et-apprendre\/contes-pour-enfant\" target=\"_blank\" rel=\"noopener\">Contes divers pour enfants<\/a><br \/>\n<a href=\"http:\/\/clpav.fr\/salle-lecture.htm\" target=\"_blank\" rel=\"noopener\">2) Contes de Perrault<\/a><br \/>\n<a href=\"https:\/\/www.iletaitunehistoire.com\/genres\/contes-et-legendes\" target=\"_blank\" rel=\"noopener\">3) Contes et l\u00e9gendes *<\/a><br \/>\n<em>* CONNEXION:\u00a0 nom d&rsquo;utilisateur: &#99;l&#x61;s&#x73;e&#x34;&#53;&#x65;&#100;&#x70;&#64;g&#x6d;a&#x69;l&#x2e;&#99;&#x6f;&#109;\u00a0\u00a0\u00a0\u00a0\u00a0\u00a0 Mot de passe: pacifique<\/em><\/strong><\/p>\n<p><strong>NOUVEAU:<\/strong><br \/>\n<a href=\"https:\/\/litterature-jeunesse-libre.fr\/bbs\/\" target=\"_blank\" rel=\"noopener\">albums en ligne (Litt\u00e9rature Jeunesse Libre)<\/a> &#8211; pdf \u00e0 t\u00e9l\u00e9charger!<br \/>\n<a href=\"https:\/\/numerico.cforp.ca\/magazines\/MMaM\" target=\"_blank\" rel=\"noopener\">magazine: Mon Mag \u00e0 Moi<\/a> &#8211; webzine ou avec pages \u00e0 tourner.<\/p>\n<p><strong>Livres (avec pages \u00e0 tourner)<\/strong> &#8211; \u00e0 lire et\/ou \u00e0 \u00e9couter<br \/>\n<em>&#8211; <a href=\"https:\/\/csf-bc.cantookeducation.com\/explore\/products?qt=as&amp;title=&amp;description=&amp;author=&amp;contributor=&amp;collection=&amp;publisher=&amp;isbn=&amp;publishing_date=all&amp;language=all&amp;audience=beginner_reader&amp;media_type=all\" target=\"_blank\" rel=\"noopener\">Cantook &#8211; niveau 1\u00a0<\/a>\u00a0\u00a0 livres et BDs<br \/>\n&#8211; <a href=\"https:\/\/csf-bc.cantookeducation.com\/explore\/products?qt=as&amp;title=&amp;description=&amp;author=&amp;contributor=&amp;collection=&amp;publisher=&amp;isbn=&amp;publishing_date=all&amp;language=all&amp;audience=advanced_reader&amp;media_type=all\" target=\"_blank\" rel=\"noopener\">Cantook &#8211; niveau 2<\/a>\u00a0 livres et BDs<br \/>\n<\/em>&#8211; <a href=\"https:\/\/www.ebookids.com\/?langue=fr\" target=\"_blank\" rel=\"noopener\">eBooksKids<\/a><em> &#8211; livres divers (de 5 \u00e0 10ans)<br \/>\n<\/em><\/p>\n<p><strong>Histoires en ligne:<\/strong><br \/>\n&#8211; <a href=\"http:\/\/fr.hellokids.com\/r_7\/lire-et-apprendre\/contes-pour-enfant\" target=\"_blank\" rel=\"noopener\">Contes divers pour enfants<\/a><em><br \/>\n&#8211; <a href=\"https:\/\/www.iletaitunehistoire.com\/\" target=\"_blank\" rel=\"noopener\">Il \u00e9tait une histoire<\/a> *<\/em><br \/>\n<em> * CONNEXION:\u00a0 nom d&rsquo;utilisateur: &#x63;&#108;a&#x73;&#115;e&#x34;&#53;e&#x64;&#112;&#64;&#x67;&#109;a&#x69;&#x6c;&#46;&#x63;&#x6f;&#109;\u00a0\u00a0\u00a0\u00a0\u00a0\u00a0 Mot de passe: pacifique<\/em><\/p>\n<p><strong>Documentaires en ligne:<\/strong><em><br \/>\n<\/em>&#8211; <a href=\"http:\/\/monecole.fr\/disciplines\/litterature\/rallyelecturefr-documentaires-animaliers-en-ligne\" target=\"_blank\" rel=\"noopener\">Textes DOC sur des ANIMAUX<\/a>\u00a0\u00a0\u00a0 <em>Clique sur la \u00ab\u00a0fiche\u00a0\u00bb pour voir le texte<br \/>\n<\/em>&#8211; <a href=\"http:\/\/zoutils.ek.la\/documentaires-c612532\" target=\"_blank\" rel=\"noopener\">Textes DOC*\u00a0 divers\u00a0<\/a>\u00a0\u00a0\u00a0\u00a0 <em>Clique sur le sujet qui t&rsquo;int\u00e9resse, puis sur l&rsquo;option \u00ab\u00a0t\u00e9l\u00e9charger\u00a0\u00bb<br \/>\n&#8211; <a href=\"https:\/\/www.iletaitunehistoire.com\/genres\/documentaires\" target=\"_blank\" rel=\"noopener\">Textes courts (Il \u00e9tait une histoire)<\/a>\u00a0\u00a0\u00a0\u00a0 CONNEXION: &#99;&#x6c;&#97;&#x73;s&#x65;4&#53;&#x65;&#100;&#x70;&#64;&#x67;m&#x61;i&#108;&#x2e;&#99;&#x6f;m\u00a0\u00a0\u00a0 +\u00a0 pacifique<br \/>\n* il est possible d&rsquo;imprimer ces textes<\/em><\/p>\n<p><strong>Magazines DOCUMENTAIRE:<br \/>\n&#8211; <a href=\"https:\/\/www.wakou-magazine.com\/magazine\/feuilleter-mag\" target=\"_blank\" rel=\"noopener\">Wakou: Pour les petits curieux de la nature<\/a>\u00a0 (Niveau de lecture 1)<br \/>\n&#8211; <a href=\"https:\/\/www.youpi.fr\/magazine\/feuilleter-mag\" target=\"_blank\" rel=\"noopener\">Youpi:\u00a0Toutes les r\u00e9ponses<\/a>\u00a0\u00a0\u00a0 (Niveau de lecture 1)<br \/>\n&#8211; <a href=\"https:\/\/www.wapiti-magazine.com\/magazine\/feuilleter-mag\" target=\"_blank\" rel=\"noopener\">Wapiti: Science et Nature<\/a> (Niveau de lecture 2)<br \/>\n&#8211; <a href=\"https:\/\/www.geoado.com\/feuilletez-magazine\" target=\"_blank\" rel=\"noopener\">G\u00e9o Ado: le magazine de notre plan\u00e8te<\/a>\u00a0 (Niveau de lecture 3)<\/strong><br \/>\n&#8211; <a href=\"https:\/\/www.imagesdoc.com\/magazine\/feuilleter-mag\" target=\"_blank\" rel=\"noopener\">ImageDoc: un monde de d\u00e9couverte<\/a>\u00a0 (Niveau de lecture 2)<\/p>\n<p><strong>Magazines AUTRE (mois de MAI):<br \/>\n&#8211; <a href=\"https:\/\/www.belleshistoires.com\/magazine-mes-premieres-belles-histoires-2-5-ans\/le-feuilletage\" target=\"_blank\" rel=\"noopener\">Les Belles Histoires<\/a>\u00a0 (Niveau de lecture 1)<br \/>\n&#8211; <a href=\"https:\/\/www.mordelire.com\/magazine\/feuilleter-mag#_ga=2.18789183.747497185.1589216318-1394001604.1589216318\" target=\"_blank\" rel=\"noopener\">Moredelire<\/a>\u00a0\u00a0 (Niveau de lecture 2)<\/strong><br \/>\n&#8211; <strong><a href=\"https:\/\/www.curionautes.com\/magazine\/feuilletez-le-mag\/#_ga=2.216118160.747497185.1589216318-1394001604.1589216318\" target=\"_blank\" rel=\"noopener\">Curionautes<\/a> (Niveau de lecture 3)<br \/>\n&#8211; <a href=\"https:\/\/www.jaimelire.com\/j-aime-lire-max-9-13-ans-2\/le-feuilletage\" target=\"_blank\" rel=\"noopener\">J&rsquo;aime Lire Max <\/a>(Niveau de lecture 3)<\/strong><\/p>\n<p><strong>Inf\u00e9rence en lecture:\u00a0<\/strong>\u00a0\u00a0 <a href=\"https:\/\/jerevise.net\/jeux\/inference\/index.php\" target=\"_blank\" rel=\"noopener\">Lis-tu entre les lignes<\/a><\/p>\n<p><strong>Entra\u00eenement \u00e0 la lecture:<\/strong>\u00a0\u00a0\u00a0\u00a0 <a href=\"https:\/\/www.clicmaclasse.fr\/activites\/domi-mots\/domi-mots.html\" target=\"_blank\" rel=\"noopener\">DOMINO: Domi-mots<\/a>\u00a0\u00a0 (choisir une s\u00e9rie dans <em>Pr\u00e9f\u00e9rences<\/em>)<\/p>\n<p><strong>Lire avec aide:\u00a0<\/strong>\u00a0 <a href=\"https:\/\/literacy.concordia.ca\/abra\/fr\/\" target=\"_blank\" rel=\"noopener\">Abracadabra<\/a><\/p>\n<p><a href=\"https:\/\/www.1jour1actu.com\/monde\/\" target=\"_blank\" rel=\"noopener\">1jour1actu: magazine en ligne<\/a><\/p>\n<p><strong>Livres (avec pages \u00e0 tourner)<\/strong> &#8211; \u00e0 lire et\/ou \u00e0 \u00e9couter<br \/>\n<em>&#8211; <a href=\"https:\/\/www.storyplayr.com\/bibliotheque\/age\/grands\" target=\"_blank\" rel=\"noopener\">Storyplay&rsquo;r\u00a0<\/a> &#8211; grand choix de livres (d\u00e8s 7 ans) PAYANT<\/em><\/p>\n<p><strong>Contes et Histoires de No\u00ebl:<br \/>\n&#8211; <a href=\"https:\/\/www.vivenoel.com\/contes\/default.htm\" target=\"_blank\" rel=\"noopener\">Vive No\u00ebl<\/a><br \/>\n&#8211; <a href=\"https:\/\/www.ebookids.com\/search?text=noel\" target=\"_blank\" rel=\"noopener\">eBooksKids<\/a><br \/>\n&#8211; <a href=\"https:\/\/fr.hellokids.com\/r_144\/lire-et-apprendre\/contes-pour-enfant\/contes-de-noel\" target=\"_blank\" rel=\"noopener\">HelloKids<\/a><br \/>\n&#8211; <a href=\"https:\/\/www.meshistoiresdusoir.fr\/t\/noel\/\" target=\"_blank\" rel=\"noopener\">Mes histoires du soir<\/a><\/strong><\/p>\n<p><a href=\"http:\/\/classesbranchees.csf.bc.ca\/ecoledupacifique\/wp-content\/uploads\/sites\/6\/322-poesies.pdf\">Recueil de po\u00e9sies: 322 po\u00e9sies \u00e0 d\u00e9couvrir<\/a><\/p>\n","protected":false},"excerpt":{"rendered":"<p>CONTES: 1) Contes divers pour enfants 2) Contes de Perrault 3) Contes et l\u00e9gendes * * CONNEXION:\u00a0 nom d&rsquo;utilisateur: &#x63;&#108;a&#x73;&#115;e&#x34;&#x35;&#101;&#x64;&#x70;&#64;g&#x6d;&#97;i&#x6c;&#x2e;&#99;&#x6f;&#x6d;\u00a0\u00a0\u00a0\u00a0\u00a0\u00a0 Mot de passe: pacifique NOUVEAU: albums en ligne (Litt\u00e9rature Jeunesse Libre) &#8211; pdf \u00e0 t\u00e9l\u00e9charger! magazine: Mon Mag \u00e0 Moi &#8211; webzine ou avec pages \u00e0 tourner. Livres (avec pages \u00e0 tourner) &#8211; \u00e0 lire &hellip; <a href=\"https:\/\/classesbranchees.csf.bc.ca\/ecoledupacifique\/francais-lecture\/\" class=\"more-link\">Continuer la lecture de <span class=\"screen-reader-text\">Fran\u00e7ais &#8211; Lecture<\/span> <span class=\"meta-nav\">&rarr;<\/span><\/a><\/p>\n","protected":false},"author":40,"featured_media":0,"parent":0,"menu_order":0,"comment_status":"closed","ping_status":"closed","template":"","meta":[],"_links":{"self":[{"href":"https:\/\/classesbranchees.csf.bc.ca\/ecoledupacifique\/wp-json\/wp\/v2\/pages\/798"}],"collection":[{"href":"https:\/\/classesbranchees.csf.bc.ca\/ecoledupacifique\/wp-json\/wp\/v2\/pages"}],"about":[{"href":"https:\/\/classesbranchees.csf.bc.ca\/ecoledupacifique\/wp-json\/wp\/v2\/types\/page"}],"author":[{"embeddable":true,"href":"https:\/\/classesbranchees.csf.bc.ca\/ecoledupacifique\/wp-json\/wp\/v2\/users\/40"}],"replies":[{"embeddable":true,"href":"https:\/\/classesbranchees.csf.bc.ca\/ecoledupacifique\/wp-json\/wp\/v2\/comments?post=798"}],"version-history":[{"count":35,"href":"https:\/\/classesbranchees.csf.bc.ca\/ecoledupacifique\/wp-json\/wp\/v2\/pages\/798\/revisions"}],"predecessor-version":[{"id":1879,"href":"https:\/\/classesbranchees.csf.bc.ca\/ecoledupacifique\/wp-json\/wp\/v2\/pages\/798\/revisions\/1879"}],"wp:attachment":[{"href":"https:\/\/classesbranchees.csf.bc.ca\/ecoledupacifique\/wp-json\/wp\/v2\/media?parent=798"}],"curies":[{"name":"wp","href":"https:\/\/api.w.org\/{rel}","templated":true}]}}