{"id":700,"date":"2020-03-30T13:22:35","date_gmt":"2020-03-30T20:22:35","guid":{"rendered":"http:\/\/classesbranchees.csf.bc.ca\/ecoledupacifique\/?page_id=700"},"modified":"2020-06-05T15:37:33","modified_gmt":"2020-06-05T22:37:33","slug":"classe-en-ligne","status":"publish","type":"page","link":"https:\/\/classesbranchees.csf.bc.ca\/ecoledupacifique\/classe-en-ligne\/","title":{"rendered":"Classe en ligne"},"content":{"rendered":"<h1 style=\"text-align: center\">en construction \/ under construction<\/h1>\n<p>&nbsp;<\/p>\n<h2 style=\"text-align: center\"><strong>Plan de la semaine du 8 au 12 juin <\/strong><\/h2>\n<p><a href=\"http:\/\/classesbranchees.csf.bc.ca\/ecoledupacifique\/wp-content\/uploads\/sites\/6\/plan-de-travail_semaine-10.pdf\">Version PDF (\u00e0 t\u00e9l\u00e9charger et imprimer) <\/a> \u00a0\u00a0\u00a0 \u00a0 \u00a0 \u00a0 \u00a0\u00a0 NOUVEAU:\u00a0<a href=\"http:\/\/classesbranchees.csf.bc.ca\/ecoledupacifique\/wp-content\/uploads\/sites\/6\/Horaire-Zoom-4-5-NEW-NEW.pdf\">Horaire Zoom pour JUIN<\/a><\/p>\n<h5><strong><span style=\"text-decoration: underline\">1.Fran\u00e7ais:<\/span>\u00a0 <\/strong><strong>\u00ab\u00a0PR\u00c9SENTATION D&rsquo;ART ORATOIRE\u00a0\u00bb <\/strong><\/h5>\n<p><span style=\"text-decoration: underline\">Consignes:<\/span> \u00a0 \u00a0 <a href=\"http:\/\/classesbranchees.csf.bc.ca\/ecoledupacifique\/wp-content\/uploads\/sites\/6\/Instructions.pdf\">Feuille de consignes (en fran\u00e7ais)<\/a> \u00a0 \u00a0\u00a0 \u00a0 <a href=\"http:\/\/classesbranchees.csf.bc.ca\/ecoledupacifique\/wp-content\/uploads\/sites\/6\/Instructions-English.pdf\">Feuille de consignes (in English)<\/a><br \/>\nExemples de sujets:\u00a0\u00a0<a href=\"http:\/\/classesbranchees.csf.bc.ca\/ecoledupacifique\/wp-content\/uploads\/sites\/6\/exemples.pdf\">exemples (en fran\u00e7ais)<\/a><br \/>\nRESSOURCES ci-dessous<\/p>\n<p style=\"text-align: left\"><em>SUGG\u00c9R\u00c9:\u00a0 &#8211; VID\u00c9OS \u00a0\u00a0 Mini<a href=\"https:\/\/classesbranchees.csf.bc.ca\/ecoledupacifique\/photos\/\">-film, Docu-fiction\u00a0\u00a0 <span style=\"text-decoration: underline\">ou<\/span>\u00a0 Dessins-anim\u00e9s SCIENTIFIQUE<\/a><\/em><br \/>\n<em> <span style=\"text-decoration: underline\">ou<\/span>\u00a0\u00a0\u00a0\u00a0\u00a0\u00a0\u00a0\u00a0\u00a0\u00a0\u00a0\u00a0\u00a0\u00a0\u00a0\u00a0\u00a0\u00a0\u00a0\u00a0 \u00a0 \u00a0 \u00a0\u00a0\u00a0 \u00a0 \u00a0\u00a0\u00a0\u00a0\u00a0\u00a0 <a href=\"https:\/\/classesbranchees.csf.bc.ca\/ecoledupacifique\/photos\/\">Films et \u00c9mission Jeunesse<\/a>\u00a0\u00a0\u00a0\u00a0\u00a0\u00a0\u00a0 ou\u00a0 \u00a0\u00a0 <a href=\"https:\/\/www.youtube.com\/playlist?list=PLQ3FAhtRAkD6Ez5Hl74GGj5W9O0MXaWvz\" target=\"_blank\">dessins-anim\u00e9s de Tintin<\/a><br \/>\n<\/em><\/p>\n<p style=\"text-align: left\"><em>autre: \u00a0\u00a0 \u00a0\u00a0\u00a0\u00a0\u00a0 &#8211; TEXTES \u00a0\u00a0 <a href=\"https:\/\/classesbranchees.csf.bc.ca\/ecoledupacifique\/francais-lecture\/\">A LIRE<\/a> \u00a0\u00a0 <strong>ou\u00a0\u00a0\u00a0 <\/strong><a href=\"https:\/\/classesbranchees.csf.bc.ca\/ecoledupacifique\/francais-ecoute\/\">A \u00c9COUTER<\/a><\/em><\/p>\n<h5><strong><span style=\"text-decoration: underline\">2. Math:<\/span>\u00a0 <\/strong><strong>LES FRACTIONS<\/strong><\/h5>\n<p><span style=\"text-decoration: underline\">Consigne:<\/span><br \/>\na) Regarde la vid\u00e9o de ton niveau<br \/>\nb) Compl\u00e8te chaque FEUILLE DE TRAVAIL<em>, <\/em>et corrige-toi avec avec les feuille de r\u00e9ponses<br \/>\nc) Publie ton travail sur Freshgrade<br \/>\nRESSOURCES ci-dessous<\/p>\n<p style=\"text-align: left\"><em>SUGG\u00c9R\u00c9:\u00a0\u00a0\u00a0\u00a0 <a href=\"https:\/\/www.topmarks.co.uk\/maths-games\/hit-the-button\" target=\"_blank\">Hit the Button<\/a> \u00a0\u00a0\u00a0 ou \u00a0\u00a0 \u00a0<a href=\"https:\/\/classesbranchees.csf.bc.ca\/ecoledupacifique\/liens-internet\/\"> Code (Hour of Code)<\/a><br \/>\n<\/em><\/p>\n<h5><strong><span style=\"text-decoration: underline\">3. Activit\u00e9 physique:<\/span>\u00a0 <\/strong><\/h5>\n<p><em>Vid\u00e9o \u00ab\u00a0FORCE 4\u00a0\u00bb : \u00a0\u00a0\u00a0\u00a0\u00a0\u00a0\u00a0\u00a0\u00a0\u00a0 <a href=\"https:\/\/www.force4.tv\/fr\/videos\" target=\"_blank\">VID\u00c9OS EN LIGNE<\/a><\/em><em><strong><br \/>\n<\/strong><\/em><\/p>\n<h5><span style=\"text-decoration: underline\"><strong>RESSOURCES:<\/strong><\/span><\/h5>\n<p>FRAN\u00c7AIS: \u00a0 \u00a0\u00a0\u00a0<a href=\"http:\/\/classesbranchees.csf.bc.ca\/ecoledupacifique\/wp-content\/uploads\/sites\/6\/Auto-e\u0301valuation-1.pdf\">Auto-\u00e9valuation 1 (texte) <\/a> \u00a0 \u00a0 \u00a0\u00a0<a href=\"http:\/\/classesbranchees.csf.bc.ca\/ecoledupacifique\/wp-content\/uploads\/sites\/6\/Auto-e\u0301valuation-2.pdf\">Auto-\u00e9valuation 2 (oral) <\/a><\/p>\n<p>MATH 4e:\u00a0 \u00a0 \u00a0 <a href=\"http:\/\/classesbranchees.csf.bc.ca\/ecoledupacifique\/wp-content\/uploads\/sites\/6\/Fractions-4e_document-1.pdf\">Travail 1<\/a> \u00a0 \u00a0\u00a0 <a href=\"https:\/\/classesbranchees.csf.bc.ca\/ecoledupacifique\/math\/\">Travail 2 (en ligne)<\/a> \u00a0 \u00a0\u00a0 <a href=\"http:\/\/classesbranchees.csf.bc.ca\/ecoledupacifique\/wp-content\/uploads\/sites\/6\/Fractions-4e_e\u0301valuation.pdf\">Travail 3 (\u00e9valuation)<\/a><br \/>\n(\u00a0<a href=\"http:\/\/classesbranchees.csf.bc.ca\/ecoledupacifique\/wp-content\/uploads\/sites\/6\/Fractions-4e_document-1-corrections.pdf\">R\u00e9ponses 1 <\/a> \u00a0 \u00a0\u00a0\u00a0\u00a0 <a href=\"http:\/\/classesbranchees.csf.bc.ca\/ecoledupacifique\/wp-content\/uploads\/sites\/6\/Fractions-4e_e\u0301valuation-corrections.pdf\">R\u00e9ponses 3<\/a> )<\/p>\n<p>MATH 5e: \u00a0 <a href=\"http:\/\/classesbranchees.csf.bc.ca\/ecoledupacifique\/wp-content\/uploads\/sites\/6\/Fractions-5e_nombres-fractionnaires.pdf\">Travail 1<\/a> \u00a0 \u00a0\u00a0 <a href=\"http:\/\/classesbranchees.csf.bc.ca\/ecoledupacifique\/wp-content\/uploads\/sites\/6\/Fractions-5e_re\u0301vision.pdf\">Travail 2 (r\u00e9vision) <\/a> \u00a0\u00a0 <a href=\"http:\/\/classesbranchees.csf.bc.ca\/ecoledupacifique\/wp-content\/uploads\/sites\/6\/Fractions-5e_e\u0301valuation.pdf\">Travail 3 (\u00c9valuation)<\/a><br \/>\n( <a href=\"http:\/\/classesbranchees.csf.bc.ca\/ecoledupacifique\/wp-content\/uploads\/sites\/6\/Fractions-5e_nombres-fractionnaires-Corrections.pdf\">R\u00e9ponses 1<\/a> \u00a0 \u00a0 \u00a0\u00a0 <a href=\"http:\/\/classesbranchees.csf.bc.ca\/ecoledupacifique\/wp-content\/uploads\/sites\/6\/Fractions-5e_re\u0301vision-corrections.pdf\">R\u00e9ponses 2<\/a> \u00a0 \u00a0\u00a0\u00a0 <a href=\"http:\/\/classesbranchees.csf.bc.ca\/ecoledupacifique\/wp-content\/uploads\/sites\/6\/Fractions-5e_e\u0301valuation-corrections.pdf\">R\u00e9ponses 3 <\/a>)<\/p>\n<p>VID\u00c9O sur les Fractions:<\/p>\n<p>pour les 4e ann\u00e9e seulement:<br \/>\n<div class=\"arve wp-block-nextgenthemes-arve\" data-mode=\"normal\" data-provider=\"iframe\" id=\"arve-iframe-httpsplayervimeocomvideo4256527706a049c6684e28967173077\" style=\"max-width:604px;\">\n<span class=\"arve-inner\">\n<span class=\"arve-embed arve-embed--has-aspect-ratio\">\n<span class=\"arve-ar\" style=\"padding-top:56.250000%\"><\/span><iframe allow=\"accelerometer; autoplay; clipboard-write; encrypted-media; gyroscope; picture-in-picture\" allowfullscreen class=\"arve-iframe fitvidsignore\" data-arve=\"arve-iframe-httpsplayervimeocomvideo4256527706a049c6684e28967173077\" data-src-no-ap=\"https:\/\/player.vimeo.com\/video\/425652770\" frameborder=\"0\" height=\"339.75\" sandbox=\"allow-scripts allow-same-origin allow-presentation allow-popups allow-popups-to-escape-sandbox allow-forms\" scrolling=\"no\" src=\"https:\/\/player.vimeo.com\/video\/425652770\" width=\"604\"><\/iframe>\n\n<\/span>\n\n<\/span>\n<script type=\"application\/ld+json\">{\"@context\":\"http:\\\/\\\/schema.org\\\/\",\"@id\":\"https:\\\/\\\/classesbranchees.csf.bc.ca\\\/ecoledupacifique\\\/classe-en-ligne\\\/#arve-iframe-httpsplayervimeocomvideo4256527706a049c6684e28967173077\",\"type\":\"VideoObject\",\"embedURL\":\"https:\\\/\\\/player.vimeo.com\\\/video\\\/425652770\"}<\/script>\n<\/div>\n<\/p>\n<p>pour les 5e seulement:<br \/>\n<div class=\"arve wp-block-nextgenthemes-arve\" data-mode=\"normal\" data-provider=\"iframe\" id=\"arve-iframe-httpsplayervimeocomvideo4256514456a049c6685061227560223\" style=\"max-width:604px;\">\n<span class=\"arve-inner\">\n<span class=\"arve-embed arve-embed--has-aspect-ratio\">\n<span class=\"arve-ar\" style=\"padding-top:56.250000%\"><\/span><iframe allow=\"accelerometer; autoplay; clipboard-write; encrypted-media; gyroscope; picture-in-picture\" allowfullscreen class=\"arve-iframe fitvidsignore\" data-arve=\"arve-iframe-httpsplayervimeocomvideo4256514456a049c6685061227560223\" data-src-no-ap=\"https:\/\/player.vimeo.com\/video\/425651445\" frameborder=\"0\" height=\"339.75\" sandbox=\"allow-scripts allow-same-origin allow-presentation allow-popups allow-popups-to-escape-sandbox allow-forms\" scrolling=\"no\" src=\"https:\/\/player.vimeo.com\/video\/425651445\" width=\"604\"><\/iframe>\n\n<\/span>\n\n<\/span>\n<script type=\"application\/ld+json\">{\"@context\":\"http:\\\/\\\/schema.org\\\/\",\"@id\":\"https:\\\/\\\/classesbranchees.csf.bc.ca\\\/ecoledupacifique\\\/classe-en-ligne\\\/#arve-iframe-httpsplayervimeocomvideo4256514456a049c6685061227560223\",\"type\":\"VideoObject\",\"embedURL\":\"https:\\\/\\\/player.vimeo.com\\\/video\\\/425651445\"}<\/script>\n<\/div>\n<\/p>\n","protected":false},"excerpt":{"rendered":"<p>en construction \/ under construction &nbsp; Plan de la semaine du 8 au 12 juin Version PDF (\u00e0 t\u00e9l\u00e9charger et imprimer) \u00a0\u00a0\u00a0 \u00a0 \u00a0 \u00a0 \u00a0\u00a0 NOUVEAU:\u00a0Horaire Zoom pour JUIN 1.Fran\u00e7ais:\u00a0 \u00ab\u00a0PR\u00c9SENTATION D&rsquo;ART ORATOIRE\u00a0\u00bb Consignes: \u00a0 \u00a0 Feuille de consignes (en fran\u00e7ais) \u00a0 \u00a0\u00a0 \u00a0 Feuille de consignes (in English) Exemples de sujets:\u00a0\u00a0exemples (en fran\u00e7ais) &hellip; <a href=\"https:\/\/classesbranchees.csf.bc.ca\/ecoledupacifique\/classe-en-ligne\/\" class=\"more-link\">Continuer la lecture de <span class=\"screen-reader-text\">Classe en ligne<\/span> <span class=\"meta-nav\">&rarr;<\/span><\/a><\/p>\n","protected":false},"author":40,"featured_media":0,"parent":0,"menu_order":0,"comment_status":"closed","ping_status":"closed","template":"","meta":[],"_links":{"self":[{"href":"https:\/\/classesbranchees.csf.bc.ca\/ecoledupacifique\/wp-json\/wp\/v2\/pages\/700"}],"collection":[{"href":"https:\/\/classesbranchees.csf.bc.ca\/ecoledupacifique\/wp-json\/wp\/v2\/pages"}],"about":[{"href":"https:\/\/classesbranchees.csf.bc.ca\/ecoledupacifique\/wp-json\/wp\/v2\/types\/page"}],"author":[{"embeddable":true,"href":"https:\/\/classesbranchees.csf.bc.ca\/ecoledupacifique\/wp-json\/wp\/v2\/users\/40"}],"replies":[{"embeddable":true,"href":"https:\/\/classesbranchees.csf.bc.ca\/ecoledupacifique\/wp-json\/wp\/v2\/comments?post=700"}],"version-history":[{"count":124,"href":"https:\/\/classesbranchees.csf.bc.ca\/ecoledupacifique\/wp-json\/wp\/v2\/pages\/700\/revisions"}],"predecessor-version":[{"id":1204,"href":"https:\/\/classesbranchees.csf.bc.ca\/ecoledupacifique\/wp-json\/wp\/v2\/pages\/700\/revisions\/1204"}],"wp:attachment":[{"href":"https:\/\/classesbranchees.csf.bc.ca\/ecoledupacifique\/wp-json\/wp\/v2\/media?parent=700"}],"curies":[{"name":"wp","href":"https:\/\/api.w.org\/{rel}","templated":true}]}}