{"id":50,"date":"2015-09-24T21:38:34","date_gmt":"2015-09-25T04:38:34","guid":{"rendered":"http:\/\/classesbranchees.csf.bc.ca\/ecoledupacifique\/?page_id=50"},"modified":"2026-04-16T11:59:32","modified_gmt":"2026-04-16T18:59:32","slug":"sciences","status":"publish","type":"page","link":"https:\/\/classesbranchees.csf.bc.ca\/ecoledupacifique\/sciences\/","title":{"rendered":"Sciences"},"content":{"rendered":"<p><strong>La lune:<\/strong><\/p>\n<p><a href=\"http:\/\/classesbranchees.csf.bc.ca\/ecoledupacifique\/wp-content\/uploads\/sites\/6\/Lune-en-chiffres-1.pdf\" target=\"_blank\" rel=\"noopener\">La lune en chiffres<\/a><\/p>\n<p><a href=\"https:\/\/www.edumedia.com\/fr\/media\/606-phases-de-la-lune\" target=\"_blank\" rel=\"noopener\">les phases de lune (animation )<\/a><\/p>\n<p><strong>Le syst\u00e8me solaire:<\/strong><\/p>\n<p>ressources Le Syst\u00e8me solaire:\u00a0 \u00a0 \u00a0<a href=\"https:\/\/junior.edumedia.com\/fr\/media\/345-systeme-solaire\" target=\"_blank\" rel=\"noopener\">Edumedia<\/a>\u00a0 \u00a0 \u00a0 \u00a0<a href=\"https:\/\/www.asc-csa.gc.ca\/fra\/astronomie\/systeme-solaire\/\" target=\"_blank\" rel=\"noopener\">Agence spatiale canadienne<\/a><\/p>\n<p><strong>Quizz:<\/strong>\u00a0\u00a0\u00a0 <a href=\"https:\/\/www.mesexercices.com\/exercices\/exercice-culture-2\/exercice-culture-60288.php\" target=\"_blank\" rel=\"noopener\">Niveau 1<\/a>\u00a0 \u00a0\u00a0 \u00a0 <a href=\"https:\/\/www.jeuxpedago.com\/jeux-svt-ce1-5eme-quiz-le-systeme-solaire-_pageid940.html\" target=\"_blank\" rel=\"noopener\">Niveau 2\u00a0<\/a> \u00a0\u00a0\u00a0 <a href=\"https:\/\/www.culturequizz.com\/quiz\/quiz-le-systeme-solaire\/\" target=\"_blank\" rel=\"noopener\">Niveau 3<\/a>\u00a0\u00a0\u00a0\u00a0\u00a0 <a href=\"https:\/\/quipoquiz.com\/quiz\/le-systeme-solaire\/index\" target=\"_blank\" rel=\"noopener\">Niveau 4<\/a><\/p>\n<p>Diaporama: \u00a0 <a href=\"http:\/\/classesbranchees.csf.bc.ca\/ecoledupacifique\/wp-content\/uploads\/sites\/6\/systeme-solaire_fiche3_diaporama_ordre-planetes.pdf\">Ordre des plan\u00e8tes<\/a>\u00a0\u00a0\u00a0\u00a0\u00a0\u00a0<a href=\"http:\/\/classesbranchees.csf.bc.ca\/ecoledupacifique\/wp-content\/uploads\/sites\/6\/systeme-solaire_fiche3_diaporama_fiche-identite.pdf\">Fiche d&rsquo;identit\u00e9 des plan\u00e8tes<\/a> \u00a0\u00a0\u00a0\u00a0\u00a0 <a href=\"http:\/\/classesbranchees.csf.bc.ca\/ecoledupacifique\/wp-content\/uploads\/sites\/6\/systeme-solaire_fiche2_diaporama.pdf\">Les \u00ab\u00a0objets\u00a0\u00bb de l&rsquo;espace<\/a><\/p>\n<p><em>Autres ressources pour apprendre :\u00a0 \u00a0 <\/em><em><a href=\"http:\/\/villemin.gerard.free.fr\/Science\/Soleil.htm\" target=\"_blank\" rel=\"noopener\">Astronomie &#8211; Astres<\/a> \u00a0\u00a0\u00a0\u00a0\u00a0\u00a0\u00a0 <a href=\"https:\/\/fr.vikidia.org\/wiki\/Syst%C3%A8me_solaire\" target=\"_blank\" rel=\"noopener\">Vikidia (encyclop\u00e9die 8-13 ans)<\/a><br \/>\n<\/em><\/p>\n<p>&nbsp;<\/p>\n<p>&nbsp;<\/p>\n<p><a href=\"https:\/\/jourdelaterre.org\/qc\/22-avril\/campagne\/biodiversite\/\" target=\"_blank\" rel=\"noopener\">https:\/\/jourdelaterre.org\/qc\/22-avril\/campagne\/biodiversite\/<\/a><\/p>\n<p>&nbsp;<\/p>\n<p><strong>Le corps humain:<\/strong><\/p>\n<p>Le coeur:\u00a0\u00a0\u00a0 <a href=\"https:\/\/junior.edumedia.com\/fr\/media\/314-anatomie-du-coeur\" target=\"_blank\" rel=\"noopener\">anatomie<\/a> \u00a0\u00a0\u00a0 <a href=\"https:\/\/junior.edumedia.com\/fr\/media\/130-le-sang\" target=\"_blank\" rel=\"noopener\">cycle cardiaque<\/a> \u00a0\u00a0\u00a0\u00a0\u00a0\u00a0 <a href=\"https:\/\/sketchfab.com\/3d-models\/human-heart-3d-animated-911272d9f7c146bea5403d1e4d2dfb31\" target=\"_blank\" rel=\"noopener\">animation 3D<\/a><\/p>\n<p>+ \u00a0 \u00a0 \u00a0 \u00a0 \u00a0 \u00a0 \u00a0 \u00a0 \u00a0\u00a0 <a href=\"https:\/\/junior.edumedia.com\/fr\/media\/358-le-sang\" target=\"_blank\" rel=\"noopener\">circulation<\/a>\u00a0 \u00a0 \u00a0 <a href=\"https:\/\/junior.edumedia.com\/fr\/media\/348-le-sang\" target=\"_blank\" rel=\"noopener\">le sang<\/a> \u00a0\u00a0 <a href=\"http:\/\/classesbranchees.csf.bc.ca\/ecoledupacifique\/wp-content\/uploads\/sites\/6\/Mon-film-Grande.mov\" target=\"_blank\" rel=\"noopener\">Zoom sur le coeur<\/a><\/p>\n<p>La digestion: \u00a0 \u00a0 \u00a0\u00a0 <a href=\"https:\/\/junior.edumedia-sciences.com\/fr\/media\/807-video-la-digestion\" target=\"_blank\" rel=\"noopener\">film en ligne<\/a> \u00a0 \u00a0\u00a0 \u00a0 \u00a0 <a href=\"http:\/\/junior.edumedia-sciences.com\/fr\/media\/319-organes-du-corps-humain\" target=\"_blank\" rel=\"noopener\">Les organes \u00a0 \u00a0 \u00a0<\/a><br \/>\n<strong>ATTENTION:\u00a0\u00a0\u00a0\u00a0\u00a0 pour se connecter&#8230;<\/strong> \u00a0 Identifiant:\u00a0<span id=\"OBJ_PREFIX_DWT209_com_zimbra_url\" class=\"Object\"><span id=\"OBJ_PREFIX_DWT215_com_zimbra_url\" class=\"Object\"><strong><em>csf.bc.ca\u00a0<\/em><\/strong><a href=\"https:\/\/linkprotect.cudasvc.com\/url?a=http%3a%2f%2fcsf.bc.ca&amp;c=E,1,ouhd2SAyYv3DJfmlMD7i173_oUQXKTKxDyDTf7IgRL2VNkszVSw0ZW0r3Zw08SHtbE-x5tUX9YJlZjV7qf8jovZNUJa6u730xskz-WC2j3lLI-cjQZ4,&amp;typo=1\" target=\"_blank\" rel=\"noopener\">\u00a0\u00a0\u00a0 <\/a><\/span><\/span>Mot de passe: <strong><em><span id=\"DWT211\" class=\"ZmSearchResult\"><span id=\"DWT217\" class=\"ZmSearchResult\">edumedia<\/span><\/span><\/em><\/strong><\/p>\n<p><a href=\"https:\/\/junior.edumedia.com\/fr\/media\/636-quiz-appareil-digestif\" target=\"_blank\" rel=\"noopener\">quizz (organes)<\/a> \u00a0 \u00a0 \u00a0 <a href=\"https:\/\/www.quizz.biz\/quizz-219958.html\" target=\"_blank\" rel=\"noopener\">quizz (processus) <\/a><\/p>\n<p><a href=\"http:\/\/junior.edumedia-sciences.com\/fr\/media\/696-corps-humain\" target=\"_blank\" rel=\"noopener\">Le corps<\/a> \u00a0\u00a0\u00a0\u00a0\u00a0\u00a0\u00a0\u00a0\u00a0 <a href=\"http:\/\/junior.edumedia-sciences.com\/fr\/media\/319-organes-du-corps-humain\" target=\"_blank\" rel=\"noopener\">Les organes \u00a0 \u00a0 \u00a0<\/a><\/p>\n<p>le squelette:\u00a0\u00a0\u00a0\u00a0 <a href=\"http:\/\/classesbranchees.csf.bc.ca\/ecoledupacifique\/wp-content\/uploads\/sites\/6\/Squelette-nomenclature.pdf\" target=\"_blank\" rel=\"noopener\">Page 1<\/a><a href=\"http:\/\/classesbranchees.csf.bc.ca\/ecoledupacifique\/wp-content\/uploads\/sites\/6\/Squelette-nomenclature-2.pdf\"> \u00a0\u00a0\u00a0 <\/a><a href=\"http:\/\/classesbranchees.csf.bc.ca\/ecoledupacifique\/wp-content\/uploads\/sites\/6\/Squelette-nomenclature-2.pdf\" target=\"_blank\" rel=\"noopener\">page 2<\/a><\/p>\n<p>&nbsp;<\/p>\n<p>&nbsp;<\/p>\n<p><strong>Empreinte \u00e9cologique:\u00a0<\/strong>\u00a0\u00a0 <a href=\"http:\/\/classesbranchees.csf.bc.ca\/ecoledupacifique\/wp-content\/uploads\/sites\/6\/Empreinte-e\u0301cologique_comparer-2-modes-de-vie-NEW.pdf\" target=\"_blank\" rel=\"noopener\">Texte \u00ab\u00a0La vie de Jeff et de Joe\u00a0\u00bb<\/a><\/p>\n<p><a href=\"http:\/\/www.environnement.gouv.qc.ca\/jeunesse\/jeux\/questionnaires\/Empreinte\/Questionnaire.htm\" target=\"_blank\" rel=\"noopener\">Calcule ton empreinte!<\/a><\/p>\n<p><strong>Les ressources naturelles (cartes):<\/strong><\/p>\n<p><a href=\"http:\/\/classesbranchees.csf.bc.ca\/ecoledupacifique\/wp-content\/uploads\/sites\/6\/Ressources-e\u0301nerge\u0301tiques_Carte.pdf\" target=\"_blank\" rel=\"noopener\">Ressources \u00c9NERG\u00c9TIQUES<\/a><strong>\u00a0\u00a0\u00a0 \u00a0 \u00a0 <\/strong>\u00a0<a href=\"http:\/\/classesbranchees.csf.bc.ca\/ecoledupacifique\/wp-content\/uploads\/sites\/6\/Ressources-agricoles_Carte-NEW.pdf\" target=\"_blank\" rel=\"noopener\">Ressources AGRICOLES<\/a>\u00a0 \u00a0 \u00a0 \u00a0 <a href=\"http:\/\/classesbranchees.csf.bc.ca\/ecoledupacifique\/wp-content\/uploads\/sites\/6\/Ressources-minie\u0300res_Carte.pdf\" target=\"_blank\" rel=\"noopener\">Ressources MINI\u00c8RES<\/a><\/p>\n<p><strong>Les ressources \u00e9nerg\u00e9tiques:<\/strong><\/p>\n<p><a href=\"http:\/\/classesbranchees.csf.bc.ca\/ecoledupacifique\/wp-content\/uploads\/sites\/6\/e\u0301nergie-cest-la-vie-p.6-7.pdf\">\u00c9nergies renouvelables et non-renouvelables<\/a><\/p>\n<p><a href=\"http:\/\/classesbranchees.csf.bc.ca\/ecoledupacifique\/wp-content\/uploads\/sites\/6\/Energie-cest-la-vie-EDF.pdf\">L&rsquo;\u00e9nergie c&rsquo;est la vie (EDF)<\/a><\/p>\n<p><a href=\"https:\/\/www.youtube.com\/watch?v=CAWlnZ7PeAw\" data-rel=\"lightbox-video-0\" target=\"_blank\" rel=\"noopener\">Film: \u00ab\u00a0Les enqu\u00eates de Luciole\u00a0: nos sources d&rsquo;\u00e9nergie\u00a0\u00bb<\/a><\/p>\n<p><strong>animation CEA sur l&rsquo;\u00c9NERGIE (et les ressources \u00e9nerg\u00e9tiques) :<\/strong><\/p>\n<p><a href=\"http:\/\/www.cea.fr\/multimedia\/Pages\/animations\/energies\/ou-sont-les-sources-d-energie.aspx\" target=\"_blank\" rel=\"noopener\">les sources d\u2019\u00e9nergies<\/a>\u00a0\u00a0\u00a0\u00a0 \u00a0 \u00a0 \u00a0 \u00a0\u00a0\u00a0 <a href=\"http:\/\/www.cea.fr\/multimedia\/Pages\/animations\/energies\/extraction-petrole-et-gaz.aspx\" target=\"_blank\" rel=\"noopener\">p\u00e9trole et gaz naturel<\/a> \u00a0 \u00a0 \u00a0\u00a0 \u00a0\u00a0 \u00a0 <a href=\"http:\/\/www.cea.fr\/multimedia\/Pages\/animations\/energies\/charbon.aspx\">charbon <\/a>\u00a0\u00a0 \u00a0 \u00a0\u00a0\u00a0\u00a0\u00a0\u00a0\u00a0\u00a0 \u00a0\u00a0\u00a0 <a href=\"http:\/\/www.cea.fr\/multimedia\/Pages\/animations\/energies\/de-l-uranium-a-l-energie-nucleaire.aspx\" target=\"_blank\" rel=\"noopener\">uranium<\/a> \u00a0 \u00a0 \u00a0 \u00a0\u00a0<a href=\"http:\/\/www.cea.fr\/multimedia\/Pages\/animations\/energies\/force-de-l-eau.aspx\" target=\"_blank\" rel=\"noopener\"><br \/>\n<\/a>\u00a0 \u00a0 \u00a0 \u00a0 \u00a0 \u00a0 \u00a0 \u00a0 \u00a0 \u00a0 \u00a0 \u00a0 \u00a0 \u00a0 \u00a0\u00a0<a href=\"http:\/\/www.cea.fr\/multimedia\/Pages\/animations\/energies\/force-de-l-eau.aspx\" target=\"_blank\" rel=\"noopener\">eau (hydro\u00e9lectricit\u00e9)<\/a>\u00a0 \u00a0 \u00a0 \u00a0 \u00a0 \u00a0 \u00a0 \u00a0 \u00a0 \u00a0 \u00a0 \u00a0 \u00a0 \u00a0<a href=\"http:\/\/www.cea.fr\/multimedia\/Pages\/animations\/energies\/biomasse.aspx\" target=\"_blank\" rel=\"noopener\">biomasse<\/a>\u00a0\u00a0\u00a0 \u00a0 \u00a0 \u00a0\u00a0\u00a0\u00a0\u00a0\u00a0 <a href=\"http:\/\/www.cea.fr\/multimedia\/Pages\/animations\/energies\/geothermie.aspx\" target=\"_blank\" rel=\"noopener\">g\u00e9othermie<\/a><\/p>\n<p><a href=\"http:\/\/www.cea.fr\/multimedia\/Pages\/animations\/energies\/diverses-sources-d-energie.aspx\" target=\"_blank\" rel=\"noopener\">les \u00e9nergies renouvelables et non renouvelables<\/a><\/p>\n<p>Autre: <a href=\"https:\/\/www.alloprof.qc.ca\/fr\/eleves\/bv\/sciences\/les-formes-d-energie-s1081\" target=\"_blank\" rel=\"noopener\">Les diff\u00e9rentes formes d&rsquo;\u00e9nergie (AlloProf)<\/a><\/p>\n<p>&nbsp;<\/p>\n<p>&nbsp;<\/p>\n<p><strong>Les machines simples:\u00a0<\/strong>\u00a0 <a href=\"https:\/\/www.youtube.com\/watch?v=z5kJtaga1mc\" data-rel=\"lightbox-video-1\" target=\"_blank\" rel=\"noopener\">film<\/a>\u00a0\u00a0\u00a0\u00a0\u00a0\u00a0\u00a0\u00a0\u00a0 site: <a href=\"http:\/\/www.cite-sciences.fr\/ressources-en-ligne\/juniors\/machines-simples\/experiences-ludiques\/\" target=\"_blank\" rel=\"noopener\">cit\u00e9-science<\/a><\/p>\n<p>Les leviers:\u00a0 <a href=\"http:\/\/www.cite-sciences.fr\/ressources-en-ligne\/juniors\/machines-simples\/experiences-ludiques\/leviers\/index.html\" target=\"_blank\" rel=\"noopener\">jeu en ligne<\/a><\/p>\n<p><strong>L&#8217;empreinte \u00e9cologique:\u00a0<\/strong>\u00a0 <a href=\"http:\/\/www.mddelcc.gouv.qc.ca\/jeunesse\/jeux\/questionnaires\/Empreinte\/Questionnaire.htm\" target=\"_blank\" rel=\"noopener\">calcul en ligne<\/a><\/p>\n<p>jeu en ligne:\u00a0\u00a0 1) <a href=\"http:\/\/www.cite-sciences.fr\/archives\/francais\/ala_cite\/expo\/tempo\/planete\/portail\/labo\/ademe\/sommaire.html\" target=\"_blank\" rel=\"noopener\">r\u00e9flexe plan\u00e9taire\u00a0<\/a>\u00a0\u00a0\u00a0\u00a0\u00a0\u00a0\u00a0 2) <a href=\"http:\/\/www.developpement-durable.gouv.fr\/spip.php?page=ile_ecomissaire\" target=\"_blank\" rel=\"noopener\">\u00e9co-comissaire<\/a><\/p>\n<p>&nbsp;<\/p>\n<p><strong>Catapultes: <\/strong><\/p>\n<p><a href=\"http:\/\/classesbranchees.csf.bc.ca\/ecoledupacifique\/wp-content\/uploads\/sites\/6\/Catapulte-en-papier_instructions.pdf\" target=\"_blank\" rel=\"noopener\">Catapulte en papier<\/a><\/p>\n<p><a href=\"http:\/\/classesbranchees.csf.bc.ca\/ecoledupacifique\/wp-content\/uploads\/sites\/6\/Catapulte_instructions.pdf\" target=\"_blank\" rel=\"noopener\">Catapulte en b\u00e2tonnets<\/a><\/p>\n<p>&nbsp;<\/p>\n","protected":false},"excerpt":{"rendered":"<p>La lune: La lune en chiffres les phases de lune (animation ) Le syst\u00e8me solaire: ressources Le Syst\u00e8me solaire:\u00a0 \u00a0 \u00a0Edumedia\u00a0 \u00a0 \u00a0 \u00a0Agence spatiale canadienne Quizz:\u00a0\u00a0\u00a0 Niveau 1\u00a0 \u00a0\u00a0 \u00a0 Niveau 2\u00a0 \u00a0\u00a0\u00a0 Niveau 3\u00a0\u00a0\u00a0\u00a0\u00a0 Niveau 4 Diaporama: \u00a0 Ordre des plan\u00e8tes\u00a0\u00a0\u00a0\u00a0\u00a0\u00a0Fiche d&rsquo;identit\u00e9 des plan\u00e8tes \u00a0\u00a0\u00a0\u00a0\u00a0 Les \u00ab\u00a0objets\u00a0\u00bb de l&rsquo;espace Autres ressources pour apprendre &hellip; <a href=\"https:\/\/classesbranchees.csf.bc.ca\/ecoledupacifique\/sciences\/\" class=\"more-link\">Continuer la lecture de <span class=\"screen-reader-text\">Sciences<\/span> <span class=\"meta-nav\">&rarr;<\/span><\/a><\/p>\n","protected":false},"author":40,"featured_media":0,"parent":0,"menu_order":0,"comment_status":"closed","ping_status":"closed","template":"","meta":[],"_links":{"self":[{"href":"https:\/\/classesbranchees.csf.bc.ca\/ecoledupacifique\/wp-json\/wp\/v2\/pages\/50"}],"collection":[{"href":"https:\/\/classesbranchees.csf.bc.ca\/ecoledupacifique\/wp-json\/wp\/v2\/pages"}],"about":[{"href":"https:\/\/classesbranchees.csf.bc.ca\/ecoledupacifique\/wp-json\/wp\/v2\/types\/page"}],"author":[{"embeddable":true,"href":"https:\/\/classesbranchees.csf.bc.ca\/ecoledupacifique\/wp-json\/wp\/v2\/users\/40"}],"replies":[{"embeddable":true,"href":"https:\/\/classesbranchees.csf.bc.ca\/ecoledupacifique\/wp-json\/wp\/v2\/comments?post=50"}],"version-history":[{"count":82,"href":"https:\/\/classesbranchees.csf.bc.ca\/ecoledupacifique\/wp-json\/wp\/v2\/pages\/50\/revisions"}],"predecessor-version":[{"id":1917,"href":"https:\/\/classesbranchees.csf.bc.ca\/ecoledupacifique\/wp-json\/wp\/v2\/pages\/50\/revisions\/1917"}],"wp:attachment":[{"href":"https:\/\/classesbranchees.csf.bc.ca\/ecoledupacifique\/wp-json\/wp\/v2\/media?parent=50"}],"curies":[{"name":"wp","href":"https:\/\/api.w.org\/{rel}","templated":true}]}}