{"id":45,"date":"2015-09-24T21:33:49","date_gmt":"2015-09-25T04:33:49","guid":{"rendered":"http:\/\/classesbranchees.csf.bc.ca\/ecoledupacifique\/?page_id=45"},"modified":"2025-03-10T15:26:27","modified_gmt":"2025-03-10T22:26:27","slug":"photos","status":"publish","type":"page","link":"https:\/\/classesbranchees.csf.bc.ca\/ecoledupacifique\/photos\/","title":{"rendered":"Photos et Vid\u00e9os"},"content":{"rendered":"<p><strong>Vid\u00e9os en ligne:\u00a0\u00a0\u00a0<\/strong><\/p>\n<p>sites canadiens:<br \/>\n<strong><a href=\"https:\/\/squat.telequebec.tv\/chaines\" target=\"_blank\" rel=\"noopener\">SQUATt\u00e9l\u00e9Qu\u00e9bec<\/a><\/strong>\u00a0\u00a0\u00a0\u00a0\u00a0 et: \u00a0\u00a0\u00a0 <strong><a href=\"https:\/\/ici.radio-canada.ca\/jeunesse\/scolaire\/videos\" target=\"_blank\" rel=\"noopener\">Radio-Canada Jeunesse<\/a>\u00a0\u00a0\u00a0\u00a0\u00a0\u00a0\u00a0\u00a0\u00a0 <a href=\"https:\/\/ici.tou.tv\/categorie\/jeunesse\" target=\"_blank\" rel=\"noopener\">Tout.tv Jeunesse<\/a><\/strong><\/p>\n<p>&nbsp;<\/p>\n<p>&nbsp;<\/p>\n<p>&nbsp;<\/p>\n<p>&nbsp;<\/p>\n<p>VIEUX LIENS&#8230;.<\/p>\n<p>Dessins-anim\u00e9s:<br \/>\n<strong><a href=\"https:\/\/www.youtube.com\/watch?v=kIODHToWUKI&amp;list=PL4lJLtpfKDUGnHSFzHWACiaNEk4Zh_FWn\" data-rel=\"lightbox-video-0\" target=\"_blank\" rel=\"noopener\">TinTin<\/a>\u00a0\u00a0\u00a0\u00a0\u00a0 <a href=\"https:\/\/www.youtube.com\/watch?v=mbBQnMPpH9M&amp;list=PLou_8UmXk6BexVpwz98yGquQxdcpQ53Wu\" data-rel=\"lightbox-video-1\" target=\"_blank\" rel=\"noopener\">Inspecteur Gadget <\/a>\u00a0\u00a0\u00a0\u00a0 <a href=\"https:\/\/www.youtube.com\/watch?v=86rdGkj86sI&amp;list=PLQ8z91clM5AOvJXWHZ6elsYZ6DFdcUOh3\" data-rel=\"lightbox-video-2\" target=\"_blank\" rel=\"noopener\">Gardfield <\/a>\u00a0\u00a0\u00a0 <a href=\"https:\/\/www.youtube.com\/watch?v=rRN1yMe2yWA&amp;list=PL10Vl2opIXB2s6cipplGS_NFcOJcqieY9\" data-rel=\"lightbox-video-3\" target=\"_blank\" rel=\"noopener\">Boule et Bill \u00a0<\/a>\u00a0\u00a0\u00a0 <a href=\"https:\/\/ici.radio-canada.ca\/jeunesse\/scolaire\/emissions\/8529\/kung-fu-panda\/episodes\/589514\/fin-maitre-dragon-panda-bataille-animal-petits\/emission\" target=\"_blank\" rel=\"noopener\">KungFu Panda<\/a> \u00a0\u00a0\u00a0 <a href=\"https:\/\/ici.radio-canada.ca\/jeunesse\/scolaire\/emissions\/5615\/lagent-jean\" target=\"_blank\" rel=\"noopener\">L&rsquo;agent Jean<br \/>\n<\/a><a href=\"https:\/\/www.youtube.com\/watch?v=H4hbFsIlPr0\" data-rel=\"lightbox-video-4\" target=\"_blank\" rel=\"noopener\">Le Marsupilami\u00a0\u00a0<\/a>\u00a0\u00a0\u00a0\u00a0\u00a0\u00a0\u00a0 <a href=\"https:\/\/www.youtube.com\/c\/LesDaltonpageofficielle\" target=\"_blank\" rel=\"noopener\">Les Daltons<\/a><br \/>\n<\/strong><\/p>\n<p>Mini-vid\u00e9o scientifique:\u00a0<strong>\u00a0 <a href=\"https:\/\/www.idello.org\/fr\/ressource\/18118-Top-Sciences\" target=\"_blank\" rel=\"noopener\">Top Science<\/a>*\u00a0 \u00a0 \u00a0\u00a0\u00a0\u00a0 <a href=\"https:\/\/www.idello.org\/fr\/ressource\/27394-ScienceXplosion\" target=\"_blank\" rel=\"noopener\">ScienceXplosion<\/a>*\u00a0\u00a0\u00a0\u00a0\u00a0\u00a0 <a href=\"https:\/\/www.idello.org\/fr\/ressource\/18585-Kesako\" target=\"_blank\" rel=\"noopener\">Kezako<\/a> *<\/strong><\/p>\n<p>Docu-Fiction:\u00a0\u00a0\u00a0<strong>\u00a0\u00a0 <a href=\"https:\/\/www.idello.org\/fr\/ressource\/29678-Les-Sauvenature\" target=\"_blank\" rel=\"noopener\">Les sauvenatures<\/a>* \u00a0 \u00a0 \u00a0\u00a0 <a href=\"https:\/\/www.idello.org\/fr\/ressource\/7486-Le-Bus-Magique\" target=\"_blank\" rel=\"noopener\">Le bus magique<\/a>*<\/strong><\/p>\n<p style=\"text-align: center\"><em><strong>*\u00a0\u00a0\u00a0\u00a0 nom d&rsquo;utilisateur: <span style=\"text-decoration: underline\">hmeyer\u00a0<\/span>\u00a0 mot de passe: <span style=\"text-decoration: underline\">pacifique<\/span><\/strong><\/em><\/p>\n<p><a href=\"https:\/\/www.lumni.fr\/programme\/1-minute-1-sport-explique-par-les-lapins-cretins\" target=\"_blank\" rel=\"noopener\">1 minute, 1 sport\u00a0 (expliqu\u00e9 par les <strong>Lapins Cr\u00e9tins)<\/strong><\/a><\/p>\n<p><a href=\"https:\/\/www.rtbf.be\/ouftivi\/niouzz\" target=\"_blank\" rel=\"noopener\">Journal TV Jeunes: <strong>Niouzz<\/strong><\/a><\/p>\n<p><strong>Contes \u00ab\u00a0classiques\u00a0\u00bb \u00e0 regarder:<\/strong><\/p>\n<p><a href=\"https:\/\/www.youtube.com\/channel\/UCHwlwBVTmLjMelVZqql_2lA\" target=\"_blank\" rel=\"noopener\">https:\/\/www.youtube.com\/channel\/UCHwlwBVTmLjMelVZqql_2lA<\/a><\/p>\n<p><strong>Conte de No\u00ebl:<\/strong><\/p>\n<p><a href=\"https:\/\/www.youtube.com\/watch?v=T-ZzhY0IN6U\" data-rel=\"lightbox-video-5\" target=\"_blank\" rel=\"noopener\">casse-noisette<\/a> \u00a0\u00a0\u00a0\u00a0\u00a0 <a href=\"https:\/\/www.youtube.com\/watch?v=z8f2ilXg0dI\" data-rel=\"lightbox-video-6\" target=\"_blank\" rel=\"noopener\">histoire 1<\/a> \u00a0\u00a0\u00a0\u00a0\u00a0\u00a0 <a href=\"https:\/\/www.youtube.com\/watch?v=oZHKUANKGYA\" data-rel=\"lightbox-video-7\" target=\"_blank\" rel=\"noopener\">histoire 2<\/a> \u00a0 \u00a0\u00a0 <a href=\"https:\/\/www.youtube.com\/watch?v=XnpW2RtKq_8&amp;t=68s\" data-rel=\"lightbox-video-8\" target=\"_blank\" rel=\"noopener\">histoire 3<\/a>\u00a0\u00a0\u00a0\u00a0\u00a0 <a href=\"https:\/\/www.youtube.com\/watch?v=6oxarZdTh2A\" data-rel=\"lightbox-video-9\" target=\"_blank\" rel=\"noopener\">histoire 4<\/a><\/p>\n<p>mini-films:\u00a0\u00a0\u00a0\u00a0\u00a0 <a href=\"https:\/\/www.youtube.com\/watch?v=KFzvo_o95aU&amp;t=8s\" data-rel=\"lightbox-video-10\" target=\"_blank\" rel=\"noopener\">Les Schtroumpfs<\/a>\u00a0\u00a0\u00a0\u00a0\u00a0 <a href=\"https:\/\/www.youtube.com\/watch?v=JRgRbSNzIAE&amp;t=82s\" data-rel=\"lightbox-video-11\" target=\"_blank\" rel=\"noopener\">Le vol des rennes<\/a>\u00a0\u00a0\u00a0\u00a0 <a href=\"https:\/\/www.nfb.ca\/film\/noel_noel1\/\" target=\"_blank\" rel=\"noopener\">No\u00ebl, No\u00ebl (ONF)<\/a>\u00a0\u00a0\u00a0\u00a0\u00a0\u00a0\u00a0 <a href=\"https:\/\/www.youtube.com\/watch?v=O1C9zOQpKG4\" target=\"_blank\" rel=\"noopener\">le renne<br \/>\n<\/a>NOUVEAUX:\u00a0\u00a0\u00a0 <a href=\"https:\/\/www.dailymotion.com\/video\/x2hm3wk\" target=\"_blank\" rel=\"noopener\">Lutins d&rsquo;\u00e9lite<\/a><\/p>\n<p><strong>\u00c9mission ONIVA \u00ab\u00a0J\u00a0\u00bbexplore\u00a0\u00bb<\/strong> (f\u00e9vrier 2019) film\u00e9 \u00e0 l&rsquo;\u00c9cole du Pacifique:<br \/>\n<div class=\"arve wp-block-nextgenthemes-arve\" data-mode=\"normal\" data-provider=\"iframe\" id=\"arve-iframe-httpswwwyoutubecomembeddez37hdvcxu6a049c5480ed4587698708\" style=\"max-width:604px;\">\n<span class=\"arve-inner\">\n<span class=\"arve-embed arve-embed--has-aspect-ratio\">\n<span class=\"arve-ar\" style=\"padding-top:56.250000%\"><\/span><iframe allow=\"accelerometer; autoplay; clipboard-write; encrypted-media; gyroscope; picture-in-picture\" allowfullscreen class=\"arve-iframe fitvidsignore\" data-arve=\"arve-iframe-httpswwwyoutubecomembeddez37hdvcxu6a049c5480ed4587698708\" data-src-no-ap=\"https:\/\/www.youtube.com\/embed\/dez37HdVcxU\" frameborder=\"0\" height=\"339.75\" sandbox=\"allow-scripts allow-same-origin allow-presentation allow-popups allow-popups-to-escape-sandbox\" scrolling=\"no\" src=\"https:\/\/www.youtube.com\/embed\/dez37HdVcxU\" width=\"604\"><\/iframe>\n\n<\/span>\n\n<\/span>\n<script type=\"application\/ld+json\">{\"@context\":\"http:\\\/\\\/schema.org\\\/\",\"@id\":\"https:\\\/\\\/classesbranchees.csf.bc.ca\\\/ecoledupacifique\\\/photos\\\/#arve-iframe-httpswwwyoutubecomembeddez37hdvcxu6a049c5480ed4587698708\",\"type\":\"VideoObject\",\"embedURL\":\"https:\\\/\\\/www.youtube.com\\\/embed\\\/dez37HdVcxU\"}<\/script>\n<\/div>\n<\/p>\n<p><strong>D\u00e9fi Gentillesse<\/strong><br \/>\n<div class=\"arve wp-block-nextgenthemes-arve\" data-mode=\"normal\" data-oembed=\"1\" data-provider=\"vimeo\" id=\"arve-vimeo-1249797256a049c54813d3468223102\" style=\"max-width:604px;\">\n<span class=\"arve-inner\">\n<span class=\"arve-embed arve-embed--has-aspect-ratio\" style=\"aspect-ratio: 151 \/ 85\">\n<span class=\"arve-ar\" style=\"padding-top:56.291391%\"><\/span><iframe allow=\"accelerometer; autoplay; clipboard-write; encrypted-media; gyroscope; picture-in-picture\" allowfullscreen class=\"arve-iframe fitvidsignore\" data-arve=\"arve-vimeo-1249797256a049c54813d3468223102\" data-src-no-ap=\"https:\/\/player.vimeo.com\/video\/124979725?h=d3d3bc026a&amp;dnt=1&amp;app_id=122963&amp;html5=1&amp;title=1&amp;byline=0&amp;portrait=0&amp;autoplay=0\" frameborder=\"0\" height=\"340\" sandbox=\"allow-scripts allow-same-origin allow-presentation allow-popups allow-popups-to-escape-sandbox allow-forms\" scrolling=\"no\" src=\"https:\/\/player.vimeo.com\/video\/124979725?h=d3d3bc026a&#038;dnt=1&#038;app_id=122963&#038;html5=1&#038;title=1&#038;byline=0&#038;portrait=0&#038;autoplay=0\" width=\"604\"><\/iframe>\n\n<\/span>\n\n<\/span>\n<script type=\"application\/ld+json\">{\"@context\":\"http:\\\/\\\/schema.org\\\/\",\"@id\":\"https:\\\/\\\/classesbranchees.csf.bc.ca\\\/ecoledupacifique\\\/photos\\\/#arve-vimeo-1249797256a049c54813d3468223102\",\"type\":\"VideoObject\",\"embedURL\":\"https:\\\/\\\/player.vimeo.com\\\/video\\\/124979725?h=d3d3bc026a&dnt=1&app_id=122963&html5=1&title=1&byline=0&portrait=0&autoplay=0\"}<\/script>\n<\/div>\n<\/p>\n<p><strong>Films d&rsquo;animation 4-5 (2015)<\/strong><\/p>\n<div class=\"arve wp-block-nextgenthemes-arve\" data-mode=\"normal\" data-provider=\"iframe\" id=\"arve-iframe-httpsplayervimeocomvideo8014056936a049c54815f4484734604\" style=\"max-width:604px;\">\n<span class=\"arve-inner\">\n<span class=\"arve-embed arve-embed--has-aspect-ratio\">\n<span class=\"arve-ar\" style=\"padding-top:56.250000%\"><\/span><iframe allow=\"accelerometer; autoplay; clipboard-write; encrypted-media; gyroscope; picture-in-picture\" allowfullscreen class=\"arve-iframe fitvidsignore\" data-arve=\"arve-iframe-httpsplayervimeocomvideo8014056936a049c54815f4484734604\" data-src-no-ap=\"https:\/\/player.vimeo.com\/video\/801405693\" frameborder=\"0\" height=\"339.75\" sandbox=\"allow-scripts allow-same-origin allow-presentation allow-popups allow-popups-to-escape-sandbox allow-forms\" scrolling=\"no\" src=\"https:\/\/player.vimeo.com\/video\/801405693\" width=\"604\"><\/iframe>\n\n<\/span>\n\n<\/span>\n<script type=\"application\/ld+json\">{\"@context\":\"http:\\\/\\\/schema.org\\\/\",\"@id\":\"https:\\\/\\\/classesbranchees.csf.bc.ca\\\/ecoledupacifique\\\/photos\\\/#arve-iframe-httpsplayervimeocomvideo8014056936a049c54815f4484734604\",\"type\":\"VideoObject\",\"embedURL\":\"https:\\\/\\\/player.vimeo.com\\\/video\\\/801405693\"}<\/script>\n<\/div>\n\n<p><strong>Personnages recherch\u00e9s:<\/strong><br \/>\n<div class=\"arve wp-block-nextgenthemes-arve\" data-mode=\"normal\" data-provider=\"iframe\" id=\"arve-iframe-httpsplayervimeocomvideo4099499766a049c54817fc917926149\" style=\"max-width:604px;\">\n<span class=\"arve-inner\">\n<span class=\"arve-embed arve-embed--has-aspect-ratio\">\n<span class=\"arve-ar\" style=\"padding-top:56.250000%\"><\/span><iframe allow=\"accelerometer; autoplay; clipboard-write; encrypted-media; gyroscope; picture-in-picture\" allowfullscreen class=\"arve-iframe fitvidsignore\" data-arve=\"arve-iframe-httpsplayervimeocomvideo4099499766a049c54817fc917926149\" data-src-no-ap=\"https:\/\/player.vimeo.com\/video\/409949976\" frameborder=\"0\" height=\"339.75\" sandbox=\"allow-scripts allow-same-origin allow-presentation allow-popups allow-popups-to-escape-sandbox allow-forms\" scrolling=\"no\" src=\"https:\/\/player.vimeo.com\/video\/409949976\" width=\"604\"><\/iframe>\n\n<\/span>\n\n<\/span>\n<script type=\"application\/ld+json\">{\"@context\":\"http:\\\/\\\/schema.org\\\/\",\"@id\":\"https:\\\/\\\/classesbranchees.csf.bc.ca\\\/ecoledupacifique\\\/photos\\\/#arve-iframe-httpsplayervimeocomvideo4099499766a049c54817fc917926149\",\"type\":\"VideoObject\",\"embedURL\":\"https:\\\/\\\/player.vimeo.com\\\/video\\\/409949976\"}<\/script>\n<\/div>\n<\/p>\n<p>Le cerisier en fleur<\/p>\n<p><a href=\"http:\/\/classesbranchees.csf.bc.ca\/ecoledupacifique\/wp-content\/uploads\/sites\/6\/cerisier-4-5.jpeg\" data-rel=\"lightbox-image-0\" data-rl_title=\"\" data-rl_caption=\"\" title=\"\"><img loading=\"lazy\" class=\"alignnone size-full wp-image-514\" src=\"http:\/\/classesbranchees.csf.bc.ca\/ecoledupacifique\/wp-content\/uploads\/sites\/6\/cerisier-4-5.jpeg\" alt=\"cerisier 4-5\" width=\"1024\" height=\"618\" \/><\/a><\/p>\n<p>les \u00ab\u00a0Plan\u00e8tes\u00a0\u00bb<\/p>\n<div id='gallery-1' class='gallery galleryid-45 gallery-columns-3 gallery-size-thumbnail'><figure class='gallery-item'>\n\t\t\t<div class='gallery-icon landscape'>\n\t\t\t\t<a href='https:\/\/classesbranchees.csf.bc.ca\/ecoledupacifique\/wp-content\/uploads\/sites\/6\/IMG_8087.jpg' title=\"\" data-rl_title=\"\" class=\"rl-gallery-link\" data-rl_caption=\"\" data-rel=\"lightbox-gallery-1\"><img width=\"128\" height=\"96\" src=\"https:\/\/classesbranchees.csf.bc.ca\/ecoledupacifique\/wp-content\/uploads\/sites\/6\/IMG_8087.jpg\" class=\"attachment-thumbnail size-thumbnail\" alt=\"\" loading=\"lazy\" \/><\/a>\n\t\t\t<\/div><\/figure><figure class='gallery-item'>\n\t\t\t<div class='gallery-icon landscape'>\n\t\t\t\t<a href='https:\/\/classesbranchees.csf.bc.ca\/ecoledupacifique\/wp-content\/uploads\/sites\/6\/IMG_8084.jpg' title=\"\" data-rl_title=\"\" class=\"rl-gallery-link\" data-rl_caption=\"\" data-rel=\"lightbox-gallery-1\"><img width=\"128\" height=\"96\" src=\"https:\/\/classesbranchees.csf.bc.ca\/ecoledupacifique\/wp-content\/uploads\/sites\/6\/IMG_8084.jpg\" class=\"attachment-thumbnail size-thumbnail\" alt=\"\" loading=\"lazy\" \/><\/a>\n\t\t\t<\/div><\/figure><figure class='gallery-item'>\n\t\t\t<div class='gallery-icon landscape'>\n\t\t\t\t<a href='https:\/\/classesbranchees.csf.bc.ca\/ecoledupacifique\/wp-content\/uploads\/sites\/6\/IMG_8085.jpg' title=\"\" data-rl_title=\"\" class=\"rl-gallery-link\" data-rl_caption=\"\" data-rel=\"lightbox-gallery-1\"><img width=\"128\" height=\"96\" src=\"https:\/\/classesbranchees.csf.bc.ca\/ecoledupacifique\/wp-content\/uploads\/sites\/6\/IMG_8085.jpg\" class=\"attachment-thumbnail size-thumbnail\" alt=\"\" loading=\"lazy\" \/><\/a>\n\t\t\t<\/div><\/figure><figure class='gallery-item'>\n\t\t\t<div class='gallery-icon landscape'>\n\t\t\t\t<a href='https:\/\/classesbranchees.csf.bc.ca\/ecoledupacifique\/wp-content\/uploads\/sites\/6\/IMG_8086.jpg' title=\"\" data-rl_title=\"\" class=\"rl-gallery-link\" data-rl_caption=\"\" data-rel=\"lightbox-gallery-1\"><img width=\"128\" height=\"96\" src=\"https:\/\/classesbranchees.csf.bc.ca\/ecoledupacifique\/wp-content\/uploads\/sites\/6\/IMG_8086.jpg\" class=\"attachment-thumbnail size-thumbnail\" alt=\"\" loading=\"lazy\" \/><\/a>\n\t\t\t<\/div><\/figure><figure class='gallery-item'>\n\t\t\t<div class='gallery-icon landscape'>\n\t\t\t\t<a href='https:\/\/classesbranchees.csf.bc.ca\/ecoledupacifique\/wp-content\/uploads\/sites\/6\/IMG_8082.jpg' title=\"\" data-rl_title=\"\" class=\"rl-gallery-link\" data-rl_caption=\"\" data-rel=\"lightbox-gallery-1\"><img width=\"128\" height=\"96\" src=\"https:\/\/classesbranchees.csf.bc.ca\/ecoledupacifique\/wp-content\/uploads\/sites\/6\/IMG_8082.jpg\" class=\"attachment-thumbnail size-thumbnail\" alt=\"\" loading=\"lazy\" \/><\/a>\n\t\t\t<\/div><\/figure><figure class='gallery-item'>\n\t\t\t<div class='gallery-icon landscape'>\n\t\t\t\t<a href='https:\/\/classesbranchees.csf.bc.ca\/ecoledupacifique\/wp-content\/uploads\/sites\/6\/IMG_8083.jpg' title=\"\" data-rl_title=\"\" class=\"rl-gallery-link\" data-rl_caption=\"\" data-rel=\"lightbox-gallery-1\"><img width=\"128\" height=\"96\" src=\"https:\/\/classesbranchees.csf.bc.ca\/ecoledupacifique\/wp-content\/uploads\/sites\/6\/IMG_8083.jpg\" class=\"attachment-thumbnail size-thumbnail\" alt=\"\" loading=\"lazy\" \/><\/a>\n\t\t\t<\/div><\/figure><figure class='gallery-item'>\n\t\t\t<div class='gallery-icon landscape'>\n\t\t\t\t<a href='https:\/\/classesbranchees.csf.bc.ca\/ecoledupacifique\/wp-content\/uploads\/sites\/6\/IMG_8080.jpg' title=\"\" data-rl_title=\"\" class=\"rl-gallery-link\" data-rl_caption=\"\" data-rel=\"lightbox-gallery-1\"><img width=\"128\" height=\"96\" src=\"https:\/\/classesbranchees.csf.bc.ca\/ecoledupacifique\/wp-content\/uploads\/sites\/6\/IMG_8080.jpg\" class=\"attachment-thumbnail size-thumbnail\" alt=\"\" loading=\"lazy\" \/><\/a>\n\t\t\t<\/div><\/figure><figure class='gallery-item'>\n\t\t\t<div class='gallery-icon landscape'>\n\t\t\t\t<a href='https:\/\/classesbranchees.csf.bc.ca\/ecoledupacifique\/wp-content\/uploads\/sites\/6\/IMG_8081.jpg' title=\"\" data-rl_title=\"\" class=\"rl-gallery-link\" data-rl_caption=\"\" data-rel=\"lightbox-gallery-1\"><img width=\"128\" height=\"96\" src=\"https:\/\/classesbranchees.csf.bc.ca\/ecoledupacifique\/wp-content\/uploads\/sites\/6\/IMG_8081.jpg\" class=\"attachment-thumbnail size-thumbnail\" alt=\"\" loading=\"lazy\" \/><\/a>\n\t\t\t<\/div><\/figure><figure class='gallery-item'>\n\t\t\t<div class='gallery-icon landscape'>\n\t\t\t\t<a href='https:\/\/classesbranchees.csf.bc.ca\/ecoledupacifique\/wp-content\/uploads\/sites\/6\/IMG_8077.jpg' title=\"\" data-rl_title=\"\" class=\"rl-gallery-link\" data-rl_caption=\"\" data-rel=\"lightbox-gallery-1\"><img width=\"128\" height=\"96\" src=\"https:\/\/classesbranchees.csf.bc.ca\/ecoledupacifique\/wp-content\/uploads\/sites\/6\/IMG_8077.jpg\" class=\"attachment-thumbnail size-thumbnail\" alt=\"\" loading=\"lazy\" \/><\/a>\n\t\t\t<\/div><\/figure><figure class='gallery-item'>\n\t\t\t<div class='gallery-icon landscape'>\n\t\t\t\t<a href='https:\/\/classesbranchees.csf.bc.ca\/ecoledupacifique\/wp-content\/uploads\/sites\/6\/IMG_8078.jpg' title=\"\" data-rl_title=\"\" class=\"rl-gallery-link\" data-rl_caption=\"\" data-rel=\"lightbox-gallery-1\"><img width=\"128\" height=\"96\" src=\"https:\/\/classesbranchees.csf.bc.ca\/ecoledupacifique\/wp-content\/uploads\/sites\/6\/IMG_8078.jpg\" class=\"attachment-thumbnail size-thumbnail\" alt=\"\" loading=\"lazy\" \/><\/a>\n\t\t\t<\/div><\/figure><figure class='gallery-item'>\n\t\t\t<div class='gallery-icon landscape'>\n\t\t\t\t<a href='https:\/\/classesbranchees.csf.bc.ca\/ecoledupacifique\/wp-content\/uploads\/sites\/6\/IMG_8079.jpg' title=\"\" data-rl_title=\"\" class=\"rl-gallery-link\" data-rl_caption=\"\" data-rel=\"lightbox-gallery-1\"><img width=\"128\" height=\"96\" src=\"https:\/\/classesbranchees.csf.bc.ca\/ecoledupacifique\/wp-content\/uploads\/sites\/6\/IMG_8079.jpg\" class=\"attachment-thumbnail size-thumbnail\" alt=\"\" loading=\"lazy\" \/><\/a>\n\t\t\t<\/div><\/figure>\n\t\t<\/div>\n\n","protected":false},"excerpt":{"rendered":"<p>Vid\u00e9os en ligne:\u00a0\u00a0\u00a0 sites canadiens: SQUATt\u00e9l\u00e9Qu\u00e9bec\u00a0\u00a0\u00a0\u00a0\u00a0 et: \u00a0\u00a0\u00a0 Radio-Canada Jeunesse\u00a0\u00a0\u00a0\u00a0\u00a0\u00a0\u00a0\u00a0\u00a0 Tout.tv Jeunesse &nbsp; &nbsp; &nbsp; &nbsp; VIEUX LIENS&#8230;. Dessins-anim\u00e9s: TinTin\u00a0\u00a0\u00a0\u00a0\u00a0 Inspecteur Gadget \u00a0\u00a0\u00a0\u00a0 Gardfield \u00a0\u00a0\u00a0 Boule et Bill \u00a0\u00a0\u00a0\u00a0 KungFu Panda \u00a0\u00a0\u00a0 L&rsquo;agent Jean Le Marsupilami\u00a0\u00a0\u00a0\u00a0\u00a0\u00a0\u00a0\u00a0\u00a0 Les Daltons Mini-vid\u00e9o scientifique:\u00a0\u00a0 Top Science*\u00a0 \u00a0 \u00a0\u00a0\u00a0\u00a0 ScienceXplosion*\u00a0\u00a0\u00a0\u00a0\u00a0\u00a0 Kezako * Docu-Fiction:\u00a0\u00a0\u00a0\u00a0\u00a0 Les sauvenatures* \u00a0 \u00a0 \u00a0\u00a0 Le bus &hellip; <a href=\"https:\/\/classesbranchees.csf.bc.ca\/ecoledupacifique\/photos\/\" class=\"more-link\">Continuer la lecture de <span class=\"screen-reader-text\">Photos et Vid\u00e9os<\/span> <span class=\"meta-nav\">&rarr;<\/span><\/a><\/p>\n","protected":false},"author":40,"featured_media":0,"parent":0,"menu_order":0,"comment_status":"closed","ping_status":"closed","template":"","meta":[],"_links":{"self":[{"href":"https:\/\/classesbranchees.csf.bc.ca\/ecoledupacifique\/wp-json\/wp\/v2\/pages\/45"}],"collection":[{"href":"https:\/\/classesbranchees.csf.bc.ca\/ecoledupacifique\/wp-json\/wp\/v2\/pages"}],"about":[{"href":"https:\/\/classesbranchees.csf.bc.ca\/ecoledupacifique\/wp-json\/wp\/v2\/types\/page"}],"author":[{"embeddable":true,"href":"https:\/\/classesbranchees.csf.bc.ca\/ecoledupacifique\/wp-json\/wp\/v2\/users\/40"}],"replies":[{"embeddable":true,"href":"https:\/\/classesbranchees.csf.bc.ca\/ecoledupacifique\/wp-json\/wp\/v2\/comments?post=45"}],"version-history":[{"count":36,"href":"https:\/\/classesbranchees.csf.bc.ca\/ecoledupacifique\/wp-json\/wp\/v2\/pages\/45\/revisions"}],"predecessor-version":[{"id":1799,"href":"https:\/\/classesbranchees.csf.bc.ca\/ecoledupacifique\/wp-json\/wp\/v2\/pages\/45\/revisions\/1799"}],"wp:attachment":[{"href":"https:\/\/classesbranchees.csf.bc.ca\/ecoledupacifique\/wp-json\/wp\/v2\/media?parent=45"}],"curies":[{"name":"wp","href":"https:\/\/api.w.org\/{rel}","templated":true}]}}