{"id":429,"date":"2017-02-03T16:14:32","date_gmt":"2017-02-04T00:14:32","guid":{"rendered":"http:\/\/classesbranchees.csf.bc.ca\/ecoledupacifique\/?page_id=429"},"modified":"2021-03-09T16:45:01","modified_gmt":"2021-03-10T00:45:01","slug":"art","status":"publish","type":"page","link":"https:\/\/classesbranchees.csf.bc.ca\/ecoledupacifique\/art\/","title":{"rendered":"art"},"content":{"rendered":"<p>Flipbook en ligne:\u00a0\u00a0<strong> <a href=\"https:\/\/flipanim.com\/\" target=\"_blank\">flipanim.com<\/a><\/strong><\/p>\n<p>Origami:\u00a0\u00a0 <a href=\"http:\/\/fr.origami-club.com\/easy\/index.html\" target=\"_blank\">facile origami<\/a><\/p>\n<p><a href=\"http:\/\/www.chine-culture.com\/origami\/animal-aquatique.php\" target=\"_blank\">animaux aquatiques<\/a>\u00a0\u00a0\u00a0\u00a0\u00a0 <a href=\"https:\/\/www.hugolescargot.com\/activites-enfants\/origamis-et-pliages\/49171-origami-grenouilles-sauteuses\/\" target=\"_blank\">grenouilles sauteuses (technique 2)<\/a><\/p>\n<p>dessin anim\u00e9 (\u00e0 cr\u00e9er): <a href=\"http:\/\/www.benettonplay.com\/toys\/flipbookdeluxe\/guest.php\" target=\"_blank\">Flipbook<\/a><\/p>\n<p>Po\u00e9sie:\u00a0 <a href=\"http:\/\/classesbranchees.csf.bc.ca\/ecoledupacifique\/wp-content\/uploads\/sites\/6\/Poe\u0301sies_fichier-de-255-poe\u0301sies.pdf\">ICI !<\/a><\/p>\n","protected":false},"excerpt":{"rendered":"<p>Flipbook en ligne:\u00a0\u00a0 flipanim.com Origami:\u00a0\u00a0 facile origami animaux aquatiques\u00a0\u00a0\u00a0\u00a0\u00a0 grenouilles sauteuses (technique 2) dessin anim\u00e9 (\u00e0 cr\u00e9er): Flipbook Po\u00e9sie:\u00a0 ICI !<\/p>\n","protected":false},"author":40,"featured_media":0,"parent":0,"menu_order":0,"comment_status":"closed","ping_status":"closed","template":"","meta":[],"_links":{"self":[{"href":"https:\/\/classesbranchees.csf.bc.ca\/ecoledupacifique\/wp-json\/wp\/v2\/pages\/429"}],"collection":[{"href":"https:\/\/classesbranchees.csf.bc.ca\/ecoledupacifique\/wp-json\/wp\/v2\/pages"}],"about":[{"href":"https:\/\/classesbranchees.csf.bc.ca\/ecoledupacifique\/wp-json\/wp\/v2\/types\/page"}],"author":[{"embeddable":true,"href":"https:\/\/classesbranchees.csf.bc.ca\/ecoledupacifique\/wp-json\/wp\/v2\/users\/40"}],"replies":[{"embeddable":true,"href":"https:\/\/classesbranchees.csf.bc.ca\/ecoledupacifique\/wp-json\/wp\/v2\/comments?post=429"}],"version-history":[{"count":7,"href":"https:\/\/classesbranchees.csf.bc.ca\/ecoledupacifique\/wp-json\/wp\/v2\/pages\/429\/revisions"}],"predecessor-version":[{"id":1315,"href":"https:\/\/classesbranchees.csf.bc.ca\/ecoledupacifique\/wp-json\/wp\/v2\/pages\/429\/revisions\/1315"}],"wp:attachment":[{"href":"https:\/\/classesbranchees.csf.bc.ca\/ecoledupacifique\/wp-json\/wp\/v2\/media?parent=429"}],"curies":[{"name":"wp","href":"https:\/\/api.w.org\/{rel}","templated":true}]}}