{"id":363,"date":"2016-01-05T16:44:45","date_gmt":"2016-01-06T00:44:45","guid":{"rendered":"http:\/\/classesbranchees.csf.bc.ca\/ecoledupacifique\/?page_id=363"},"modified":"2026-05-06T09:44:25","modified_gmt":"2026-05-06T16:44:25","slug":"math","status":"publish","type":"page","link":"https:\/\/classesbranchees.csf.bc.ca\/ecoledupacifique\/math\/","title":{"rendered":"math"},"content":{"rendered":"<p><strong>Fractions: (4e)<br \/>\n<\/strong><\/p>\n<p>1) Rep\u00e9rer les fractions: <a href=\"http:\/\/www.logicieleducatif.fr\/math\/numeration\/vise-les-fractions.php\" target=\"_blank\" rel=\"noopener\">Vise les fractions<\/a><\/p>\n<p>2)\u00a0 <a href=\"https:\/\/www.linstit.com\/exercice-mathematiques-fractions-problemes-faciles.html&amp;serno=1&amp;zonparam=2&amp;exono=0\" target=\"_blank\" rel=\"noopener\">probl\u00e8mes en ligne<\/a>\u00a0\u00a0\u00a0\u00a0 (il y en a 11 en tout!)<\/p>\n<p>3) Comparer les fractions:\u00a0 application FRACTION (Sur ton Ipad)<br \/>\nAttention:\u00a0 dans <em>Menu<\/em>, va dans <em>R\u00e9glages<\/em> et choisis \u00ab\u00a0Niveau 5\u00a0\u00bb<br \/>\net \u00a0\u00a0\u00a0\u00a0\u00a0\u00a0\u00a0\u00a0\u00a0\u00a0\u00a0\u00a0\u00a0\u00a0\u00a0\u00a0\u00a0\u00a0\u00a0\u00a0\u00a0\u00a0\u00a0\u00a0 ensuite, choisis le jeu \u00ab\u00a0<em>Comparer les fractions<\/em>\u00a0\u00bb<\/p>\n<p><strong>Fractions (5e):<br \/>\n<\/strong><\/p>\n<p>comparer les fractions: <a href=\"https:\/\/www.jeuxmaths.fr\/exercice-de-math-comparer-fractions.html\" target=\"_blank\" rel=\"noopener\">exercices en ligne<\/a> (faire NIVEAU 1 et NIVEAU 2 seulement)<\/p>\n<p>fractions \u00e9quivalentes:\u00a0 <a href=\"https:\/\/www.linstit.com\/exercice-mathematiques-fractions-egalite-2.html&amp;serno=1&amp;zonparam=2&amp;exono=0\" target=\"_blank\" rel=\"noopener\">exercices en ligne<\/a> (il y a 4 s\u00e9ries)<\/p>\n<p>comparer les fraction:\u00a0 <a href=\"https:\/\/www.linstit.com\/exercice-mathematiques-fractions-comparer.html&amp;serno=1&amp;mc=1\" target=\"_blank\" rel=\"noopener\">exercice en ligne<\/a>\u00a0 (il y a\u00a0 6 s\u00e9ries d&rsquo;exercices)<\/p>\n<p>&nbsp;<\/p>\n<p><strong>Tables de division:<\/strong><\/p>\n<p>Tables de division: <a href=\"https:\/\/www.logicieleducatif.fr\/jeu\/tables-de-divisions-ou-les-tables-de-multiplication-a-l-envers\" target=\"_blank\" rel=\"noopener\">La course du lion<\/a><\/p>\n<p><strong><a href=\"https:\/\/www.topmarks.co.uk\/maths-games\/hit-the-button\" target=\"_blank\" rel=\"noopener\">Hit the button<\/a>\u00a0<\/strong> \u00a0 &#8211;\u00a0 choisir: \u00ab\u00a0Division Facts\u00a0\u00bb et <strong><em>up to 10<\/em><\/strong><\/p>\n<p><em>Les tables MULTIPLICATION (\u00e0 trous) et DIVISION. :<\/em>\u00a0<a href=\"https:\/\/gomaths.edu-vd.ch\/cm_livret_carte.php\" target=\"_blank\" rel=\"noopener\">GoMath\u00a0<\/a> <em><br \/>\n<\/em>choisir :\u00a0<em><strong> jusqu&rsquo;\u00e0 10\u00a0 ;\u00a0\u00a0 chrono 2 minute\u00a0 <\/strong>(\u00e0 faire au moins 2 x)\u00a0 \u00a0 \u00a0 \u00a0 \u00a0 <\/em><\/p>\n<p>5e: <a href=\"https:\/\/gomaths.edu-vd.ch\/cr_div.php\" target=\"_blank\" rel=\"noopener\">Divisions avec reste<\/a>\u00a0 \u00a0 \u00a0Choisir :\u00a0<em><strong>Max 100\u00a0 ;\u00a0 \u00a0Diviseur: 2-10<\/strong><\/em><em><strong>\u00a0<\/strong><\/em><\/p>\n<p><strong>Tables de multiplication:<\/strong><\/p>\n<p><em>Les tables MULTIPLICATION (\u00e0 trous) et DIVISION. :<\/em>\u00a0<a href=\"https:\/\/gomaths.edu-vd.ch\/cm_livret_carte.php\" target=\"_blank\" rel=\"noopener\">GoMath\u00a0<\/a> <em><br \/>\n<\/em>choisir :\u00a0<em><strong> jusqu&rsquo;\u00e0 10\u00a0 ;\u00a0\u00a0 chrono 2 minute\u00a0 <\/strong>(\u00e0 faire au moins 2 x)\u00a0 \u00a0 \u00a0 \u00a0 \u00a0 <\/em><\/p>\n<p>Table de multiplication:\u00a0 <a href=\"https:\/\/www.logicieleducatif.fr\/jeu\/tables-de-multiplication\" target=\"_blank\" rel=\"noopener\"><strong>Course du cheval<\/strong><\/a><strong><br \/>\n<\/strong><strong>\u00a0 \u00a0 \u00a0 \u00a0 \u00a0 \u00a0 \u00a0 \u00a0 \u00a0 \u00a0 \u00a0 \u00a0 \u00a0 \u00a0 \u00a0 \u00a0 \u00a0 \u00a0 \u00a0 ou \u00a0 \u00a0 \u00a0 \u00a0<\/strong><strong><a href=\"https:\/\/www.topmarks.co.uk\/maths-games\/hit-the-button\" target=\"_blank\" rel=\"noopener\">Hit the button<\/a>\u00a0<\/strong>\u00a0\u00a0 &#8211;\u00a0 choisir: <strong><em>Table up to 10<\/em><\/strong><br \/>\n(faire <em>Hit the answer<\/em>\u00a0 \u00a0 \u00a0puis\u00a0 \u00a0 <em>Hit the question)<\/em><\/p>\n<p>a) Multiplier par 10, 100, 100:\u00a0\u00a0 <a href=\"https:\/\/www.professeurphifix.net\/calculmental_interactive\/ce2_mult_10_100_1000-1.htm\" target=\"_blank\" rel=\"noopener\">exercice 1<\/a>\u00a0\u00a0\u00a0 <a href=\"https:\/\/www.professeurphifix.net\/calculmental_interactive\/ce2_mult_10_100_1000-2.htm\" target=\"_blank\" rel=\"noopener\">exercice 2<\/a><\/p>\n<p>b) Multiplier par 20, 300, 400:\u00a0\u00a0 <a href=\"https:\/\/www.professeurphifix.net\/calculmental_interactive\/ce2_mult_20-30-40-1.htm\" target=\"_blank\" rel=\"noopener\">exercice 1<\/a>\u00a0\u00a0\u00a0 <a href=\"https:\/\/www.professeurphifix.net\/calculmental_interactive\/ce2_mult_20-30-40-2.htm\" target=\"_blank\" rel=\"noopener\">exercice 2<\/a><\/p>\n<p>&nbsp;<\/p>\n<p><strong>4e: Les polygones:<\/strong><\/p>\n<p><a href=\"https:\/\/www.linstit.com\/exercice-mathematiques-geometrie-polygones-reconnaitre.html&amp;serno=1&amp;mc=1\" target=\"_blank\" rel=\"noopener\">exercice 1<\/a>\u00a0\u00a0\u00a0\u00a0\u00a0 <a href=\"https:\/\/www.linstit.com\/exercice-mathematiques-geometrie-polygones-sommets-cotes.html&amp;serno=1&amp;mc=1\" target=\"_blank\" rel=\"noopener\">exercice 2 <\/a>\u00a0\u00a0\u00a0\u00a0\u00a0 <a href=\"https:\/\/www.linstit.com\/exercice-mathematiques-geometrie-polygones-description.html&amp;serno=1&amp;mc=1\" target=\"_blank\" rel=\"noopener\">exercice 3<\/a><\/p>\n<p><a href=\"https:\/\/www.mathematiquesfaciles.com\/noms-des-polygones-3-a-12-cotes_2_125057.htm\" target=\"_blank\" rel=\"noopener\">exercice 4<\/a>\u00a0 &#8211;\u00a0\u00a0 retrouve seulement\u00a0 les 5 polygone suivants:<br \/>\n<em>triangle, quadrilat\u00e8re, pentagone, hexagone et octogone<\/em><\/p>\n<p><a href=\"https:\/\/view.genially.com\/65a7e7a4005d900013fd28b5\/interactive-content-les-polygones-ce2-cm1\" target=\"_blank\" rel=\"noopener\">exercice 5: quizz<\/a><\/p>\n<p><strong>5e: Les quadrilat\u00e8res:<\/strong><\/p>\n<p><a href=\"https:\/\/www.linstit.com\/exercice-mathematiques-geometrie-quadrilateres-nommer.html&amp;serno=1&amp;mc=1\" target=\"_blank\" rel=\"noopener\">exercice 1<\/a>\u00a0\u00a0\u00a0\u00a0 <a href=\"https:\/\/www.linstit.com\/exercice-mathematiques-geometrie-quadrilateres-description.html&amp;serno=1&amp;zonparam=2&amp;exono=0\" target=\"_blank\" rel=\"noopener\">exercice 2<\/a> \u00a0\u00a0 (utilise les fl\u00e8ches pour faire encore 2 autres exercices similaires)<\/p>\n<p><a href=\"https:\/\/www.linstit.com\/exercice-mathematiques-geometrie-quadrilateres-d%C3%A9finitions.html&amp;serno=1&amp;mc=1\" target=\"_blank\" rel=\"noopener\">exercice 3 <\/a>\u00a0\u00a0 (utilise les fl\u00e8ches pour faire encore 2 autres exercices similaires)<\/p>\n<p><strong>5e: Les parall\u00e8les et les perpendiculaires:<\/strong><\/p>\n<p><a href=\"https:\/\/www.linstit.com\/exercice-mathematiques-geometrie-parallele-ou-perpendiculaire.html&amp;serno=1&amp;zonparam=2&amp;exono=0\" target=\"_blank\" rel=\"noopener\">s\u00e9rie 1\u00a0<\/a>\u00a0\u00a0\u00a0\u00a0 <a href=\"https:\/\/www.linstit.com\/exercice-mathematiques-geometrie-droites-paralleles-reperer.html&amp;serno=1&amp;mc=1\" target=\"_blank\" rel=\"noopener\">s\u00e9rie 2<\/a> \u00a0\u00a0\u00a0\u00a0\u00a0 <a href=\"https:\/\/www.linstit.com\/exercice-mathematiques-geometrie-droites-perpendiculaires-reperer.html&amp;serno=1&amp;mc=1\" target=\"_blank\" rel=\"noopener\">s\u00e9rie 3<\/a><br \/>\n(clique sur la fl\u00e8che BLEUE pour faire plusieurs exercices de chaque s\u00e9rie)<\/p>\n<p><strong>Les solides:\u00a0\u00a0<\/strong>\u00a0 <a href=\"http:\/\/classesbranchees.csf.bc.ca\/ecoledupacifique\/wp-content\/uploads\/sites\/6\/affiche-Solides.pdf\" target=\"_blank\" rel=\"noopener\">Affiche<\/a><\/p>\n<p>&nbsp;<\/p>\n<p><strong>L&rsquo;heure:<\/strong><\/p>\n<p><a href=\"https:\/\/www.ortholud.com\/lire-heure-1.html\" target=\"_blank\" rel=\"noopener\">exercice 1<\/a> \u00a0\u00a0 <a href=\"https:\/\/www.ortholud.com\/lire-heure-4.html\" target=\"_blank\" rel=\"noopener\">exercice 2<\/a>\u00a0\u00a0\u00a0 <a href=\"https:\/\/www.ortholud.com\/lire-heure-3.html\" target=\"_blank\" rel=\"noopener\">exercice 3<\/a><\/p>\n<p><a href=\"https:\/\/www.jeuxmaths.fr\/exercice-de-math-heure.html\" target=\"_blank\" rel=\"noopener\">nouveau<\/a>\u00a0\u00a0 (choisir Niveau 4\u00a0 puis Niveau 5)<\/p>\n<p><a href=\"https:\/\/www.mathematiquesfaciles.com\/problemes-heures-et-durees_2_24217.htm\" target=\"_blank\" rel=\"noopener\">questionnaire (dur\u00e9e)<\/a><\/p>\n<p>&nbsp;<\/p>\n<p><strong>Les nombres d\u00e9cimaux:<\/strong><\/p>\n<p>5e:\u00a0\u00a0\u00a0 <a href=\"https:\/\/www.linstit.com\/exercice-mathematiques-nombres-decimaux-arrondir-unite-pres.html&amp;serno=1&amp;mc=1\" target=\"_blank\" rel=\"noopener\">arrondir (1)<\/a> \u00a0\u00a0\u00a0 <a href=\"https:\/\/www.linstit.com\/exercice-mathematiques-nombres-decimaux-arrondir-dixieme-pres.html&amp;serno=1&amp;mc=1\" target=\"_blank\" rel=\"noopener\">arrondir (2)<\/a> \u00a0\u00a0\u00a0 <a href=\"https:\/\/www.linstit.com\/exercice-mathematiques-nombres-decimaux-zeros-trop.html&amp;serno=1&amp;zonparam=2&amp;exono=0\" target=\"_blank\" rel=\"noopener\">z\u00e9ros en trop<\/a><br \/>\n<a href=\"https:\/\/www.linstit.com\/exercice-mathematiques-nombres-decimaux-encadrer.html&amp;serno=-1&amp;lstnb=&amp;min=1&amp;max=200&amp;nbvirgule=2&amp;zonparam=1&amp;exono=0&amp;lstprecision=1\" target=\"_blank\" rel=\"noopener\">encadrer (1)\u00a0<\/a>\u00a0\u00a0\u00a0 <a href=\"https:\/\/www.linstit.com\/exercice-mathematiques-nombres-decimaux-encadrer-dixieme.html&amp;serno=-1&amp;zonparam=1&amp;exono=0\" target=\"_blank\" rel=\"noopener\">encadrer (2)\u00a0<\/a> \u00a0 \u00a0 <a href=\"https:\/\/www.linstit.com\/exercice-mathematiques-nombres-decimaux-ordonner.html&amp;serno=2&amp;zonparam=2&amp;exono=0\" target=\"_blank\" rel=\"noopener\">ordonner (1)<\/a>\u00a0 \u00a0 <a href=\"https:\/\/www.linstit.com\/exercice-mathematiques-nombres-decimaux-ordonner.html&amp;serno=4&amp;zonparam=2&amp;exono=0\">ordonner (2)<\/a><\/p>\n<p>&nbsp;<\/p>\n<p><strong>Tables de calcul:<br \/>\n<\/strong><\/p>\n<p>Addition\u00a0\u00a0\u00a0\u00a0\u00a0\u00a0 <a href=\"https:\/\/gomaths.edu-vd.ch\/cr_add.php\" target=\"_blank\" rel=\"noopener\">GOMATH<\/a>\u00a0\u00a0\u00a0 &#8230;<em>choisir :\u00a0\u00a0 <strong>10+ 10<\/strong> \u00a0 et\u00a0\u00a0 <strong>\u00e9valuation 20 calculs<br \/>\n<\/strong><\/em>autre: \u00a0 \u00a0 \u00a0 \u00a0 \u00a0\u00a0 <a href=\"https:\/\/www.logicieleducatif.fr\/math\/calcul\/tablesaddition.php\" target=\"_blank\" rel=\"noopener\">Course du Kangourou\u00a0<\/a> &#8230; <em>choisir \u00ab\u00a0<strong>toutes les tables<\/strong>\u00ab\u00a0<\/em><br \/>\n<em>\u00a0\u00a0\u00a0\u00a0\u00a0\u00a0\u00a0\u00a0\u00a0\u00a0\u00a0\u00a0\u00a0\u00a0\u00a0\u00a0\u00a0\u00a0\u00a0\u00a0\u00a0\u00a0\u00a0\u00a0 (et cliquer sur la petite fl\u00e8che violette \u00e0 droite pour faire appara\u00eetre le clavier)<br \/>\n<\/em><\/p>\n<p>Additions \u00e0 trou\u00a0\u00a0\u00a0\u00a0 <a href=\"https:\/\/gomaths.edu-vd.ch\/trous.php\" target=\"_blank\" rel=\"noopener\">GoMath<\/a>\u00a0 <em>&#8230;. choisir: <strong>jusqu&rsquo;\u00e0 20<\/strong>\u00a0 et <strong>2 minutes<\/strong><\/em><\/p>\n<p>Soustraction:\u00a0\u00a0\u00a0 <a href=\"https:\/\/gomaths.edu-vd.ch\/cr_soustr.php\" target=\"_blank\" rel=\"noopener\">GoMath<\/a>\u00a0 <em>&#8230;. choisir: <strong>20 -9<\/strong>\u00a0 et <strong>entra\u00eenement<br \/>\n<\/strong><\/em>autre:\u00a0\u00a0\u00a0\u00a0\u00a0\u00a0\u00a0\u00a0\u00a0\u00a0\u00a0\u00a0\u00a0\u00a0\u00a0\u00a0\u00a0\u00a0 <a href=\"https:\/\/www.logicieleducatif.fr\/math\/calcul\/tables-de-soustractions.php\" target=\"_blank\" rel=\"noopener\">Course du chat<\/a>\u00a0 <em>&#8230; choisir \u00ab\u00a0<strong>toutes les tables<\/strong>\u00a0\u00bb<br \/>\n(et cliquer sur la petite fl\u00e8che violette \u00e0 droite pour faire appara\u00eetre le clavier)<\/em><\/p>\n<p>&nbsp;<\/p>\n<p>&nbsp;<\/p>\n<p><strong>Argent:<\/strong><\/p>\n<p>1) S\u00e9rie d&rsquo;exercices \u00ab\u00a0<a href=\"http:\/\/classesbranchees.csf.bc.ca\/ecoledupacifique\/wp-content\/uploads\/sites\/6\/Combien-dargent-y-a-til-RV.pdf\">Combien d&rsquo;argent y -a-t-il?(1)<\/a>\u00a0\u00bb<br \/>\n2) s\u00e9rie d&rsquo;exercices \u00ab\u00a0C<a href=\"http:\/\/classesbranchees.csf.bc.ca\/ecoledupacifique\/wp-content\/uploads\/sites\/6\/Combien-dargent-y-a-t-il-2-RV.pdf\">ombien d&rsquo;argent y -a-t-il?(2)<\/a>\u00a0\u00bb<\/p>\n<p>3) s\u00e9rie d&rsquo;exercices: \u00ab\u00a0<a href=\"http:\/\/classesbranchees.csf.bc.ca\/ecoledupacifique\/wp-content\/uploads\/sites\/6\/Que-manque-t-il-RV.pdf\">Que manque-t-il?<\/a>\u00a0\u00bb<\/p>\n<p>4) s\u00e9rie d&rsquo;exercices: \u00ab\u00a0<a href=\"http:\/\/classesbranchees.csf.bc.ca\/ecoledupacifique\/wp-content\/uploads\/sites\/6\/Quelle-serait-la-monnaie-exacte-RV.pdf\">Quelle serait la monnaie exacte?<\/a>\u00a0\u00bb<\/p>\n<p><strong>Probl\u00e8mes \u00e0 r\u00e9soudre\u00a0: exercices en ligne<\/strong><\/p>\n<p><a href=\"https:\/\/www.professeurphifix.net\/probleme_interactive\/sommaire_probleme_interactif.html\" target=\"_blank\" rel=\"noopener\">Probl\u00e8mes du Professeur Phifix:<\/a>\u00a0\u00a0 choisis dans la liste CE2 (\u00e0 partir du probl\u00e8me 4) ou CM1<\/p>\n<p>Autre: <a href=\"https:\/\/www.professeurphifix.net\/probleme_interactive\/ce2_choix_oper.htm\" target=\"_blank\" rel=\"noopener\">Choisir l&rsquo;op\u00e9ration<\/a><\/p>\n<p>&nbsp;<\/p>\n<p><strong>Les Nombres:\u00a0 \u00a0 \u00a0 \u00a0 \u00a0 \u00a0 \u00a0 \u00a0 <em><br \/>\n<\/em><\/strong><\/p>\n<p>4e:\u00a0 exercices 4e ann\u00e9e\u00a0\u00a0 ???\u00a0 <a href=\"https:\/\/soutien67.fr\/math\/activites\/compter_9999\/compter.htm\" target=\"_blank\" rel=\"noopener\">exercices<\/a><\/p>\n<p>5e:\u00a0 <a href=\"https:\/\/www.linstit.com\/exercice-mathematiques-nombres-grands-nombres-lecture.html&amp;serno=4&amp;zonparam=2&amp;exono=0\" target=\"_blank\" rel=\"noopener\">7 exercices \u00ab\u00a0J&rsquo;entends&#8230;\u00a0\u00bb<\/a> \u00a0 (appuie sur le fl\u00e8che pour continuer les autres exercices)<br \/>\n<a href=\"https:\/\/www.mathematiquesfaciles.com\/bilan-cm1-cm2-nombres-de-1-000-a-999-999_2_57102.htm\" target=\"_blank\" rel=\"noopener\">exercice de r\u00e9vision (3 \u00e0 6)<\/a><\/p>\n<p>NEW NEW NEW<\/p>\n<p>&nbsp;<\/p>\n<p><strong>Tables de division:<br \/>\n<\/strong><\/p>\n<p><a href=\"https:\/\/www.topmarks.co.uk\/maths-games\/hit-the-button\" target=\"_blank\" rel=\"noopener\">Hit the button<\/a> \u00a0\u00a0 &#8211;\u00a0 choisir: <strong><em>Division up to 10<\/em><\/strong>\u00a0 \u00a0 \u00a0 \u00a0<em>Hit the answer<\/em>\u00a0 \u00a0 \u00a0puis:\u00a0 \u00a0\u00a0 <em>Hit the question<\/em><\/p>\n<p>&nbsp;<\/p>\n<p>&nbsp;<\/p>\n<p>&nbsp;<\/p>\n<p><strong>Les nombres d\u00e9cimaux:<\/strong><\/p>\n<p>5e:\u00a0\u00a0\u00a0 <a href=\"https:\/\/www.linstit.com\/exercice-mathematiques-nombres-decimaux-arrondir-unite-pres.html&amp;serno=1&amp;mc=1\" target=\"_blank\" rel=\"noopener\">arrondir (1)<\/a> \u00a0\u00a0\u00a0 <a href=\"https:\/\/www.linstit.com\/exercice-mathematiques-nombres-decimaux-arrondir-dixieme-pres.html&amp;serno=1&amp;mc=1\" target=\"_blank\" rel=\"noopener\">arrondir (2)<\/a> \u00a0\u00a0\u00a0 <a href=\"https:\/\/www.linstit.com\/exercice-mathematiques-nombres-decimaux-zeros-trop.html&amp;serno=1&amp;zonparam=2&amp;exono=0\" target=\"_blank\" rel=\"noopener\">z\u00e9ros en trop<\/a><br \/>\n<a href=\"https:\/\/www.linstit.com\/exercice-mathematiques-nombres-decimaux-encadrer.html&amp;serno=-1&amp;lstnb=&amp;min=1&amp;max=200&amp;nbvirgule=2&amp;zonparam=1&amp;exono=0&amp;lstprecision=1\" target=\"_blank\" rel=\"noopener\">encadrer (1)\u00a0<\/a>\u00a0\u00a0\u00a0 <a href=\"https:\/\/www.linstit.com\/exercice-mathematiques-nombres-decimaux-encadrer-dixieme.html&amp;serno=-1&amp;zonparam=1&amp;exono=0\" target=\"_blank\" rel=\"noopener\">encadrer (2)\u00a0<\/a> \u00a0 \u00a0 <a href=\"https:\/\/www.linstit.com\/exercice-mathematiques-nombres-decimaux-ordonner.html&amp;serno=2&amp;zonparam=2&amp;exono=0\" target=\"_blank\" rel=\"noopener\">ordonner (1)<\/a>\u00a0 \u00a0 <a href=\"https:\/\/www.linstit.com\/exercice-mathematiques-nombres-decimaux-ordonner.html&amp;serno=4&amp;zonparam=2&amp;exono=0\">ordonner (2)<\/a><\/p>\n<p>&nbsp;<\/p>\n<p><strong>4e: La sym\u00e9trie:\u00a0 \u00a0\u00a0 <\/strong><a href=\"https:\/\/www.logicieleducatif.fr\/math\/geometrie\/symetrie-pixel-art.php\" target=\"_blank\" rel=\"noopener\">Pixel Art<\/a>\u00a0\u00a0\u00a0\u00a0\u00a0\u00a0 <a href=\"https:\/\/www.logicieleducatif.fr\/math\/geometrie\/symetrie-axiale.php\" target=\"_blank\" rel=\"noopener\">Sym\u00e9trie axiale<\/a> (niveau 3 seulement)<\/p>\n<p><strong>5e: La Translation:<\/strong>\u00a0\u00a0 <a href=\"https:\/\/www.kwyk.fr\/exercices\/mathematiques\/4e\/transformations\/translations\/\" target=\"_blank\" rel=\"noopener\">exercices<\/a><\/p>\n<p>&nbsp;<\/p>\n<p>Multiplication \u00e9crite:\u00a0\u00a0 <a href=\"https:\/\/www.mathmammoth.com\/practice\/vertical-multiplication#opts=3x2&amp;questions=3*3\" target=\"_blank\" rel=\"noopener\">Exercices en ligne\u00a0<\/a> (3 chiffres x 2 chiffres)<br \/>\nou niveau 2: <a href=\"https:\/\/www.mathmammoth.com\/practice\/vertical-multiplication#opts=3x3&amp;questions=3*2\" target=\"_blank\" rel=\"noopener\">Exercices en ligne<\/a> (3 chiffres x 3 chiffres)<\/p>\n<p>&nbsp;<\/p>\n<p>************************<\/p>\n<p>Nombre au hasard: <a href=\"https:\/\/www.tirokdo.com\/tirage-au-sort\/nombre-aleatoire\" target=\"_blank\" rel=\"noopener\">tirage<\/a><\/p>\n<p>&nbsp;<\/p>\n<p>************************<\/p>\n<p><del><strong>Jeux de logique \/ de strat\u00e9gie:<\/strong><\/del><\/p>\n<p><del><a href=\"https:\/\/www.coolmathgames.com\/0-4-in-a-row\" target=\"_blank\" rel=\"noopener\">Connect 4\u00a0<\/a>\u00a0\u00a0\u00a0\u00a0\u00a0 <a href=\"https:\/\/www.coolmathgames.com\/0-reversi\" target=\"_blank\" rel=\"noopener\">Reversi (Othello)<\/a>\u00a0 \u00a0 \u00a0 <a href=\"https:\/\/www.coolmathgames.com\/0-checkers\" target=\"_blank\" rel=\"noopener\">Dames (checkers)<\/a> \u00a0 \u00a0 \u00a0 <a href=\"https:\/\/www.chesskid.com\/\" target=\"_blank\" rel=\"noopener\">\u00c9checs<\/a><\/del><\/p>\n<p><del>Rush Hours: \u00a0 <a href=\"https:\/\/www.coolmathgames.com\/0-parking-panic\" target=\"_blank\" rel=\"noopener\">Panic Parking\u00a0 <\/a>ou\u00a0 <a href=\"https:\/\/www.mathplayground.com\/logic_parking_lot.html\" target=\"_blank\" rel=\"noopener\">Parking lot <\/a><\/del><\/p>\n<p><del><a href=\"https:\/\/www.coolmathgames.com\/0-sudoku\" target=\"_blank\" rel=\"noopener\">Sudoku <\/a><\/del><\/p>\n<p><strong>Probl\u00e8mes \u00e0 r\u00e9soudre\u00a0: exercices en ligne<\/strong><\/p>\n<p><a href=\"https:\/\/www.professeurphifix.net\/probleme_interactive\/sommaire_probleme_interactif.html\" target=\"_blank\" rel=\"noopener\">Probl\u00e8mes du Professeur Phifix:<\/a>\u00a0\u00a0 choisis dans la liste CE2 (\u00e0 partir du probl\u00e8me 4) ou CM1<\/p>\n<p>Autre: <a href=\"https:\/\/www.professeurphifix.net\/probleme_interactive\/ce2_choix_oper.htm\" target=\"_blank\" rel=\"noopener\">Choisir l&rsquo;op\u00e9ration<\/a><\/p>\n<p><del><em>Va sur le site et r\u00e9ponds aux questions pos\u00e9es.<\/em><\/del><\/p>\n<p><del><a href=\"http:\/\/matoumatheux.ac-rennes.fr\/num\/probleme\/CM2\/accueilP1.htm\" target=\"_blank\" rel=\"noopener\">s\u00e9rie 1<\/a>\u00a0\u00a0\u00a0 \u00a0 \u00a0 \u00a0 \u00a0\u00a0 <a href=\"http:\/\/matoumatheux.ac-rennes.fr\/num\/probleme\/CM2\/accueilP2.htm\" target=\"_blank\" rel=\"noopener\">s\u00e9rie 2<\/a>\u00a0\u00a0\u00a0 \u00a0 \u00a0 \u00a0 \u00a0 <a href=\"http:\/\/matoumatheux.ac-rennes.fr\/num\/probleme\/CM2\/accueilP4.htm\" target=\"_blank\" rel=\"noopener\">s\u00e9rie 3<\/a><\/del><\/p>\n<p><strong>Les tables de Division:<\/strong><\/p>\n<p><a href=\"http:\/\/www.gomath.ch\/cm_division.php\" target=\"_blank\" rel=\"noopener\">GoMath<\/a>\u00a0 &#8211; choisir\u00a0 \u00ab\u00a0<strong><em>toutes les tables &#8211;&gt; 10<\/em><\/strong>\u00a0\u00bb (ou une table \u00e0 la fois)<\/p>\n<p><a href=\"https:\/\/www.topmarks.co.uk\/maths-games\/hit-the-button\" target=\"_blank\" rel=\"noopener\">Hit the button<\/a>\u00a0\u00a0\u00a0 &#8211;\u00a0 choisir: <strong><em>Division facts<\/em><\/strong><\/p>\n<p>Pour v\u00e9rifier les \u00ab\u00a0longues\u00a0\u00bb divisions:\u00a0\u00a0 <a href=\"https:\/\/www.calculatorsoup.com\/calculators\/math\/longdivision.php\" target=\"_blank\" rel=\"noopener\">Calculator<\/a><\/p>\n<p>Diagrammes:\u00a0\u00a0\u00a0 <a href=\"https:\/\/www.thatquiz.org\/fr-5\/?-j10f0h-l1-mpnv600-p0\" target=\"_blank\" rel=\"noopener\">diagrammes \u00e0 bande<\/a>\u00a0\u00a0\u00a0\u00a0\u00a0\u00a0\u00a0 \u00a0\u00a0\u00a0 <a href=\"https:\/\/www.thatquiz.org\/fr-5\/?-j50f0g-l3-mpnv600-p0\" target=\"_blank\" rel=\"noopener\">pictogrammes<\/a>\u00a0\u00a0\u00a0\u00a0\u00a0\u00a0\u00a0\u00a0\u00a0\u00a0\u00a0\u00a0\u00a0\u00a0\u00a0 <a href=\"https:\/\/www.thatquiz.org\/fr-5\/?-j10f2g-l4-mpnv600-p0\" target=\"_blank\" rel=\"noopener\">diagrammes circulaires<\/a><\/p>\n<p><strong>Fractions: (avec ordi!)<br \/>\n<\/strong><\/p>\n<p>5e :\u00a0 <a href=\"http:\/\/soutien67.free.fr\/math\/activites\/fractions\/Les%20fractions.htm\" target=\"_blank\" rel=\"noopener\">R\u00e9vision<\/a>\u00a0\u00a0\u00a0 (Niveau 1 et 2)\u00a0\u00a0\u00a0\u00a0 <a href=\"http:\/\/mathematiqueenligne.tableau-noir.net\/fraction01.html\" target=\"_blank\" rel=\"noopener\">fractions \u00e9quivalentes<\/a><\/p>\n<p>Probl\u00e8mes:\u00a0\u00a0 <a href=\"http:\/\/problememath.tableau-noir.net\/probleme201.html\" target=\"_blank\" rel=\"noopener\">niveau 1<\/a> \u00a0 \u00a0\u00a0 \u00a0\u00a0 <a href=\"http:\/\/problememath.tableau-noir.net\/probleme202.html\" target=\"_blank\" rel=\"noopener\">niveau 2<\/a>\u00a0\u00a0\u00a0\u00a0\u00a0\u00a0 (chercher la r\u00e9ponse sur une feuille, avec calculatrice)<\/p>\n<p>Tous:\u00a0 <del><a href=\"http:\/\/matoumatheux.ac-rennes.fr\/num\/fractions\/CM2\/partagesCM.htm\" target=\"_blank\" rel=\"noopener\">Probl\u00e8mes<\/a>\u00a0 (sauf L&rsquo;horloge) &#8211; choisis en 3 au minimum<\/del><\/p>\n<p><strong>Les Nombres:\u00a0 \u00a0 \u00a0 \u00a0 \u00a0 \u00a0 \u00a0 \u00a0 <em>\u00a0 \u00a0 \u00a0\u00a0<\/em><\/strong><\/p>\n<p>4e ann\u00e9e<\/p>\n<p>1) <a href=\"http:\/\/lignemath.tableau-noir.net\/pages\/exercicesenligne.html\" target=\"_blank\" rel=\"noopener\">exercices 4e ann\u00e9e<\/a><br \/>\nFais l&rsquo;exercice <strong>Plus petit;plus grand 01<\/strong> et <strong>Compl\u00e9ter 01<\/strong> et <strong>Trouver le nombre 01<\/strong><\/p>\n<p>2) <a href=\"http:\/\/matoumatheux.ac-rennes.fr\/num\/entier\/devinette1.htm#CM2\" target=\"_blank\" rel=\"noopener\">devinette de nombres<\/a><\/p>\n<p>5e ann\u00e9e<\/p>\n<p>1) <a href=\"http:\/\/lignemath.tableau-noir.net\/pages\/exercicesenligne.html\" target=\"_blank\" rel=\"noopener\">exercices 5e ann\u00e9e<\/a><br \/>\nFais l&rsquo;exercice <strong>\u00ab\u00a0Ecrire en chiffre\u00a0\u00bb 01<\/strong>,\u00a0 <strong>\u00ab\u00a0retrouver le nombre\u00a0\u00bb 02<\/strong>,\u00a0<strong>\u00ab\u00a0Plus petit;plus grand\u00a0\u00bb 02,\u00a0<strong>\u00ab\u00a0Compl\u00e9ter\u00a0\u00bb 03<\/strong>\u00a0et \u00ab\u00a0<strong>Trouver le nombre\u00a0\u00bb 03<\/strong><\/strong><\/p>\n<p>2) <a href=\"http:\/\/matoumatheux.ac-rennes.fr\/num\/entier\/CM2\/devinettesCM.htm\" target=\"_blank\" rel=\"noopener\">devinette de nombres<\/a><br \/>\nFais 2 exercices \u00ab\u00a0Qui suis-je?\u00a0\u00bb<\/p>\n<p><strong>Nombres d\u00e9cimaux: dixi\u00e8mes<\/strong><\/p>\n<p><a href=\"http:\/\/soutien67.free.fr\/math\/activites\/decimaux\/decimaux.htm\" target=\"_blank\" rel=\"noopener\">exercices 1<\/a>\u00a0\u00a0\u00a0 \u00a0\u00a0 <a href=\"http:\/\/matoumatheux.ac-rennes.fr\/num\/decimaux\/graduee1.htm#CM1 (\" target=\"_blank\" rel=\"noopener\">exercices 2<\/a>\u00a0\u00a0\u00a0 \u00a0 \u00a0 <a href=\"http:\/\/matoumatheux.ac-rennes.fr\/tous\/jeuxnombre\/N1s6ex2.htm\" target=\"_blank\" rel=\"noopener\">exercices 3 <\/a>\u00a0\u00a0\u00a0\u00a0 <a href=\"http:\/\/matoumatheux.ac-rennes.fr\/num\/decimaux\/N3s1ex4.htm#CM2 (\" target=\"_blank\" rel=\"noopener\">exercices 4 *<\/a> \u00a0\u00a0\u00a0 <a href=\"http:\/\/matoumatheux.ac-rennes.fr\/num\/decimaux\/N3s1ex7.htm#CM2\" target=\"_blank\" rel=\"noopener\">exercices 5*<\/a><\/p>\n<p>* choisis le niveau FACILE<\/p>\n<p>Nombres d\u00e9cimaux (centi\u00e8mes):\u00a0\u00a0\u00a0\u00a0 <a href=\"http:\/\/soutien67.free.fr\/math\/activites\/decimaux\/decimaux2.htm\" target=\"_blank\" rel=\"noopener\">Exercices de r\u00e9vision<\/a>\u00a0\u00a0 \u00a0 \u00a0 (sur ordinateur)<\/p>\n","protected":false},"excerpt":{"rendered":"<p>Fractions: (4e) 1) Rep\u00e9rer les fractions: Vise les fractions 2)\u00a0 probl\u00e8mes en ligne\u00a0\u00a0\u00a0\u00a0 (il y en a 11 en tout!) 3) Comparer les fractions:\u00a0 application FRACTION (Sur ton Ipad) Attention:\u00a0 dans Menu, va dans R\u00e9glages et choisis \u00ab\u00a0Niveau 5\u00a0\u00bb et \u00a0\u00a0\u00a0\u00a0\u00a0\u00a0\u00a0\u00a0\u00a0\u00a0\u00a0\u00a0\u00a0\u00a0\u00a0\u00a0\u00a0\u00a0\u00a0\u00a0\u00a0\u00a0\u00a0\u00a0 ensuite, choisis le jeu \u00ab\u00a0Comparer les fractions\u00a0\u00bb Fractions (5e): comparer les fractions: exercices en &hellip; <a href=\"https:\/\/classesbranchees.csf.bc.ca\/ecoledupacifique\/math\/\" class=\"more-link\">Continuer la lecture de <span class=\"screen-reader-text\">math<\/span> <span class=\"meta-nav\">&rarr;<\/span><\/a><\/p>\n","protected":false},"author":40,"featured_media":0,"parent":0,"menu_order":0,"comment_status":"closed","ping_status":"closed","template":"","meta":[],"_links":{"self":[{"href":"https:\/\/classesbranchees.csf.bc.ca\/ecoledupacifique\/wp-json\/wp\/v2\/pages\/363"}],"collection":[{"href":"https:\/\/classesbranchees.csf.bc.ca\/ecoledupacifique\/wp-json\/wp\/v2\/pages"}],"about":[{"href":"https:\/\/classesbranchees.csf.bc.ca\/ecoledupacifique\/wp-json\/wp\/v2\/types\/page"}],"author":[{"embeddable":true,"href":"https:\/\/classesbranchees.csf.bc.ca\/ecoledupacifique\/wp-json\/wp\/v2\/users\/40"}],"replies":[{"embeddable":true,"href":"https:\/\/classesbranchees.csf.bc.ca\/ecoledupacifique\/wp-json\/wp\/v2\/comments?post=363"}],"version-history":[{"count":161,"href":"https:\/\/classesbranchees.csf.bc.ca\/ecoledupacifique\/wp-json\/wp\/v2\/pages\/363\/revisions"}],"predecessor-version":[{"id":1923,"href":"https:\/\/classesbranchees.csf.bc.ca\/ecoledupacifique\/wp-json\/wp\/v2\/pages\/363\/revisions\/1923"}],"wp:attachment":[{"href":"https:\/\/classesbranchees.csf.bc.ca\/ecoledupacifique\/wp-json\/wp\/v2\/media?parent=363"}],"curies":[{"name":"wp","href":"https:\/\/api.w.org\/{rel}","templated":true}]}}