{"id":350,"date":"2015-11-10T12:10:12","date_gmt":"2015-11-10T20:10:12","guid":{"rendered":"http:\/\/classesbranchees.csf.bc.ca\/ecoledupacifique\/?page_id=350"},"modified":"2026-05-12T07:48:59","modified_gmt":"2026-05-12T14:48:59","slug":"sciences-humaines","status":"publish","type":"page","link":"https:\/\/classesbranchees.csf.bc.ca\/ecoledupacifique\/sciences-humaines\/","title":{"rendered":"Sciences humaines"},"content":{"rendered":"<p><strong>Les colons du Canada<br \/>\n<\/strong><\/p>\n<p><a href=\"http:\/\/classesbranchees.csf.bc.ca\/ecoledupacifique\/wp-content\/uploads\/sites\/6\/Kayak-magazine_La-colonisation-du-canada.pdf\" target=\"_blank\" rel=\"noopener\">\u00ab La colonisation au Canada<\/a><\/p>\n<p><a href=\"http:\/\/classesbranchees.csf.bc.ca\/ecoledupacifique\/wp-content\/uploads\/sites\/6\/Kayak-magazine_une-nouvelle-vie-au-N-B-BD.pdf\" target=\"_blank\" rel=\"noopener\">\u00ab Une nouvelle vie au Nouveau-Brunswick \u00bb<\/a> (bande-dessin\u00e9e)<\/p>\n<p><a href=\"http:\/\/classesbranchees.csf.bc.ca\/ecoledupacifique\/wp-content\/uploads\/sites\/6\/Maison-du-colons-inte\u0301rieur-new.pdf\">Maison du colons (inte\u0301rieur) <\/a><\/p>\n<p><a href=\"http:\/\/classesbranchees.csf.bc.ca\/ecoledupacifique\/wp-content\/uploads\/sites\/6\/Forts-postes-de-traite_carte-BC-Postes-HBC.pdf\" target=\"_blank\" rel=\"noopener\">Postes de traite en C.-B.<\/a><\/p>\n<p><a href=\"http:\/\/primaire.recitus.qc.ca\/\" target=\"_blank\" rel=\"noopener\">Recitus: soci\u00e9t\u00e9 et territoires<\/a><\/p>\n<p>&nbsp;<\/p>\n<p>&nbsp;<\/p>\n<p><strong>L&rsquo;Histoire et les explorateurs:<\/strong><\/p>\n<p>quizz en ligne: <a href=\"https:\/\/www.jeuxpedago.com\/jeux-histoire-geo-cm1-terminale-quiz-les-annees-et-les-siecles-_pageid692.html\" target=\"_blank\" rel=\"noopener\">ann\u00e9es et si\u00e8cles<\/a><\/p>\n<p>Site de r\u00e9f\u00e9rence:\u00a0\u00a0 <a href=\"http:\/\/epe.lac-bac.gc.ca\/100\/206\/301\/lac-bac\/explorers-kids\/www.collectionscanada.gc.ca\/explorers\/kids\/index-f.html\" target=\"_blank\" rel=\"noopener\">Les Passages<\/a><\/p>\n<p>autres site:\u00a0\u00a0\u00a0 E<a href=\"https:\/\/www.thecanadianencyclopedia.ca\/fr\" target=\"_blank\" rel=\"noopener\">ncyclop\u00e9die canadienne<\/a><\/p>\n<p>&nbsp;<\/p>\n<p>&nbsp;<\/p>\n<p><strong>Le monde:<\/strong><\/p>\n<p><a href=\"https:\/\/world-geography-games.com\/fr\/monde_continents.html\" target=\"_blank\" rel=\"noopener\">Quizz Continents <\/a>\u00a0 \u00a0 <a href=\"https:\/\/world-geography-games.com\/fr\/monde_oceans.html\" target=\"_blank\" rel=\"noopener\">Quizz Oc\u00e9ans<\/a> \u00a0\u00a0\u00a0\u00a0 <a href=\"https:\/\/www.quizz.biz\/quizz-40595.html\" target=\"_blank\" rel=\"noopener\">Quizz<\/a> (moyen)<\/p>\n<p><a href=\"https:\/\/www.mesexercices.com\/exercices\/exercice-culture-2\/exercice-culture-41408.php\" target=\"_blank\" rel=\"noopener\">Questionnaire<\/a> \u00a0\u00a0\u00a0\u00a0 <a href=\"https:\/\/www.jeux-geographiques.com\/jeux-en-ligne-Jeu-Geo-Physique-du-Monde-_pageid121.html\" target=\"_blank\" rel=\"noopener\">Quizz (tr\u00e8s difficile)<\/a> &#8211; \u00e0 faire avec un Atlas ou la carte du monde<\/p>\n<p><a href=\"http:\/\/classesbranchees.csf.bc.ca\/ecoledupacifique\/wp-content\/uploads\/sites\/6\/Climats_carte-zones.pdf\" target=\"_blank\" rel=\"noopener\">CARTE (zones climatiques)<\/a>\u00a0\u00a0\u00a0\u00a0\u00a0\u00a0 \u00a0\u00a0\u00a0\u00a0 <a href=\"http:\/\/classesbranchees.csf.bc.ca\/ecoledupacifique\/wp-content\/uploads\/sites\/6\/photos-paysages.pdf\" target=\"_blank\" rel=\"noopener\">Les climats (photos)<\/a><\/p>\n<p><a href=\"http:\/\/classesbranchees.csf.bc.ca\/ecoledupacifique\/wp-content\/uploads\/sites\/6\/Le-monde_monuments-photos.pdf\" target=\"_blank\" rel=\"noopener\">Les monuments (photos)<\/a>\u00a0\u00a0 \u00a0 \u00a0 \u00a0\u00a0 <a href=\"http:\/\/classesbranchees.csf.bc.ca\/ecoledupacifique\/wp-content\/uploads\/sites\/6\/Le-monde_habitants-photos.pdf\" target=\"_blank\" rel=\"noopener\">Les habitants (photos)<\/a><\/p>\n<p>&nbsp;<\/p>\n<p>&nbsp;<\/p>\n<p><strong>Site Autochtones:<\/strong><\/p>\n<p><a href=\"https:\/\/echo.franco.ca\/premieresnations\/images\/carte_1500_500x375.jpg\" target=\"_blank\" rel=\"noopener\" data-rel=\"lightbox-image-0\" data-rl_title=\"\" data-rl_caption=\"\" title=\"\">\u00a0\u00a0\u00a0 <\/a><a href=\"https:\/\/www.medarus.org\/Ardeche\/07celebr\/07celImg\/Nicolas_Louis\/peuples-autochtones-canada.jpg\" target=\"_blank\" rel=\"noopener\" data-rel=\"lightbox-image-1\" data-rl_title=\"\" data-rl_caption=\"\" title=\"\">CARTE 1<\/a> \u00a0\u00a0\u00a0<a href=\"https:\/\/echo.franco.ca\/premieresnations\/images\/carte_1500_500x375.jpg\" target=\"_blank\" rel=\"noopener\" data-rel=\"lightbox-image-2\" data-rl_title=\"\" data-rl_caption=\"\" title=\"\"> CARTE 2<\/a>\u00a0\u00a0\u00a0\u00a0 <a href=\"https:\/\/www.geocities.ws\/geographie_du_canada\/indiens.jpg\" target=\"_blank\" rel=\"noopener\" data-rel=\"lightbox-image-3\" data-rl_title=\"\" data-rl_caption=\"\" title=\"\">CARTE 3<\/a><\/p>\n<p><a href=\"http:\/\/classesbranchees.csf.bc.ca\/ecoledupacifique\/wp-content\/uploads\/sites\/6\/Groupes-1ere-nations_texte-1.pdf\" target=\"_blank\" rel=\"noopener\">Texte: les groupes g\u00e9ographiques<\/a> \u00a0 \u00a0 \u00a0 \u00a0 \u00a0 <a href=\"http:\/\/classesbranchees.csf.bc.ca\/ecoledupacifique\/wp-content\/uploads\/sites\/6\/Totem-brochure-AINC.pdf\">Brochure: les Totems<\/a><strong>\u00a0<\/strong><\/p>\n<p><a href=\"http:\/\/jeunes.banq.qc.ca\/pj\/regarder\/billets\/863b66a2-ff6a-4e34-bfea-ecdea124113a\" target=\"_blank\" rel=\"noopener\">Films d&rsquo;animation (ONF)<\/a><\/p>\n<p>&nbsp;<\/p>\n<p><strong>Le Canada:<\/strong><\/p>\n<p>Vikidia:\u00a0 <a href=\"https:\/\/fr.vikidia.org\/wiki\/Canada\" target=\"_blank\" rel=\"noopener\">Le Canada<\/a> \u00a0\u00a0\u00a0 et \u00a0 \u00a0 <a href=\"http:\/\/classesbranchees.csf.bc.ca\/ecoledupacifique\/wp-content\/uploads\/sites\/6\/carte_Canada-et-ensemble-re\u0301gionaux.pdf\" target=\"_blank\" rel=\"noopener\">CARTE \u00ab\u00a0Le Canada et les ensembles re\u0301gionaux\u00a0\u00bb<\/a><\/p>\n<p>Quiz sur les provinces et territoires:<br \/>\n1.\u00a0 <a href=\"http:\/\/www.jeux-geographiques.com\/jeux-en-ligne-Jeu-Provinces-du-Canada-_pageid110.html\" target=\"_blank\" rel=\"noopener\">Quiz (avec ou sans Chrono) \u00a0 \u00a0 \u00a0 \u00a0 <\/a>2. <a href=\"https:\/\/www.jetpunk.com\/user-quizzes\/61345\/carte-du-canada-quiz\" target=\"_blank\" rel=\"noopener\">Carte Quiz<\/a><\/p>\n<p><a href=\"http:\/\/classesbranchees.csf.bc.ca\/ecoledupacifique\/wp-content\/uploads\/sites\/6\/Les-provinces-et-les-territoires-du-Canada_affiche-LIGHT.pdf\" target=\"_blank\" rel=\"noopener\">Document \u00ab\u00a0Les provinces et les territoires du Canada\u00a0\u00bb<\/a><\/p>\n<p>&nbsp;<\/p>\n<p><strong>Le gouvernement provincial:<br \/>\n<\/strong><\/p>\n<p><a href=\"https:\/\/www.leg.bc.ca\/\" target=\"_blank\" rel=\"noopener\">Parlement C.-B.\u00a0<\/a>\u00a0\u00a0\u00a0\u00a0 \u00a0 \u00a0 \u00a0 <a href=\"https:\/\/www2.gov.bc.ca\/gov\/content\/governments\/organizational-structure\/cabinet\/cabinet-ministers\" target=\"_blank\" rel=\"noopener\">Gouvernement C.-B<\/a><\/p>\n<p><a href=\"http:\/\/classesbranchees.csf.bc.ca\/ecoledupacifique\/wp-content\/uploads\/sites\/6\/BC-Symbols-French.pdf\" target=\"_blank\" rel=\"noopener\">Les embl\u00e8mes de la province<\/a> \u00a0\u00a0\u00a0\u00a0\u00a0 <a href=\"http:\/\/classesbranchees.csf.bc.ca\/ecoledupacifique\/wp-content\/uploads\/sites\/6\/BC-Armoirie-French.pdf\" target=\"_blank\" rel=\"noopener\">Les armoiries de C.-B<\/a><\/p>\n<p><a href=\"https:\/\/www.leg.bc.ca\/learn\/discover-your-legislature\/building-history\" target=\"_blank\" rel=\"noopener\">Histoire du Parlement<\/a>\u00a0\u00a0\u00a0\u00a0\u00a0\u00a0 <a href=\"https:\/\/my.matterport.com\/show\/?m=0m37pi4auwum4nghcsrdp35gd&amp;ss=318&amp;sr=-1.65%2C-1.42&amp;tag=zwoWPjcAXYX&amp;pin-pos=74.46%2C-3.7%2C-8.43\" target=\"_blank\" rel=\"noopener\">Visite viruelle<\/a><\/p>\n<p>&nbsp;<\/p>\n<p><strong>Le gouvernement du Canada:<\/strong><\/p>\n<p>Visite virtuelle: \u00a0 \u00a0 <a href=\"https:\/\/www.google.ca\/maps\/@45.425149,-75.6991806,2a,75y,327.6h,86.49t\/data=!3m6!1e1!3m4!1sUULdgUfbK2As7n9nipH6Eg!2e0!7i13312!8i6656\" target=\"_blank\" rel=\"noopener\">le S\u00e9nat <\/a>\u00a0 \u00a0 et\u00a0 \u00a0 <a href=\"https:\/\/www.google.ca\/maps\/@45.4246777,-75.7004133,2a,75y,329.51h,73.54t\/data=!3m6!1e1!3m4!1sLHcfxJnem4-h3GFjqHJ7WA!2e0!7i13312!8i6656\" target=\"_blank\" rel=\"noopener\">la Chambre des communes<\/a><\/p>\n<p><a href=\"https:\/\/www.noscommunes.ca\/Members\/fr\/ministries\" target=\"_blank\" rel=\"noopener\">Les Ministres <\/a>\u00a0\u00a0\u00a0 et \u00a0 \u00a0 <a href=\"https:\/\/www.noscommunes.ca\/members\/fr\" target=\"_blank\" rel=\"noopener\">Les D\u00e9put\u00e9s \u00e0 la Chambre des Communes<\/a><\/p>\n<p><a href=\"http:\/\/classesbranchees.csf.bc.ca\/ecoledupacifique\/wp-content\/uploads\/sites\/6\/Chambre-des-Communes_FAQ-enfants.pdf\">Chambre des Communes_FAQ enfants<\/a><\/p>\n<p><a href=\"http:\/\/www.parl.gc.ca\/Default.aspx?Language=F\" target=\"_blank\" rel=\"noopener\">Le site WEB du Parlement<\/a>\u00a0\u00a0 \u00a0\u00a0\u00a0\u00a0\u00a0 <a href=\"https:\/\/sencanada.ca\/fr\/senateurs\" target=\"_blank\" rel=\"noopener\">Les S\u00e9nateurs<\/a><\/p>\n<p>les niveaux de gouvernement:\u00a0 <a href=\"https:\/\/www.ola.org\/fr\/visiter-apprendre\/enseigner-apprendre-jouer\/jeux\/paliers-gouvernement\" target=\"_blank\" rel=\"noopener\">jeu en ligne (1)<\/a> \u00a0\u00a0\u00a0\u00a0\u00a0\u00a0\u00a0\u00a0\u00a0\u00a0 <a href=\"https:\/\/decouvrez.parl.ca\/fr\/jeux\/tourdeville\/?fr\" target=\"_blank\" rel=\"noopener\">jeu en ligne (2)<\/a><\/p>\n<p>&nbsp;<\/p>\n<p><del>\u00a0 ANCIENS LIENS: Visite virtuelle: \u00a0 \u00a0 <\/del><a href=\"http:\/\/tour-ext.sencanada.ca\/tour\/index.html\" target=\"_blank\" rel=\"noopener\"><del>\u00c9difice du Centre et S\u00e9nat<\/del><\/a><\/p>\n<p>&nbsp;<\/p>\n<p>&nbsp;<\/p>\n<p><strong>Les inuits:<\/strong><\/p>\n<p>carte Nunavut:\u00a0\u00a0\u00a0\u00a0<a href=\"http:\/\/ftp.geogratis.gc.ca\/pub\/nrcan_rncan\/raster\/atlas_6_ed\/reference\/bilingual\/nunavut.pdf\" target=\"_blank\" rel=\"noopener\"> image PDF<\/a><\/p>\n<p><a href=\"https:\/\/www.assembly.nu.ca\/fr\/node\/134\" target=\"_blank\" rel=\"noopener\">les armoiries du Nunavut<\/a><\/p>\n<p>Brochure: \u00a0 1) <a href=\"https:\/\/www.aadnc-aandc.gc.ca\/DAM\/DAM-INTER-HQ\/STAGING\/texte-text\/ach_lr_ks_rrds_trav_1302786254552_fra.pdf\" target=\"_blank\" rel=\"noopener\">Les d\u00e9placements&#8230; au Nunavut<\/a> \u00a0 \u00a0 \u00a0 \u00a0 2)<a href=\"http:\/\/publications.gc.ca\/collections\/collection_2011\/ainc-inac\/R2-129-2003-fra.pdf\" target=\"_blank\" rel=\"noopener\"> La nourriture dans le grand nord<\/a><br \/>\n3) <a href=\"http:\/\/www.aadnc-aandc.gc.ca\/DAM\/DAM-INTER-HQ\/STAGING\/texte-text\/ach_lr_ks_rrds_disc_1302786542133_fra.pdf\" target=\"_blank\" rel=\"noopener\">L&rsquo;art inuit\u00a0<\/a> \u00a0 \u00a0 \u00a0 \u00a0 \u00a0 4) <a href=\"http:\/\/publications.gc.ca\/collections\/collection_2011\/ainc-inac\/R2-193-2002-fra.pdf\" target=\"_blank\" rel=\"noopener\">Les jeux d&rsquo;hiver de l&rsquo;arctique\u00a0<\/a> \u00a0\u00a0 5) <a href=\"http:\/\/www.aadnc-aandc.gc.ca\/DAM\/DAM-INTER-HQ\/STAGING\/texte-text\/ach_lr_ks_rrds_nu_1302786369282_fra.pdf\" target=\"_blank\" rel=\"noopener\">Le Nunavut 3e territoire&#8230;<\/a><\/p>\n<p>films:\u00a0 1) \u00a0 <a href=\"https:\/\/www.youtube.com\/watch?v=uB4JGUzve6M&amp;t=103s\" data-rel=\"lightbox-video-0\" target=\"_blank\" rel=\"noopener\">une famille en traineau \u00e0 chien<\/a>\u00a0\u00a0\u00a0 \u00a0 \u00a0 2) \u00a0 <a href=\"https:\/\/www.youtube.com\/watch?v=O0N4YJnTG9Q\" data-rel=\"lightbox-video-1\" target=\"_blank\" rel=\"noopener\">5 personnes dans un kayak<\/a><\/p>\n<p>&nbsp;<\/p>\n<p>*************<\/p>\n<p><strong>Les explorateurs:<\/strong><\/p>\n<p>Site de r\u00e9f\u00e9rence:\u00a0\u00a0 <a href=\"http:\/\/epe.lac-bac.gc.ca\/100\/206\/301\/lac-bac\/explorers-kids\/www.collectionscanada.gc.ca\/explorers\/kids\/index-f.html\" target=\"_blank\" rel=\"noopener\">Les Passages<\/a><\/p>\n<p>autres site:\u00a0\u00a0\u00a0 E<a href=\"https:\/\/www.thecanadianencyclopedia.ca\/fr\" target=\"_blank\" rel=\"noopener\">ncyclop\u00e9die canadienne<\/a><\/p>\n<p><strong>La Nouvelle-France<br \/>\n<\/strong><\/p>\n<p><a href=\"http:\/\/primaire.recitus.qc.ca\/\" target=\"_blank\" rel=\"noopener\">Recitus: soci\u00e9t\u00e9 et territoires<\/a><\/p>\n<p>&nbsp;<\/p>\n<p><strong>Site Autochtones:<\/strong><\/p>\n<p><a href=\"http:\/\/echo.franco.ca\/premieresnations\/index.cfm?Id=32174&amp;Sequence_No=&amp;Repertoire_No=2137985649&amp;Voir=journal\" target=\"_blank\" rel=\"noopener\">cartes<\/a><\/p>\n<p><a href=\"http:\/\/www.sfu.museum\/time\/fr\/flash\/\" target=\"_blank\" rel=\"noopener\">Voyages en des temps imm\u00e9moriaux<\/a><\/p>\n","protected":false},"excerpt":{"rendered":"<p>Les colons du Canada \u00ab La colonisation au Canada \u00ab Une nouvelle vie au Nouveau-Brunswick \u00bb (bande-dessin\u00e9e) Maison du colons (inte\u0301rieur) Postes de traite en C.-B. Recitus: soci\u00e9t\u00e9 et territoires &nbsp; &nbsp; L&rsquo;Histoire et les explorateurs: quizz en ligne: ann\u00e9es et si\u00e8cles Site de r\u00e9f\u00e9rence:\u00a0\u00a0 Les Passages autres site:\u00a0\u00a0\u00a0 Encyclop\u00e9die canadienne &nbsp; &nbsp; Le monde: &hellip; <a href=\"https:\/\/classesbranchees.csf.bc.ca\/ecoledupacifique\/sciences-humaines\/\" class=\"more-link\">Continuer la lecture de <span class=\"screen-reader-text\">Sciences humaines<\/span> <span class=\"meta-nav\">&rarr;<\/span><\/a><\/p>\n","protected":false},"author":40,"featured_media":0,"parent":0,"menu_order":0,"comment_status":"closed","ping_status":"closed","template":"","meta":[],"_links":{"self":[{"href":"https:\/\/classesbranchees.csf.bc.ca\/ecoledupacifique\/wp-json\/wp\/v2\/pages\/350"}],"collection":[{"href":"https:\/\/classesbranchees.csf.bc.ca\/ecoledupacifique\/wp-json\/wp\/v2\/pages"}],"about":[{"href":"https:\/\/classesbranchees.csf.bc.ca\/ecoledupacifique\/wp-json\/wp\/v2\/types\/page"}],"author":[{"embeddable":true,"href":"https:\/\/classesbranchees.csf.bc.ca\/ecoledupacifique\/wp-json\/wp\/v2\/users\/40"}],"replies":[{"embeddable":true,"href":"https:\/\/classesbranchees.csf.bc.ca\/ecoledupacifique\/wp-json\/wp\/v2\/comments?post=350"}],"version-history":[{"count":110,"href":"https:\/\/classesbranchees.csf.bc.ca\/ecoledupacifique\/wp-json\/wp\/v2\/pages\/350\/revisions"}],"predecessor-version":[{"id":1927,"href":"https:\/\/classesbranchees.csf.bc.ca\/ecoledupacifique\/wp-json\/wp\/v2\/pages\/350\/revisions\/1927"}],"wp:attachment":[{"href":"https:\/\/classesbranchees.csf.bc.ca\/ecoledupacifique\/wp-json\/wp\/v2\/media?parent=350"}],"curies":[{"name":"wp","href":"https:\/\/api.w.org\/{rel}","templated":true}]}}