{"id":198,"date":"2015-09-25T10:22:59","date_gmt":"2015-09-25T17:22:59","guid":{"rendered":"http:\/\/classesbranchees.csf.bc.ca\/ecoledupacifique\/?page_id=198"},"modified":"2015-09-25T12:57:32","modified_gmt":"2015-09-25T19:57:32","slug":"les-apprentissages-en-classe","status":"publish","type":"page","link":"https:\/\/classesbranchees.csf.bc.ca\/ecoledupacifique\/les-apprentissages-en-classe\/","title":{"rendered":"Les apprentissages en classe"},"content":{"rendered":"<p><strong>Les \u00e9l\u00e8ves<\/strong> dans notre classe sont au nombre de 17.<br \/>\nLeur objectif est de d\u00e9velopper des habilet\u00e9s sociales, acad\u00e9miques, artistiques et physiques qui leur serviront pour la vie!<\/p>\n<p>Je m&rsquo;appelle Virginie Leverrier et je suis <strong>l&rsquo;enseignante<\/strong>.<br \/>\nMon objectif est d&rsquo;offrir aux \u00e9l\u00e8ves la possibilit\u00e9 de conna\u00eetre, de d\u00e9couvrir, et de pratiquer les nombreux aspects du curriculum.<\/p>\n<p><strong>Les parents<\/strong> sont essentiels au d\u00e9roulement de l&rsquo;apprentissage.<br \/>\nVotre objectif est d&rsquo;encourager votre enfant, le soutenir et vous int\u00e9resser \u00e0 ce qu&rsquo;il fait.<\/p>\n<p><strong>Les math\u00e9matiques<\/strong>: Nous utilisons les centres de math\u00e9matiques et explorons des th\u00e8mes diff\u00e9rents chaque mois.<\/p>\n<p><strong>Fran\u00e7ais Langue Premi\u00e8re<\/strong>: Nous pratiquons les 5 au quotidien pour favoriser le d\u00e9veloppement de la litt\u00e9racie.<\/p>\n<p><strong>Sciences Humaines<\/strong>: Nous explorons de nombreux aspects qui font de nous des citoyens responsables et qui nous permettent de d\u00e9velopper notre esprit critique.<\/p>\n<p><strong>Sciences<\/strong>: D\u00e9velopper ses 5 sens et son sens de l&rsquo;observation; d\u00e9couvrir la croissance et les changements chez les animaux, les propri\u00e9t\u00e9s de la mati\u00e8re, et enfin, l&rsquo;eau, l&rsquo;air et le sol.<\/p>\n<p><strong>Education artistique<\/strong>: Nous explorons les arts visuels, la danse, l&rsquo;art dramatique, la musique et les beaux-arts.<\/p>\n<p><strong>Education physique<\/strong>: Nous d\u00e9veloppons des habilet\u00e9s de mouvement et l&rsquo;esprit sportif.<\/p>\n<p><strong>Education \u00e0 la sant\u00e9 et \u00e0 la carri\u00e8re<\/strong>: Nous apprenons sur nous-m\u00eames afin d&rsquo;avoir des objectifs et de prendre des d\u00e9cisions \u00e9clair\u00e9es.<br \/>\nDe plus, nous d\u00e9couvrons les m\u00e9tiers, des modes de vie sains, et la pr\u00e9vention des situations dangereuses.<\/p>\n<p>&nbsp;<\/p>\n<p><em>Je vous invite \u00e0 visiter le site du gouvernement pour conna\u00eetre le curriculum de la 2\u00e8me ann\u00e9e au primaire:<\/em><br \/>\n<em>\u00a0\u00a0\u00a0 \u00a0\u00a0\u00a0 \u00a0<a href=\"http:\/\/www.bced.gov.bc.ca\/irp\/by_grade.php?lang=fr&amp;gradelevel=2\"> http:\/\/www.bced.gov.bc.ca\/irp\/by_grade.php?lang=fr&amp;gradelevel=2<\/a><\/em><\/p>\n","protected":false},"excerpt":{"rendered":"<p>Les \u00e9l\u00e8ves dans notre classe sont au nombre de 17. Leur objectif est de d\u00e9velopper des habilet\u00e9s sociales, acad\u00e9miques, artistiques et physiques qui leur serviront pour la vie! Je m&rsquo;appelle Virginie Leverrier et je suis l&rsquo;enseignante. Mon objectif est d&rsquo;offrir aux \u00e9l\u00e8ves la possibilit\u00e9 de conna\u00eetre, de d\u00e9couvrir, et de pratiquer les nombreux aspects du &hellip; <a href=\"https:\/\/classesbranchees.csf.bc.ca\/ecoledupacifique\/les-apprentissages-en-classe\/\" class=\"more-link\">Continuer la lecture de <span class=\"screen-reader-text\">Les apprentissages en classe<\/span> <span class=\"meta-nav\">&rarr;<\/span><\/a><\/p>\n","protected":false},"author":41,"featured_media":0,"parent":0,"menu_order":0,"comment_status":"closed","ping_status":"closed","template":"","meta":[],"_links":{"self":[{"href":"https:\/\/classesbranchees.csf.bc.ca\/ecoledupacifique\/wp-json\/wp\/v2\/pages\/198"}],"collection":[{"href":"https:\/\/classesbranchees.csf.bc.ca\/ecoledupacifique\/wp-json\/wp\/v2\/pages"}],"about":[{"href":"https:\/\/classesbranchees.csf.bc.ca\/ecoledupacifique\/wp-json\/wp\/v2\/types\/page"}],"author":[{"embeddable":true,"href":"https:\/\/classesbranchees.csf.bc.ca\/ecoledupacifique\/wp-json\/wp\/v2\/users\/41"}],"replies":[{"embeddable":true,"href":"https:\/\/classesbranchees.csf.bc.ca\/ecoledupacifique\/wp-json\/wp\/v2\/comments?post=198"}],"version-history":[{"count":5,"href":"https:\/\/classesbranchees.csf.bc.ca\/ecoledupacifique\/wp-json\/wp\/v2\/pages\/198\/revisions"}],"predecessor-version":[{"id":307,"href":"https:\/\/classesbranchees.csf.bc.ca\/ecoledupacifique\/wp-json\/wp\/v2\/pages\/198\/revisions\/307"}],"wp:attachment":[{"href":"https:\/\/classesbranchees.csf.bc.ca\/ecoledupacifique\/wp-json\/wp\/v2\/media?parent=198"}],"curies":[{"name":"wp","href":"https:\/\/api.w.org\/{rel}","templated":true}]}}