{"id":189,"date":"2015-09-25T10:20:49","date_gmt":"2015-09-25T17:20:49","guid":{"rendered":"http:\/\/classesbranchees.csf.bc.ca\/ecoledupacifique\/?page_id=189"},"modified":"2015-09-25T15:18:42","modified_gmt":"2015-09-25T22:18:42","slug":"septembre","status":"publish","type":"page","link":"https:\/\/classesbranchees.csf.bc.ca\/ecoledupacifique\/septembre\/","title":{"rendered":"Septembre"},"content":{"rendered":"<h2 class=\"wsite-content-title\"><span style=\"font-size: x-large\">Les r\u00e8gles de la classe<br \/>\n<\/span><\/h2>\n<div class=\"paragraph\">Nous pratiquons les routines en suivant les r\u00e8gles de classe et de l&rsquo;\u00e9cole. Nous avons cr\u00e9\u00e9 ensemble les affiches.<br \/>\nPr\u00e9sentation de Gertrude!<\/div>\n<div class=\"paragraph\"><\/div>\n<div class=\"paragraph\">\n<h2 class=\"wsite-content-title\"><span style=\"font-size: x-large\">Action!<br \/>\n<\/span><\/h2>\n<div class=\"paragraph\">Nous pratiquons des jeux d&rsquo;improvisation afin de nous exprimer de diff\u00e9rentes fa\u00e7ons et de d\u00e9couvrir notre potentiel d&rsquo;acteur!<\/div>\n<\/div>\n<div class=\"paragraph\"><\/div>\n<div class=\"paragraph\"><\/div>\n<div class=\"paragraph\"><\/div>\n<div class=\"paragraph\"><\/div>\n<div class=\"paragraph\"><strong><span style=\"font-size: x-large\">Les 5 au quotidien<\/span><\/strong><\/div>\n<div class=\"paragraph\">\n<div class=\"paragraph\">Nous commen\u00e7ons les ateliers des 5 petit \u00e0 petit au fil du mois pour en faire une pratique quotidienne la reste de l&rsquo;ann\u00e9e.<\/div>\n<\/div>\n<div class=\"paragraph\"><\/div>\n<div class=\"paragraph\"><\/div>\n<div class=\"paragraph\">\n<p><strong><span style=\"font-size: x-large\">Les math\u00e9matiques<\/span><\/strong><\/p>\n<p>Nous pratiquons les math sous forme de centres.<br \/>\nNotre objectif ce mois-ci: conna\u00eetre les nombres de 0 \u00e0 100, faire des sauts de 2, 5 et 10, et reconna\u00eetre et cr\u00e9er des r\u00e9gularit\u00e9s.<\/p>\n<\/div>\n<div class=\"paragraph\"><\/div>\n<div class=\"paragraph\"><strong><span style=\"font-size: x-large\">Les points cardinaux<br \/>\n<\/span><\/strong><\/div>\n<div class=\"paragraph\"><\/div>\n<div class=\"paragraph\">Nous apprenons \u00e0 quoi servent les points cardinaux et nous dessinons des cartes simples pour apprendre \u00e0 nous rep\u00e9rer.<\/div>\n<div class=\"paragraph\"><\/div>\n<div class=\"paragraph\"><strong><span style=\"font-size: x-large\">Varias<br \/>\n<\/span><\/strong><\/div>\n<div class=\"paragraph\">Nous avons des temps de dessin et jeux libres afin que les \u00e9l\u00e8ves s&rsquo;amusent ensemble et dans le respect.<br \/>\nLa p\u00e2te \u00e0 modeler est aussi une texture que les \u00e9l\u00e8ves adorent tripoter!<\/div>\n<p>&nbsp;<\/p>\n<p><strong><span style=\"font-size: x-large\">La grammaire<\/span><\/strong><\/p>\n<p>Nous avons cr\u00e9\u00e9 un jeu de cartes afin de pratiquer la grammaire en s&rsquo;amusant!<\/p>\n<p>&nbsp;<\/p>\n<p><strong><span style=\"font-size: x-large\">Le drapeau franco-colombien<br \/>\n<\/span><\/strong><\/p>\n<p>Voici la chanson pour c\u00e9l\u00e9brer la francophonie pour s&rsquo;\u00e9gosiller \u00e0 la maison:<\/p>\n<!--[if lt IE 9]><script>document.createElement('audio');<\/script><![endif]-->\n<audio class=\"wp-audio-shortcode\" id=\"audio-189-1\" preload=\"none\" style=\"width: 100%;\" controls=\"controls\"><source type=\"audio\/mpeg\" src=\"http:\/\/classesbranchees.csf.bc.ca\/ecoledupacifique\/wp-content\/uploads\/sites\/6\/Franco-quon-est-bien-avec-choeurs.mp3?_=1\" \/><a href=\"http:\/\/classesbranchees.csf.bc.ca\/ecoledupacifique\/wp-content\/uploads\/sites\/6\/Franco-quon-est-bien-avec-choeurs.mp3\">http:\/\/classesbranchees.csf.bc.ca\/ecoledupacifique\/wp-content\/uploads\/sites\/6\/Franco-quon-est-bien-avec-choeurs.mp3<\/a><\/audio>\n<ol>\n<li>\n<pre><em><strong>Musique\u00a0: R\u00e9my B\u00e9dard<\/strong><\/em><\/pre>\n<\/li>\n<\/ol>\n<pre style=\"text-align: justify\">Franco qu\u2019on est bien<\/pre>\n<pre><em>(Refrain)<\/em><\/pre>\n<pre>Franco qu\u2019on est bien ici !<\/pre>\n<pre>en Colombie-Britannique<\/pre>\n<pre>Franco qu\u2019on est fier\u00a0\u00a0 eh oh !<\/pre>\n<pre>De notre beau drapeau<\/pre>\n<pre>Oh Hisse ! Oh Hisse ! Oh Hisse !<\/pre>\n<pre><\/pre>\n<pre><em>(1er couplet)<\/em><\/pre>\n<pre>Vogue au vent de Victoria \u00e0 Kelowna<\/pre>\n<pre>Fais danser notre fiert\u00e9<\/pre>\n<pre>Flotte au gr\u00e9 du vent de l\u2019oc\u00e9an jusqu\u2019aux champs<\/pre>\n<pre>Vante nos droits, nos libert\u00e9s<\/pre>\n<pre><\/pre>\n<pre><em>(2e couplet)<\/em><\/pre>\n<pre>\u00c0 la vue des montagnes aux sommets enneig\u00e9s<\/pre>\n<pre>Nos pionniers ont eu le souffle coup\u00e9<\/pre>\n<pre>Venus pour explorer, ils sont rest\u00e9s, ont travaill\u00e9<\/pre>\n<pre>Alors aujourd\u2019hui nous pouvons chanter<\/pre>\n<pre><\/pre>\n<pre><em>(3e couplet)<\/em><\/pre>\n<pre>Respirez la joie de vivre des communaut\u00e9s<\/pre>\n<pre>francophones par leur diversit\u00e9<\/pre>\n<pre>Respirez la fleur de lys et le cornouiller<\/pre>\n<pre>Y a une odeur de f\u00eate \u00e0 cultiver<\/pre>\n","protected":false},"excerpt":{"rendered":"<p>Les r\u00e8gles de la classe Nous pratiquons les routines en suivant les r\u00e8gles de classe et de l&rsquo;\u00e9cole. Nous avons cr\u00e9\u00e9 ensemble les affiches. Pr\u00e9sentation de Gertrude! Action! Nous pratiquons des jeux d&rsquo;improvisation afin de nous exprimer de diff\u00e9rentes fa\u00e7ons et de d\u00e9couvrir notre potentiel d&rsquo;acteur! Les 5 au quotidien Nous commen\u00e7ons les ateliers des &hellip; <a href=\"https:\/\/classesbranchees.csf.bc.ca\/ecoledupacifique\/septembre\/\" class=\"more-link\">Continuer la lecture de <span class=\"screen-reader-text\">Septembre<\/span> <span class=\"meta-nav\">&rarr;<\/span><\/a><\/p>\n","protected":false},"author":41,"featured_media":0,"parent":0,"menu_order":0,"comment_status":"closed","ping_status":"closed","template":"","meta":[],"_links":{"self":[{"href":"https:\/\/classesbranchees.csf.bc.ca\/ecoledupacifique\/wp-json\/wp\/v2\/pages\/189"}],"collection":[{"href":"https:\/\/classesbranchees.csf.bc.ca\/ecoledupacifique\/wp-json\/wp\/v2\/pages"}],"about":[{"href":"https:\/\/classesbranchees.csf.bc.ca\/ecoledupacifique\/wp-json\/wp\/v2\/types\/page"}],"author":[{"embeddable":true,"href":"https:\/\/classesbranchees.csf.bc.ca\/ecoledupacifique\/wp-json\/wp\/v2\/users\/41"}],"replies":[{"embeddable":true,"href":"https:\/\/classesbranchees.csf.bc.ca\/ecoledupacifique\/wp-json\/wp\/v2\/comments?post=189"}],"version-history":[{"count":7,"href":"https:\/\/classesbranchees.csf.bc.ca\/ecoledupacifique\/wp-json\/wp\/v2\/pages\/189\/revisions"}],"predecessor-version":[{"id":324,"href":"https:\/\/classesbranchees.csf.bc.ca\/ecoledupacifique\/wp-json\/wp\/v2\/pages\/189\/revisions\/324"}],"wp:attachment":[{"href":"https:\/\/classesbranchees.csf.bc.ca\/ecoledupacifique\/wp-json\/wp\/v2\/media?parent=189"}],"curies":[{"name":"wp","href":"https:\/\/api.w.org\/{rel}","templated":true}]}}