{"id":102,"date":"2015-09-25T09:29:11","date_gmt":"2015-09-25T16:29:11","guid":{"rendered":"http:\/\/classesbranchees.csf.bc.ca\/ecoledupacifique\/?page_id=102"},"modified":"2020-04-19T20:38:22","modified_gmt":"2020-04-20T03:38:22","slug":"la-classe-de-5-6-7e","status":"publish","type":"page","link":"https:\/\/classesbranchees.csf.bc.ca\/ecoledupacifique\/la-classe-de-5-6-7e\/","title":{"rendered":"La classe de 6-7e"},"content":{"rendered":"<p><em>La page des 6-7e se trouve \u00e0 pr\u00e9sent \u00e0 l&rsquo;adresse suivante:<br \/>\n<\/em><\/p>\n<p><a href=\"https:\/\/classedes6-7dupacifique.weebly.com\/\">https:\/\/classedes6-7dupacifique.weebly.com\/<\/a><\/p>\n<p>&nbsp;<\/p>\n<p>&nbsp;<\/p>\n","protected":false},"excerpt":{"rendered":"<p>La page des 6-7e se trouve \u00e0 pr\u00e9sent \u00e0 l&rsquo;adresse suivante: https:\/\/classedes6-7dupacifique.weebly.com\/ &nbsp; &nbsp;<\/p>\n","protected":false},"author":44,"featured_media":0,"parent":0,"menu_order":0,"comment_status":"closed","ping_status":"closed","template":"","meta":[],"_links":{"self":[{"href":"https:\/\/classesbranchees.csf.bc.ca\/ecoledupacifique\/wp-json\/wp\/v2\/pages\/102"}],"collection":[{"href":"https:\/\/classesbranchees.csf.bc.ca\/ecoledupacifique\/wp-json\/wp\/v2\/pages"}],"about":[{"href":"https:\/\/classesbranchees.csf.bc.ca\/ecoledupacifique\/wp-json\/wp\/v2\/types\/page"}],"author":[{"embeddable":true,"href":"https:\/\/classesbranchees.csf.bc.ca\/ecoledupacifique\/wp-json\/wp\/v2\/users\/44"}],"replies":[{"embeddable":true,"href":"https:\/\/classesbranchees.csf.bc.ca\/ecoledupacifique\/wp-json\/wp\/v2\/comments?post=102"}],"version-history":[{"count":11,"href":"https:\/\/classesbranchees.csf.bc.ca\/ecoledupacifique\/wp-json\/wp\/v2\/pages\/102\/revisions"}],"predecessor-version":[{"id":913,"href":"https:\/\/classesbranchees.csf.bc.ca\/ecoledupacifique\/wp-json\/wp\/v2\/pages\/102\/revisions\/913"}],"wp:attachment":[{"href":"https:\/\/classesbranchees.csf.bc.ca\/ecoledupacifique\/wp-json\/wp\/v2\/media?parent=102"}],"curies":[{"name":"wp","href":"https:\/\/api.w.org\/{rel}","templated":true}]}}