{"id":98,"date":"2017-09-24T18:48:35","date_gmt":"2017-09-25T01:48:35","guid":{"rendered":"https:\/\/classesbranchees.csf.bc.ca\/classe-de-mme-carrie\/?page_id=98"},"modified":"2017-09-24T20:01:23","modified_gmt":"2017-09-25T03:01:23","slug":"mission-du-mercredi","status":"publish","type":"page","link":"https:\/\/classesbranchees.csf.bc.ca\/classe-de-mme-carrie\/mission-du-mercredi\/","title":{"rendered":"Mission du mercredi"},"content":{"rendered":"<p>Pendant la mission du mercredi, les \u00e9l\u00e8ves doivent travailler ensemble pour r\u00e9aliser un d\u00e9fi. Ces d\u00e9fis prendront d\u2019une \u00e0 trois semaines, et int\u00e9grons plusieurs mati\u00e8res telles que la science, les sciences humaines, la conception, comp\u00e9tences pratiques et technologies (CCPT), les math\u00e9matiques, l&rsquo;\u00e9ducation artistique et le fran\u00e7ais.<\/p>\n","protected":false},"excerpt":{"rendered":"<p>Pendant la mission du mercredi, les \u00e9l\u00e8ves doivent travailler ensemble pour r\u00e9aliser un d\u00e9fi. Ces d\u00e9fis prendront d\u2019une \u00e0 trois semaines, et int\u00e9grons plusieurs mati\u00e8res telles que la science, les sciences humaines, la conception, comp\u00e9tences pratiques et technologies (CCPT), les math\u00e9matiques, l&rsquo;\u00e9ducation artistique et le fran\u00e7ais.<\/p>\n","protected":false},"author":3,"featured_media":0,"parent":0,"menu_order":0,"comment_status":"closed","ping_status":"closed","template":"","meta":[],"_links":{"self":[{"href":"https:\/\/classesbranchees.csf.bc.ca\/classe-de-mme-carrie\/wp-json\/wp\/v2\/pages\/98"}],"collection":[{"href":"https:\/\/classesbranchees.csf.bc.ca\/classe-de-mme-carrie\/wp-json\/wp\/v2\/pages"}],"about":[{"href":"https:\/\/classesbranchees.csf.bc.ca\/classe-de-mme-carrie\/wp-json\/wp\/v2\/types\/page"}],"author":[{"embeddable":true,"href":"https:\/\/classesbranchees.csf.bc.ca\/classe-de-mme-carrie\/wp-json\/wp\/v2\/users\/3"}],"replies":[{"embeddable":true,"href":"https:\/\/classesbranchees.csf.bc.ca\/classe-de-mme-carrie\/wp-json\/wp\/v2\/comments?post=98"}],"version-history":[{"count":2,"href":"https:\/\/classesbranchees.csf.bc.ca\/classe-de-mme-carrie\/wp-json\/wp\/v2\/pages\/98\/revisions"}],"predecessor-version":[{"id":112,"href":"https:\/\/classesbranchees.csf.bc.ca\/classe-de-mme-carrie\/wp-json\/wp\/v2\/pages\/98\/revisions\/112"}],"wp:attachment":[{"href":"https:\/\/classesbranchees.csf.bc.ca\/classe-de-mme-carrie\/wp-json\/wp\/v2\/media?parent=98"}],"curies":[{"name":"wp","href":"https:\/\/api.w.org\/{rel}","templated":true}]}}