{"id":96,"date":"2017-09-24T18:43:16","date_gmt":"2017-09-25T01:43:16","guid":{"rendered":"https:\/\/classesbranchees.csf.bc.ca\/classe-de-mme-carrie\/?page_id=96"},"modified":"2017-10-22T20:17:27","modified_gmt":"2017-10-23T03:17:27","slug":"portfolio-freshgrade","status":"publish","type":"page","link":"https:\/\/classesbranchees.csf.bc.ca\/classe-de-mme-carrie\/portfolio-freshgrade\/","title":{"rendered":"Portfolio Freshgrade"},"content":{"rendered":"<p>C\u2019est la premi\u00e8re ann\u00e9e que j\u2019utilise\u00a0Freshgrades. Les \u00e9l\u00e8ves et moi travaillons ensemble afin de cr\u00e9er des portfolios de qualit\u00e9 qui vous permettront de voir leur cheminement au cours de l\u2019ann\u00e9e. Il se peut que parfois des commentaires disparaissent et que les codes d\u2019\u00e9valuation changent pendant qu\u2019on s\u2019ajuste et que r\u00e9visent les objectifs et intentions des activit\u00e9s.\u00a0 Vous recevriez donc peut-\u00eatre plusieurs notices pour une m\u00eame activit\u00e9.<\/p>\n<p>Puisque le but de ce portfolio est la r\u00e9flexion de l\u2019enfant sur son apprentissage, ainsi qu\u2019une trace de la progression de l\u2019apprenant, je n\u2019\u00e9value pas le niveau de fran\u00e7ais ni d\u2019anglais des commentaires. Comme vous voyez, il y a plusieurs erreurs dans les commentaires de vos enfants. Ce qui est important, c\u2019est qu\u2019ils pensent \u00e0 leur apprentissage et se fixent des objectifs pour s\u2019am\u00e9liorer. Cela \u00e9tant dit, nous avons eu une discussion par rapport aux commentaires de qualit\u00e9 en ligne, et plusieurs \u00e9l\u00e8ves ont ajout\u00e9 des commentaires ou bien ont r\u00e9\u00e9crit des commentaires. J\u2019utilise aussi les erreurs communes pour guider mon enseignement en fran\u00e7ais (on travaille beaucoup l\u2019orthographe et les homophones en ce moment!).<\/p>\n<p>Je vous invite \u00e0 faire partie de notre communaut\u00e9 d\u2019apprentissage en ayant des discussions par rapport \u00e0 ce qui se trouve dans le portfolio avec votre enfant. Je vous encourage aussi \u00e0 laisser des commentaires constructifs afin d\u2019appuyer votre enfant dans son cheminement.\u00a0 Le portfolio est une fa\u00e7on que vous pouvez communiquer avec votre enfant, l\u2019encourager, et l\u2019appuyer dans ses travaux.\u00a0 Si vous avez des questions pour moi, SVP envoyez-moi un courriel au lieu de les placer dans le portfolio de votre enfant.<\/p>\n<p>Afin que vous puissiez suivre les m\u00e9thodes d\u2019\u00e9valuation que j\u2019utilise, j\u2019ai mis la l\u00e9gende pour les divers types d\u2019\u00e9valuations qui se trouvent dans le portfolio ici: <a href=\"https:\/\/classesbranchees.csf.bc.ca\/classe-de-mme-carrie\/wp-content\/uploads\/sites\/29\/Freshgrade_\u00e9chelles_\u00e9valuations.pdf\">Freshgrade_\u00e9chelles_\u00e9valuations<\/a>\u00a0. Il y a aussi les conseils sur la cr\u00e9ation d\u2019un commentaire de qualit\u00e9 que j\u2019ai partag\u00e9 avec les \u00e9l\u00e8ves et que vous pouvez utiliser pour mod\u00e9liser un commentaire de qualit\u00e9 lorsque vous \u00e9crivez les v\u00f4tres.<\/p>\n<p>De plus, voici le lien vers un document de Freshgrade par rapport au portfolio:\u00a0<a href=\"https:\/\/classesbranchees.csf.bc.ca\/classe-de-mme-carrie\/wp-content\/uploads\/sites\/29\/freshgradeparent.pdf\">freshgradeparent<\/a>.<\/p>\n<p>Si jamais vous avez des questions, n\u2019h\u00e9sitez pas \u00e0 m\u2019en parler.<\/p>\n<p>&nbsp;<\/p>\n","protected":false},"excerpt":{"rendered":"<p>C\u2019est la premi\u00e8re ann\u00e9e que j\u2019utilise\u00a0Freshgrades. Les \u00e9l\u00e8ves et moi travaillons ensemble afin de cr\u00e9er des portfolios de qualit\u00e9 qui vous permettront de voir leur cheminement au cours de l\u2019ann\u00e9e. Il se peut que parfois des commentaires disparaissent et que les codes d\u2019\u00e9valuation changent pendant qu\u2019on s\u2019ajuste et que r\u00e9visent les objectifs et intentions des &hellip; <a href=\"https:\/\/classesbranchees.csf.bc.ca\/classe-de-mme-carrie\/portfolio-freshgrade\/\" class=\"more-link\">Continuer la lecture de <span class=\"screen-reader-text\">Portfolio Freshgrade<\/span> <span class=\"meta-nav\">&rarr;<\/span><\/a><\/p>\n","protected":false},"author":3,"featured_media":0,"parent":0,"menu_order":0,"comment_status":"closed","ping_status":"closed","template":"","meta":[],"_links":{"self":[{"href":"https:\/\/classesbranchees.csf.bc.ca\/classe-de-mme-carrie\/wp-json\/wp\/v2\/pages\/96"}],"collection":[{"href":"https:\/\/classesbranchees.csf.bc.ca\/classe-de-mme-carrie\/wp-json\/wp\/v2\/pages"}],"about":[{"href":"https:\/\/classesbranchees.csf.bc.ca\/classe-de-mme-carrie\/wp-json\/wp\/v2\/types\/page"}],"author":[{"embeddable":true,"href":"https:\/\/classesbranchees.csf.bc.ca\/classe-de-mme-carrie\/wp-json\/wp\/v2\/users\/3"}],"replies":[{"embeddable":true,"href":"https:\/\/classesbranchees.csf.bc.ca\/classe-de-mme-carrie\/wp-json\/wp\/v2\/comments?post=96"}],"version-history":[{"count":3,"href":"https:\/\/classesbranchees.csf.bc.ca\/classe-de-mme-carrie\/wp-json\/wp\/v2\/pages\/96\/revisions"}],"predecessor-version":[{"id":248,"href":"https:\/\/classesbranchees.csf.bc.ca\/classe-de-mme-carrie\/wp-json\/wp\/v2\/pages\/96\/revisions\/248"}],"wp:attachment":[{"href":"https:\/\/classesbranchees.csf.bc.ca\/classe-de-mme-carrie\/wp-json\/wp\/v2\/media?parent=96"}],"curies":[{"name":"wp","href":"https:\/\/api.w.org\/{rel}","templated":true}]}}