{"id":89,"date":"2017-09-24T18:31:03","date_gmt":"2017-09-25T01:31:03","guid":{"rendered":"https:\/\/classesbranchees.csf.bc.ca\/classe-de-mme-carrie\/?page_id=89"},"modified":"2017-10-10T20:27:26","modified_gmt":"2017-10-11T03:27:26","slug":"en-classe","status":"publish","type":"page","link":"https:\/\/classesbranchees.csf.bc.ca\/classe-de-mme-carrie\/en-classe\/","title":{"rendered":"En classe"},"content":{"rendered":"<p>Voici l&rsquo;\u00e9bauche de l&rsquo;horaire pour les \u00e9l\u00e8ves de la 4e et 5e ann\u00e9e en date du 10 octobre.<\/p>\n<p><img loading=\"lazy\" class=\"size-full wp-image-168 aligncenter\" src=\"https:\/\/classesbranchees.csf.bc.ca\/classe-de-mme-carrie\/wp-content\/uploads\/sites\/29\/Capture-d\u2019\u00e9cran-2017-10-10-\u00e0-20.26.15.png\" alt=\"Capture d\u2019\u00e9cran 2017-10-10 \u00e0 20.26.15\" width=\"896\" height=\"604\" \/><\/p>\n","protected":false},"excerpt":{"rendered":"<p>Voici l&rsquo;\u00e9bauche de l&rsquo;horaire pour les \u00e9l\u00e8ves de la 4e et 5e ann\u00e9e en date du 10 octobre.<\/p>\n","protected":false},"author":3,"featured_media":0,"parent":0,"menu_order":0,"comment_status":"closed","ping_status":"closed","template":"","meta":[],"_links":{"self":[{"href":"https:\/\/classesbranchees.csf.bc.ca\/classe-de-mme-carrie\/wp-json\/wp\/v2\/pages\/89"}],"collection":[{"href":"https:\/\/classesbranchees.csf.bc.ca\/classe-de-mme-carrie\/wp-json\/wp\/v2\/pages"}],"about":[{"href":"https:\/\/classesbranchees.csf.bc.ca\/classe-de-mme-carrie\/wp-json\/wp\/v2\/types\/page"}],"author":[{"embeddable":true,"href":"https:\/\/classesbranchees.csf.bc.ca\/classe-de-mme-carrie\/wp-json\/wp\/v2\/users\/3"}],"replies":[{"embeddable":true,"href":"https:\/\/classesbranchees.csf.bc.ca\/classe-de-mme-carrie\/wp-json\/wp\/v2\/comments?post=89"}],"version-history":[{"count":5,"href":"https:\/\/classesbranchees.csf.bc.ca\/classe-de-mme-carrie\/wp-json\/wp\/v2\/pages\/89\/revisions"}],"predecessor-version":[{"id":170,"href":"https:\/\/classesbranchees.csf.bc.ca\/classe-de-mme-carrie\/wp-json\/wp\/v2\/pages\/89\/revisions\/170"}],"wp:attachment":[{"href":"https:\/\/classesbranchees.csf.bc.ca\/classe-de-mme-carrie\/wp-json\/wp\/v2\/media?parent=89"}],"curies":[{"name":"wp","href":"https:\/\/api.w.org\/{rel}","templated":true}]}}