{"id":50,"date":"2017-09-17T17:29:25","date_gmt":"2017-09-18T00:29:25","guid":{"rendered":"https:\/\/classesbranchees.csf.bc.ca\/classe-de-mme-carrie\/?page_id=50"},"modified":"2017-09-18T21:57:12","modified_gmt":"2017-09-19T04:57:12","slug":"benevoles","status":"publish","type":"page","link":"https:\/\/classesbranchees.csf.bc.ca\/classe-de-mme-carrie\/benevoles\/","title":{"rendered":"B\u00e9n\u00e9voles"},"content":{"rendered":"<p>Cette ann\u00e9e, les petits agents partiront parfois en mission \u00e0 l\u2019ext\u00e9rieur de la salle de classe. Nous aurons besoin de b\u00e9n\u00e9voles pour assurer que nos missions soient des succ\u00e8s!<\/p>\n<p>En ce moment, je suis en train de planifier<\/p>\n<ul>\n<li>des sorties dans les parcs et sentiers autour de l\u2019\u00e9cole pour appuyer le programme de sciences et de sciences humaines<\/li>\n<li>des sorties \u00e0 la piscine pour appuyer le programme d\u2019\u00e9ducation physique<\/li>\n<\/ul>\n<p>Les d\u00e9tails de ces sorties et d\u2019autres seront ajout\u00e9s sous peu!<\/p>\n<p>Nous cherchons aussi des b\u00e9n\u00e9voles pour nous appuyer en classe pendant nos cercles de lecture.<\/p>\n<p>De plus, si vous avez un talent ou une passion que vous voulez partager avec nous, n\u2019h\u00e9sitez pas \u00e0 me contacter!<\/p>\n<h2>Avis aux b\u00e9n\u00e9voles<\/h2>\n<p>Vous avez besoin d\u2019une v\u00e9rification du casier judiciaire\u00a0afin de pouvoir nous accompagner pendant nos sorties.\u00a0 SVP, faites la d\u00e9marche aussit\u00f4t que possible puisque cela peut prendre plusieurs semaines. \u00a0Pour ceci, veuillez remplir la demande en ligne :<\/p>\n<p><a href=\"https:\/\/justice.gov.bc.ca\/eCRC\/home.htm\">https:\/\/justice.gov.bc.ca\/eCRC\/home.htm<\/a> en utilisant le code d\u2019acc\u00e8s : GFY3ZJHCLJ<\/p>\n<p>L&rsquo;\u00e9cole\u00a0recevra directement les r\u00e9sultats\u00a0de la v\u00e9rification par courriel. Celle-ci est valide pour 1 an.<\/p>\n","protected":false},"excerpt":{"rendered":"<p>Cette ann\u00e9e, les petits agents partiront parfois en mission \u00e0 l\u2019ext\u00e9rieur de la salle de classe. Nous aurons besoin de b\u00e9n\u00e9voles pour assurer que nos missions soient des succ\u00e8s! En ce moment, je suis en train de planifier des sorties dans les parcs et sentiers autour de l\u2019\u00e9cole pour appuyer le programme de sciences et &hellip; <a href=\"https:\/\/classesbranchees.csf.bc.ca\/classe-de-mme-carrie\/benevoles\/\" class=\"more-link\">Continuer la lecture de <span class=\"screen-reader-text\">B\u00e9n\u00e9voles<\/span> <span class=\"meta-nav\">&rarr;<\/span><\/a><\/p>\n","protected":false},"author":3,"featured_media":0,"parent":0,"menu_order":0,"comment_status":"closed","ping_status":"closed","template":"","meta":[],"_links":{"self":[{"href":"https:\/\/classesbranchees.csf.bc.ca\/classe-de-mme-carrie\/wp-json\/wp\/v2\/pages\/50"}],"collection":[{"href":"https:\/\/classesbranchees.csf.bc.ca\/classe-de-mme-carrie\/wp-json\/wp\/v2\/pages"}],"about":[{"href":"https:\/\/classesbranchees.csf.bc.ca\/classe-de-mme-carrie\/wp-json\/wp\/v2\/types\/page"}],"author":[{"embeddable":true,"href":"https:\/\/classesbranchees.csf.bc.ca\/classe-de-mme-carrie\/wp-json\/wp\/v2\/users\/3"}],"replies":[{"embeddable":true,"href":"https:\/\/classesbranchees.csf.bc.ca\/classe-de-mme-carrie\/wp-json\/wp\/v2\/comments?post=50"}],"version-history":[{"count":7,"href":"https:\/\/classesbranchees.csf.bc.ca\/classe-de-mme-carrie\/wp-json\/wp\/v2\/pages\/50\/revisions"}],"predecessor-version":[{"id":81,"href":"https:\/\/classesbranchees.csf.bc.ca\/classe-de-mme-carrie\/wp-json\/wp\/v2\/pages\/50\/revisions\/81"}],"wp:attachment":[{"href":"https:\/\/classesbranchees.csf.bc.ca\/classe-de-mme-carrie\/wp-json\/wp\/v2\/media?parent=50"}],"curies":[{"name":"wp","href":"https:\/\/api.w.org\/{rel}","templated":true}]}}