{"id":45,"date":"2017-09-17T17:33:43","date_gmt":"2017-09-18T00:33:43","guid":{"rendered":"https:\/\/classesbranchees.csf.bc.ca\/classe-de-mme-carrie\/?page_id=45"},"modified":"2017-11-26T16:26:01","modified_gmt":"2017-11-27T00:26:01","slug":"dates-importantes","status":"publish","type":"page","link":"https:\/\/classesbranchees.csf.bc.ca\/classe-de-mme-carrie\/dates-importantes\/","title":{"rendered":"Dates Importantes"},"content":{"rendered":"<p>le 14 d\u00e9cembre- Visite \u00e0 Science World<\/p>\n<p>le 15 d\u00e9cembre &#8211; Document de communication du progr\u00e8s de l&rsquo;apprenant<\/p>\n<p>le 19 d\u00e9cembre &#8211; Concert hivernal des 4e \u00e0 6e ann\u00e9e (en apr\u00e8s-midi &#8211; 13h15)<\/p>\n","protected":false},"excerpt":{"rendered":"<p>le 14 d\u00e9cembre- Visite \u00e0 Science World le 15 d\u00e9cembre &#8211; Document de communication du progr\u00e8s de l&rsquo;apprenant le 19 d\u00e9cembre &#8211; Concert hivernal des 4e \u00e0 6e ann\u00e9e (en apr\u00e8s-midi &#8211; 13h15)<\/p>\n","protected":false},"author":3,"featured_media":0,"parent":0,"menu_order":0,"comment_status":"closed","ping_status":"closed","template":"","meta":[],"_links":{"self":[{"href":"https:\/\/classesbranchees.csf.bc.ca\/classe-de-mme-carrie\/wp-json\/wp\/v2\/pages\/45"}],"collection":[{"href":"https:\/\/classesbranchees.csf.bc.ca\/classe-de-mme-carrie\/wp-json\/wp\/v2\/pages"}],"about":[{"href":"https:\/\/classesbranchees.csf.bc.ca\/classe-de-mme-carrie\/wp-json\/wp\/v2\/types\/page"}],"author":[{"embeddable":true,"href":"https:\/\/classesbranchees.csf.bc.ca\/classe-de-mme-carrie\/wp-json\/wp\/v2\/users\/3"}],"replies":[{"embeddable":true,"href":"https:\/\/classesbranchees.csf.bc.ca\/classe-de-mme-carrie\/wp-json\/wp\/v2\/comments?post=45"}],"version-history":[{"count":14,"href":"https:\/\/classesbranchees.csf.bc.ca\/classe-de-mme-carrie\/wp-json\/wp\/v2\/pages\/45\/revisions"}],"predecessor-version":[{"id":267,"href":"https:\/\/classesbranchees.csf.bc.ca\/classe-de-mme-carrie\/wp-json\/wp\/v2\/pages\/45\/revisions\/267"}],"wp:attachment":[{"href":"https:\/\/classesbranchees.csf.bc.ca\/classe-de-mme-carrie\/wp-json\/wp\/v2\/media?parent=45"}],"curies":[{"name":"wp","href":"https:\/\/api.w.org\/{rel}","templated":true}]}}