{"id":32,"date":"2017-09-17T16:49:23","date_gmt":"2017-09-17T23:49:23","guid":{"rendered":"https:\/\/classesbranchees.csf.bc.ca\/classe-de-mme-carrie\/?page_id=32"},"modified":"2017-09-18T08:15:43","modified_gmt":"2017-09-18T15:15:43","slug":"la-lecture-quotidienne","status":"publish","type":"page","link":"https:\/\/classesbranchees.csf.bc.ca\/classe-de-mme-carrie\/la-lecture-quotidienne\/","title":{"rendered":"La lecture quotidienne"},"content":{"rendered":"<p>Chaque soir, votre enfant lira un livre qu&rsquo;il apporte de l&rsquo;\u00e9cole. Je vous encourage \u00e0 lire avec votre enfant pendant environ 20 minutes chaque soir.<\/p>\n<p>Les livres choisis sont bas\u00e9s sur les niveaux de lecture de la fin de l&rsquo;ann\u00e9e derni\u00e8re. \u00a0Au cours des prochaines semaines, je vais lire avec les \u00e9l\u00e8ves pour assurer qu&rsquo;ils choisissent des livres au bon niveau. \u00a0Si jamais vous trouvez qu&rsquo;un livre est trop facile pour votre enfant, ou pose trop de d\u00e9fis (plus de 5 erreurs par page), SVP faites-moi savoir. Merci pour votre collaboration!<\/p>\n<p>Voici comment vous pouvez encourager vos enfants en lecture.<\/p>\n<p>Avant la lecture<\/p>\n<ul>\n<li>Pr\u00e9dire l&rsquo;histoire d&rsquo;apr\u00e8s le titre et les images, faire plusieurs hypoth\u00e8ses.<\/li>\n<\/ul>\n<p>Pendant la lecture<\/p>\n<ul>\n<li>Tenir une liste de mots difficiles ou que votre enfant ne comprend pas afin de v\u00e9rifier la d\u00e9finition dans le <a href=\"http:\/\/www.larousse.fr\/dictionnaires\/francais-monolingue\">dictionnaire\u00a0<\/a>.<\/li>\n<li>Trouvez des liens avec son propre v\u00e9cu, d&rsquo;autres livres, etc.<\/li>\n<li>Si le livre n&rsquo;a pas d&rsquo;images, demander \u00e0 votre enfant d&rsquo;expliquer l&rsquo;image qu&rsquo;il voit dans sa t\u00eate en lisant.<\/li>\n<\/ul>\n<p>Apr\u00e8s la lecture<\/p>\n<ul>\n<li>Demander \u00e0 votre enfant de vous r\u00e9sum\u00e9 le livre en quelques phrases.<\/li>\n<li>Demander \u00e0 votre enfant quel \u00e9tait leur personnage pr\u00e9f\u00e9r\u00e9, et pourquoi.<\/li>\n<li>Poser des questions afin d&rsquo;assurer la compr\u00e9hension du livre.<\/li>\n<\/ul>\n","protected":false},"excerpt":{"rendered":"<p>Chaque soir, votre enfant lira un livre qu&rsquo;il apporte de l&rsquo;\u00e9cole. Je vous encourage \u00e0 lire avec votre enfant pendant environ 20 minutes chaque soir. Les livres choisis sont bas\u00e9s sur les niveaux de lecture de la fin de l&rsquo;ann\u00e9e derni\u00e8re. \u00a0Au cours des prochaines semaines, je vais lire avec les \u00e9l\u00e8ves pour assurer qu&rsquo;ils &hellip; <a href=\"https:\/\/classesbranchees.csf.bc.ca\/classe-de-mme-carrie\/la-lecture-quotidienne\/\" class=\"more-link\">Continuer la lecture de <span class=\"screen-reader-text\">La lecture quotidienne<\/span> <span class=\"meta-nav\">&rarr;<\/span><\/a><\/p>\n","protected":false},"author":3,"featured_media":0,"parent":0,"menu_order":0,"comment_status":"closed","ping_status":"closed","template":"","meta":[],"_links":{"self":[{"href":"https:\/\/classesbranchees.csf.bc.ca\/classe-de-mme-carrie\/wp-json\/wp\/v2\/pages\/32"}],"collection":[{"href":"https:\/\/classesbranchees.csf.bc.ca\/classe-de-mme-carrie\/wp-json\/wp\/v2\/pages"}],"about":[{"href":"https:\/\/classesbranchees.csf.bc.ca\/classe-de-mme-carrie\/wp-json\/wp\/v2\/types\/page"}],"author":[{"embeddable":true,"href":"https:\/\/classesbranchees.csf.bc.ca\/classe-de-mme-carrie\/wp-json\/wp\/v2\/users\/3"}],"replies":[{"embeddable":true,"href":"https:\/\/classesbranchees.csf.bc.ca\/classe-de-mme-carrie\/wp-json\/wp\/v2\/comments?post=32"}],"version-history":[{"count":4,"href":"https:\/\/classesbranchees.csf.bc.ca\/classe-de-mme-carrie\/wp-json\/wp\/v2\/pages\/32\/revisions"}],"predecessor-version":[{"id":76,"href":"https:\/\/classesbranchees.csf.bc.ca\/classe-de-mme-carrie\/wp-json\/wp\/v2\/pages\/32\/revisions\/76"}],"wp:attachment":[{"href":"https:\/\/classesbranchees.csf.bc.ca\/classe-de-mme-carrie\/wp-json\/wp\/v2\/media?parent=32"}],"curies":[{"name":"wp","href":"https:\/\/api.w.org\/{rel}","templated":true}]}}