{"id":24,"date":"2017-09-17T16:17:36","date_gmt":"2017-09-17T23:17:36","guid":{"rendered":"https:\/\/classesbranchees.csf.bc.ca\/classe-de-mme-carrie\/?page_id=24"},"modified":"2017-10-22T10:32:55","modified_gmt":"2017-10-22T17:32:55","slug":"materiel","status":"publish","type":"page","link":"https:\/\/classesbranchees.csf.bc.ca\/classe-de-mme-carrie\/materiel\/","title":{"rendered":"Mat\u00e9riel"},"content":{"rendered":"<h2><strong>Mat\u00e9riel personnel<\/strong><\/h2>\n<p>Les \u00e9l\u00e8ves de la 4e et 5e ann\u00e9e auront besoin :<\/p>\n<ul>\n<li>d\u2019\u00e9couteurs identifier avec leur nom pour les projets \u00e0 l\u2019ordinateur et \u00e0 l\u2019iPad<\/li>\n<li>de souliers d&rsquo;int\u00e9rieur<\/li>\n<li>de v\u00eatements de rechange pour le gymnase (mardi et jeudi)<\/li>\n<li>d\u2019une chemise de peinture (optionnel) &#8211; nous ferons de la peinture, des bricolages, etc. donc si votre enfant aime porter une grande chemise ou un gros t-shirt par-dessus ses v\u00eatements pour les prot\u00e9g\u00e9s, SVP envoyez-le identifier avec le nom de votre enfant.<\/li>\n<\/ul>\n<h2><strong>Mat\u00e9riel pour la classe<\/strong><\/h2>\n<p>Les petits agents ont une longue liste de missions qui les attend!\u00a0 Pour ceci, il nous faut du mat\u00e9riel. Si jamais vous avez des items qui se retrouvent sur la liste, SVP envoyez-les avec vos enfants. Cette liste sera mise \u00e0 jour r\u00e9guli\u00e8rement, donc SVP v\u00e9rifiez souvent.<\/p>\n<p>Un gros merci \u00e0 l\u2019avance pour votre appui!<\/p>\n<ul>\n<li>barquettes en plastique (genre yogourt, de toutes tailles)<\/li>\n<li>bo\u00eetes en carton de toutes tailles<\/li>\n<li>vieux CD, DVD livres ou revues qu&rsquo;on peut utiliser pour des bricolages<\/li>\n<li>jeux de cartes (\u00e7a va s\u2019il y a des cartes qui manquent!)<\/li>\n<li>bouchons en plastique de bouteilles de jus ( de toutes tailles)<\/li>\n<li>laine<\/li>\n<li>rouleau de papier toilette et de papier essuie-tout<\/li>\n<\/ul>\n<p>Nous sommes aussi \u00e0 la recherche d&rsquo;un gros tapis pour la salle de classe et quelques bacs de lait. Les \u00e9l\u00e8ves adorent l&rsquo;environnement flexible qu&rsquo;on a cr\u00e9\u00e9, et on veut faire des changements pour arriver au deuxi\u00e8me prototype de notre salle de classe.<\/p>\n","protected":false},"excerpt":{"rendered":"<p>Mat\u00e9riel personnel Les \u00e9l\u00e8ves de la 4e et 5e ann\u00e9e auront besoin : d\u2019\u00e9couteurs identifier avec leur nom pour les projets \u00e0 l\u2019ordinateur et \u00e0 l\u2019iPad de souliers d&rsquo;int\u00e9rieur de v\u00eatements de rechange pour le gymnase (mardi et jeudi) d\u2019une chemise de peinture (optionnel) &#8211; nous ferons de la peinture, des bricolages, etc. donc si &hellip; <a href=\"https:\/\/classesbranchees.csf.bc.ca\/classe-de-mme-carrie\/materiel\/\" class=\"more-link\">Continuer la lecture de <span class=\"screen-reader-text\">Mat\u00e9riel<\/span> <span class=\"meta-nav\">&rarr;<\/span><\/a><\/p>\n","protected":false},"author":3,"featured_media":0,"parent":0,"menu_order":0,"comment_status":"closed","ping_status":"closed","template":"","meta":[],"_links":{"self":[{"href":"https:\/\/classesbranchees.csf.bc.ca\/classe-de-mme-carrie\/wp-json\/wp\/v2\/pages\/24"}],"collection":[{"href":"https:\/\/classesbranchees.csf.bc.ca\/classe-de-mme-carrie\/wp-json\/wp\/v2\/pages"}],"about":[{"href":"https:\/\/classesbranchees.csf.bc.ca\/classe-de-mme-carrie\/wp-json\/wp\/v2\/types\/page"}],"author":[{"embeddable":true,"href":"https:\/\/classesbranchees.csf.bc.ca\/classe-de-mme-carrie\/wp-json\/wp\/v2\/users\/3"}],"replies":[{"embeddable":true,"href":"https:\/\/classesbranchees.csf.bc.ca\/classe-de-mme-carrie\/wp-json\/wp\/v2\/comments?post=24"}],"version-history":[{"count":9,"href":"https:\/\/classesbranchees.csf.bc.ca\/classe-de-mme-carrie\/wp-json\/wp\/v2\/pages\/24\/revisions"}],"predecessor-version":[{"id":244,"href":"https:\/\/classesbranchees.csf.bc.ca\/classe-de-mme-carrie\/wp-json\/wp\/v2\/pages\/24\/revisions\/244"}],"wp:attachment":[{"href":"https:\/\/classesbranchees.csf.bc.ca\/classe-de-mme-carrie\/wp-json\/wp\/v2\/media?parent=24"}],"curies":[{"name":"wp","href":"https:\/\/api.w.org\/{rel}","templated":true}]}}