{"id":163,"date":"2017-10-10T20:16:37","date_gmt":"2017-10-11T03:16:37","guid":{"rendered":"https:\/\/classesbranchees.csf.bc.ca\/classe-de-mme-carrie\/?page_id=163"},"modified":"2017-10-10T20:16:37","modified_gmt":"2017-10-11T03:16:37","slug":"scholastic","status":"publish","type":"page","link":"https:\/\/classesbranchees.csf.bc.ca\/classe-de-mme-carrie\/scholastic\/","title":{"rendered":"Scholastic"},"content":{"rendered":"<p>Chaque mois, les \u00e9l\u00e8ves apporteront des d\u00e9pliants Scholastic \u00e0 la maison. La commande de ces ressources en fran\u00e7ais et anglais est optionnelle.<\/p>\n<p>Si jamais vous voulez offrir un cadeau \u00e0 votre enfant, vous pouvez m\u2019envoyer un courriel avec la commande et payer en ligne, ou bien m\u2019envoyer la commande dans une enveloppe avec un message, et je garderais le livre jusqu\u2019\u00e0 ce que vous puissiez venir le prendre \u00e0 l\u2019\u00e9cole.<\/p>\n<p>J\u2019inclus <a href=\"https:\/\/canadaclubs.scholastic.ca\/on\/demandware.static\/-\/Sites-rco-ca-Library\/default\/dw37efdb8a\/images\/parent-pay\/Parent_Pay_For_Parents.pdf?utm_source=RCO&amp;utm_medium=PDFLink&amp;utm_campaign=ParentPay_Parent\">ici<\/a> l\u2019information pour passer vos commandes en ligne si cela vous int\u00e9resse.<\/p>\n<p>Pour toutes questions, n\u2019h\u00e9sitez pas \u00e0 m\u2019envoyer un courriel.<\/p>\n<p>Bonne lecture!<\/p>\n","protected":false},"excerpt":{"rendered":"<p>Chaque mois, les \u00e9l\u00e8ves apporteront des d\u00e9pliants Scholastic \u00e0 la maison. La commande de ces ressources en fran\u00e7ais et anglais est optionnelle. Si jamais vous voulez offrir un cadeau \u00e0 votre enfant, vous pouvez m\u2019envoyer un courriel avec la commande et payer en ligne, ou bien m\u2019envoyer la commande dans une enveloppe avec un message, &hellip; <a href=\"https:\/\/classesbranchees.csf.bc.ca\/classe-de-mme-carrie\/scholastic\/\" class=\"more-link\">Continuer la lecture de <span class=\"screen-reader-text\">Scholastic<\/span> <span class=\"meta-nav\">&rarr;<\/span><\/a><\/p>\n","protected":false},"author":3,"featured_media":0,"parent":0,"menu_order":0,"comment_status":"closed","ping_status":"closed","template":"","meta":[],"_links":{"self":[{"href":"https:\/\/classesbranchees.csf.bc.ca\/classe-de-mme-carrie\/wp-json\/wp\/v2\/pages\/163"}],"collection":[{"href":"https:\/\/classesbranchees.csf.bc.ca\/classe-de-mme-carrie\/wp-json\/wp\/v2\/pages"}],"about":[{"href":"https:\/\/classesbranchees.csf.bc.ca\/classe-de-mme-carrie\/wp-json\/wp\/v2\/types\/page"}],"author":[{"embeddable":true,"href":"https:\/\/classesbranchees.csf.bc.ca\/classe-de-mme-carrie\/wp-json\/wp\/v2\/users\/3"}],"replies":[{"embeddable":true,"href":"https:\/\/classesbranchees.csf.bc.ca\/classe-de-mme-carrie\/wp-json\/wp\/v2\/comments?post=163"}],"version-history":[{"count":1,"href":"https:\/\/classesbranchees.csf.bc.ca\/classe-de-mme-carrie\/wp-json\/wp\/v2\/pages\/163\/revisions"}],"predecessor-version":[{"id":164,"href":"https:\/\/classesbranchees.csf.bc.ca\/classe-de-mme-carrie\/wp-json\/wp\/v2\/pages\/163\/revisions\/164"}],"wp:attachment":[{"href":"https:\/\/classesbranchees.csf.bc.ca\/classe-de-mme-carrie\/wp-json\/wp\/v2\/media?parent=163"}],"curies":[{"name":"wp","href":"https:\/\/api.w.org\/{rel}","templated":true}]}}