{"id":15,"date":"2017-09-17T16:10:17","date_gmt":"2017-09-17T23:10:17","guid":{"rendered":"https:\/\/classesbranchees.csf.bc.ca\/classe-de-mme-carrie\/?page_id=15"},"modified":"2017-09-24T19:18:35","modified_gmt":"2017-09-25T02:18:35","slug":"a-propos-de-mme-carrie","status":"publish","type":"page","link":"https:\/\/classesbranchees.csf.bc.ca\/classe-de-mme-carrie\/a-propos-de-mme-carrie\/","title":{"rendered":"A propos de Mme Carrie"},"content":{"rendered":"<p>Bonjour\u2009!<\/p>\n<p>Je m\u2019appelle Carrie Antoniazzi, et je suis ravie d\u2019\u00eatre l\u2019enseignante de vos enfants\u2009! Je suis une Franco-ontarienne originaire de Sudbury, Ontario, et cela fait 10 ans que je suis en Colombie-Britannique et au CSF.<\/p>\n<p>Ma carri\u00e8re d\u2019enseignement a d\u00e9but\u00e9 en Ontario. Apr\u00e8s des vacances \u00e0 Whistler en 2005, j\u2019ai commenc\u00e9 la d\u00e9marche pour transf\u00e9rer mon brevet d\u2019enseignement et d\u00e9m\u00e9nager dans les montagnes. En septembre 2007, j\u2019ai commenc\u00e9\u00a0ma carri\u00e8re en enseignement au CSF. J\u2019ai enseign\u00e9 pendant 5 ans \u00e0 l\u2019\u00e9cole de la Vall\u00e9e de Pemberton et \u00e0 l\u2019\u00e9cole la Passerelle \u00e0 Whistler. En septembre 2012, j\u2019ai d\u00e9m\u00e9nag\u00e9 \u00e0 la \u00ab\u2009grande ville\u2009\u00bb pour\u00a0devenir conseill\u00e8re p\u00e9dagogique au bureau central au CSF. J\u2019ai pass\u00e9 5 ans \u00e0 former les enseignants des 38 \u00e9coles autour de la province, \u00e0 offrir du mentorat pour les nouveaux enseignants, \u00e0 mettre en place des projets innovateurs et \u00e0 offrir des ateliers et des formations partout au Canada.<\/p>\n<p>Je suis maintenant de retour en salle de classe, et j\u2019ai h\u00e2te de mettre en place tous les apprentissages que j\u2019ai faits au cours des derni\u00e8res ann\u00e9es\u2009!<\/p>\n<p>Je suis toujours disponible pour vous parler de ce qu&rsquo;on fait en classe. \u00a0N&rsquo;h\u00e9sitez pas \u00e0 me contacter si vous avez des questions.<\/p>\n<p>Au plaisir de vous rencontrer,<\/p>\n<p>Carrie<\/p>\n<p>B.A, B.Ed, M.Ed<\/p>\n<p><img loading=\"lazy\" class=\"size-full wp-image-47\" src=\"https:\/\/classesbranchees.csf.bc.ca\/classe-de-mme-carrie\/wp-content\/uploads\/sites\/29\/DAY-2_171.jpg\" alt=\"From Canada: Carrie-Lee Antoniazzi, Team Columbus Day 2, Week 2 of the Honeywell Educators at Space Academy (HESA) at the U.S. Space and Rocket Center (USSRC) in Huntsville, Alabama, Friday, June 23, 2017\" width=\"2048\" height=\"2018\" \/><\/p>\n","protected":false},"excerpt":{"rendered":"<p>Bonjour\u2009! Je m\u2019appelle Carrie Antoniazzi, et je suis ravie d\u2019\u00eatre l\u2019enseignante de vos enfants\u2009! Je suis une Franco-ontarienne originaire de Sudbury, Ontario, et cela fait 10 ans que je suis en Colombie-Britannique et au CSF. Ma carri\u00e8re d\u2019enseignement a d\u00e9but\u00e9 en Ontario. Apr\u00e8s des vacances \u00e0 Whistler en 2005, j\u2019ai commenc\u00e9 la d\u00e9marche pour transf\u00e9rer &hellip; <a href=\"https:\/\/classesbranchees.csf.bc.ca\/classe-de-mme-carrie\/a-propos-de-mme-carrie\/\" class=\"more-link\">Continuer la lecture de <span class=\"screen-reader-text\">A propos de Mme Carrie<\/span> <span class=\"meta-nav\">&rarr;<\/span><\/a><\/p>\n","protected":false},"author":3,"featured_media":0,"parent":0,"menu_order":0,"comment_status":"closed","ping_status":"closed","template":"","meta":[],"_links":{"self":[{"href":"https:\/\/classesbranchees.csf.bc.ca\/classe-de-mme-carrie\/wp-json\/wp\/v2\/pages\/15"}],"collection":[{"href":"https:\/\/classesbranchees.csf.bc.ca\/classe-de-mme-carrie\/wp-json\/wp\/v2\/pages"}],"about":[{"href":"https:\/\/classesbranchees.csf.bc.ca\/classe-de-mme-carrie\/wp-json\/wp\/v2\/types\/page"}],"author":[{"embeddable":true,"href":"https:\/\/classesbranchees.csf.bc.ca\/classe-de-mme-carrie\/wp-json\/wp\/v2\/users\/3"}],"replies":[{"embeddable":true,"href":"https:\/\/classesbranchees.csf.bc.ca\/classe-de-mme-carrie\/wp-json\/wp\/v2\/comments?post=15"}],"version-history":[{"count":6,"href":"https:\/\/classesbranchees.csf.bc.ca\/classe-de-mme-carrie\/wp-json\/wp\/v2\/pages\/15\/revisions"}],"predecessor-version":[{"id":107,"href":"https:\/\/classesbranchees.csf.bc.ca\/classe-de-mme-carrie\/wp-json\/wp\/v2\/pages\/15\/revisions\/107"}],"wp:attachment":[{"href":"https:\/\/classesbranchees.csf.bc.ca\/classe-de-mme-carrie\/wp-json\/wp\/v2\/media?parent=15"}],"curies":[{"name":"wp","href":"https:\/\/api.w.org\/{rel}","templated":true}]}}