{"id":13,"date":"2017-09-17T16:09:49","date_gmt":"2017-09-17T23:09:49","guid":{"rendered":"https:\/\/classesbranchees.csf.bc.ca\/classe-de-mme-carrie\/?page_id=13"},"modified":"2017-09-18T08:14:25","modified_gmt":"2017-09-18T15:14:25","slug":"devoirs","status":"publish","type":"page","link":"https:\/\/classesbranchees.csf.bc.ca\/classe-de-mme-carrie\/devoirs\/","title":{"rendered":"Devoirs"},"content":{"rendered":"<h5>Le seul devoir que je demande aux \u00e9l\u00e8ves est de lire chaque soir.<\/h5>\n<p>\u00c0 partir du lundi 18 septembre, votre enfant apportera un livre \u00e0 son niveau de lecture. \u00a0Je vous invite \u00e0 lire avec votre enfant chaque soir pendant environ 20 minutes. \u00a0Vous trouveriez <a href=\"https:\/\/classesbranchees.csf.bc.ca\/classe-de-mme-carrie\/la-lecture-quotidienne\/\">ici<\/a> les d\u00e9tails pour accompagner votre enfant pendant la lecture quotidienne.<\/p>\n<p>De plus, vous trouveriez<a href=\"https:\/\/classesbranchees.csf.bc.ca\/classe-de-mme-carrie\/activites-en-francais\/\"> ici <\/a>une liste d&rsquo;activit\u00e9 que vous pouvez faire en fran\u00e7ais avec votre enfant afin d&rsquo;appuyer son cheminement scolaire.<\/p>\n","protected":false},"excerpt":{"rendered":"<p>Le seul devoir que je demande aux \u00e9l\u00e8ves est de lire chaque soir. \u00c0 partir du lundi 18 septembre, votre enfant apportera un livre \u00e0 son niveau de lecture. \u00a0Je vous invite \u00e0 lire avec votre enfant chaque soir pendant environ 20 minutes. \u00a0Vous trouveriez ici les d\u00e9tails pour accompagner votre enfant pendant la lecture &hellip; <a href=\"https:\/\/classesbranchees.csf.bc.ca\/classe-de-mme-carrie\/devoirs\/\" class=\"more-link\">Continuer la lecture de <span class=\"screen-reader-text\">Devoirs<\/span> <span class=\"meta-nav\">&rarr;<\/span><\/a><\/p>\n","protected":false},"author":3,"featured_media":0,"parent":0,"menu_order":0,"comment_status":"closed","ping_status":"closed","template":"","meta":[],"_links":{"self":[{"href":"https:\/\/classesbranchees.csf.bc.ca\/classe-de-mme-carrie\/wp-json\/wp\/v2\/pages\/13"}],"collection":[{"href":"https:\/\/classesbranchees.csf.bc.ca\/classe-de-mme-carrie\/wp-json\/wp\/v2\/pages"}],"about":[{"href":"https:\/\/classesbranchees.csf.bc.ca\/classe-de-mme-carrie\/wp-json\/wp\/v2\/types\/page"}],"author":[{"embeddable":true,"href":"https:\/\/classesbranchees.csf.bc.ca\/classe-de-mme-carrie\/wp-json\/wp\/v2\/users\/3"}],"replies":[{"embeddable":true,"href":"https:\/\/classesbranchees.csf.bc.ca\/classe-de-mme-carrie\/wp-json\/wp\/v2\/comments?post=13"}],"version-history":[{"count":5,"href":"https:\/\/classesbranchees.csf.bc.ca\/classe-de-mme-carrie\/wp-json\/wp\/v2\/pages\/13\/revisions"}],"predecessor-version":[{"id":75,"href":"https:\/\/classesbranchees.csf.bc.ca\/classe-de-mme-carrie\/wp-json\/wp\/v2\/pages\/13\/revisions\/75"}],"wp:attachment":[{"href":"https:\/\/classesbranchees.csf.bc.ca\/classe-de-mme-carrie\/wp-json\/wp\/v2\/media?parent=13"}],"curies":[{"name":"wp","href":"https:\/\/api.w.org\/{rel}","templated":true}]}}