{"id":108,"date":"2017-09-24T19:34:53","date_gmt":"2017-09-25T02:34:53","guid":{"rendered":"https:\/\/classesbranchees.csf.bc.ca\/classe-de-mme-carrie\/?page_id=108"},"modified":"2017-09-24T19:34:53","modified_gmt":"2017-09-25T02:34:53","slug":"projets-interdisciplinaires","status":"publish","type":"page","link":"https:\/\/classesbranchees.csf.bc.ca\/classe-de-mme-carrie\/projets-interdisciplinaires\/","title":{"rendered":"Projets interdisciplinaires"},"content":{"rendered":"<p>Le but du bloc de projets interdisciplinaires est d\u2019int\u00e9grer les notions apprises en sciences, sciences humaines, math\u00e9matiques, \u00e9ducation artistique et fran\u00e7ais \u00e0 la programmation informatique.<\/p>\n<p>Les \u00e9l\u00e8ves utiliseront une vari\u00e9t\u00e9 d\u2019outils technologiques tels que:<\/p>\n<ul>\n<li>Code.org \/ Heure du code<\/li>\n<li>ScratchJR (iPad)<\/li>\n<li>Scratch (ordinateurs)<\/li>\n<li>Makey Makey<\/li>\n<li>Raspberry Pi<\/li>\n<\/ul>\n<p>Selon la disponibilit\u00e9 des robots WeDo au CSF, j\u2019aimerais aussi faire de la robotique avec les \u00e9l\u00e8ves en fin d\u2019ann\u00e9e<\/p>\n","protected":false},"excerpt":{"rendered":"<p>Le but du bloc de projets interdisciplinaires est d\u2019int\u00e9grer les notions apprises en sciences, sciences humaines, math\u00e9matiques, \u00e9ducation artistique et fran\u00e7ais \u00e0 la programmation informatique. Les \u00e9l\u00e8ves utiliseront une vari\u00e9t\u00e9 d\u2019outils technologiques tels que: Code.org \/ Heure du code ScratchJR (iPad) Scratch (ordinateurs) Makey Makey Raspberry Pi Selon la disponibilit\u00e9 des robots WeDo au CSF, &hellip; <a href=\"https:\/\/classesbranchees.csf.bc.ca\/classe-de-mme-carrie\/projets-interdisciplinaires\/\" class=\"more-link\">Continuer la lecture de <span class=\"screen-reader-text\">Projets interdisciplinaires<\/span> <span class=\"meta-nav\">&rarr;<\/span><\/a><\/p>\n","protected":false},"author":3,"featured_media":0,"parent":0,"menu_order":0,"comment_status":"closed","ping_status":"closed","template":"","meta":[],"_links":{"self":[{"href":"https:\/\/classesbranchees.csf.bc.ca\/classe-de-mme-carrie\/wp-json\/wp\/v2\/pages\/108"}],"collection":[{"href":"https:\/\/classesbranchees.csf.bc.ca\/classe-de-mme-carrie\/wp-json\/wp\/v2\/pages"}],"about":[{"href":"https:\/\/classesbranchees.csf.bc.ca\/classe-de-mme-carrie\/wp-json\/wp\/v2\/types\/page"}],"author":[{"embeddable":true,"href":"https:\/\/classesbranchees.csf.bc.ca\/classe-de-mme-carrie\/wp-json\/wp\/v2\/users\/3"}],"replies":[{"embeddable":true,"href":"https:\/\/classesbranchees.csf.bc.ca\/classe-de-mme-carrie\/wp-json\/wp\/v2\/comments?post=108"}],"version-history":[{"count":1,"href":"https:\/\/classesbranchees.csf.bc.ca\/classe-de-mme-carrie\/wp-json\/wp\/v2\/pages\/108\/revisions"}],"predecessor-version":[{"id":109,"href":"https:\/\/classesbranchees.csf.bc.ca\/classe-de-mme-carrie\/wp-json\/wp\/v2\/pages\/108\/revisions\/109"}],"wp:attachment":[{"href":"https:\/\/classesbranchees.csf.bc.ca\/classe-de-mme-carrie\/wp-json\/wp\/v2\/media?parent=108"}],"curies":[{"name":"wp","href":"https:\/\/api.w.org\/{rel}","templated":true}]}}