{"id":29,"date":"2016-01-21T15:31:41","date_gmt":"2016-01-21T23:31:41","guid":{"rendered":"http:\/\/classesbranchees.csf.bc.ca\/capsciences\/?page_id=29"},"modified":"2016-01-21T15:53:25","modified_gmt":"2016-01-21T23:53:25","slug":"programmes","status":"publish","type":"page","link":"https:\/\/classesbranchees.csf.bc.ca\/capsciences\/programmes\/","title":{"rendered":"Programmes"},"content":{"rendered":"<p>Les nouveaux programmes de la Colombie-Britannique sont disponibles \u00e0 l&rsquo;adresse suivante :\u00a0<a href=\"https:\/\/curriculum.gov.bc.ca\/curriculum\" target=\"_blank\">https:\/\/curriculum.gov.bc.ca\/curriculum<\/a><\/p>\n<p>Un programme int\u00e9gr\u00e9 de la maternelle \u00e0 la douzi\u00e8me ann\u00e9e est disponible ici : \u00a0<a href=\"http:\/\/classesbranchees.csf.bc.ca\/capsciences\/wp-content\/uploads\/sites\/12\/Curriculum-sciences-M-12.pdf\">Curriculum sciences M-12<\/a><\/p>\n","protected":false},"excerpt":{"rendered":"<p>Les nouveaux programmes de la Colombie-Britannique sont disponibles \u00e0 l&rsquo;adresse suivante :\u00a0https:\/\/curriculum.gov.bc.ca\/curriculum Un programme int\u00e9gr\u00e9 de la maternelle \u00e0 la douzi\u00e8me ann\u00e9e est disponible ici : \u00a0Curriculum sciences M-12<\/p>\n","protected":false},"author":50,"featured_media":0,"parent":0,"menu_order":0,"comment_status":"closed","ping_status":"closed","template":"","meta":[],"_links":{"self":[{"href":"https:\/\/classesbranchees.csf.bc.ca\/capsciences\/wp-json\/wp\/v2\/pages\/29"}],"collection":[{"href":"https:\/\/classesbranchees.csf.bc.ca\/capsciences\/wp-json\/wp\/v2\/pages"}],"about":[{"href":"https:\/\/classesbranchees.csf.bc.ca\/capsciences\/wp-json\/wp\/v2\/types\/page"}],"author":[{"embeddable":true,"href":"https:\/\/classesbranchees.csf.bc.ca\/capsciences\/wp-json\/wp\/v2\/users\/50"}],"replies":[{"embeddable":true,"href":"https:\/\/classesbranchees.csf.bc.ca\/capsciences\/wp-json\/wp\/v2\/comments?post=29"}],"version-history":[{"count":4,"href":"https:\/\/classesbranchees.csf.bc.ca\/capsciences\/wp-json\/wp\/v2\/pages\/29\/revisions"}],"predecessor-version":[{"id":39,"href":"https:\/\/classesbranchees.csf.bc.ca\/capsciences\/wp-json\/wp\/v2\/pages\/29\/revisions\/39"}],"wp:attachment":[{"href":"https:\/\/classesbranchees.csf.bc.ca\/capsciences\/wp-json\/wp\/v2\/media?parent=29"}],"curies":[{"name":"wp","href":"https:\/\/api.w.org\/{rel}","templated":true}]}}