{"id":71,"date":"2020-11-05T10:30:14","date_gmt":"2020-11-05T18:30:14","guid":{"rendered":"https:\/\/classesbranchees.csf.bc.ca\/bibliotheque-virtuelle-edp\/?page_id=71"},"modified":"2024-12-10T19:56:28","modified_gmt":"2024-12-11T03:56:28","slug":"liens-pour-les-bases-de-donnees","status":"publish","type":"page","link":"https:\/\/classesbranchees.csf.bc.ca\/bibliotheque-virtuelle-edp\/liens-pour-les-bases-de-donnees\/","title":{"rendered":"Bases de donn\u00e9es"},"content":{"rendered":"<p><a href=\"https:\/\/www.jstor.org\/action\/showLogin?redirectUri=\/\">JSTOR<\/a>\u00a0<img loading=\"lazy\" class=\"alignnone wp-image-283 size-full\" src=\"https:\/\/classesbranchees.csf.bc.ca\/bibliotheque-virtuelle-edp\/wp-content\/uploads\/sites\/60\/Capture-d\u2019e\u0301cran-le-2021-12-13-a\u0300-09.24.34-2.png\" alt=\"Capture d\u2019e\u0301cran, le 2021-12-13 a\u0300 09.24.34\" width=\"146\" height=\"180\" \/><\/p>\r\n<p><strong style=\"font-family: -apple-system, BlinkMacSystemFont, 'Segoe UI', Roboto, 'Helvetica Neue', Arial, 'Noto Sans', sans-serif, 'Apple Color Emoji', 'Segoe UI Emoji', 'Segoe UI Symbol', 'Noto Color Emoji';font-size: 1rem\">Nom d&rsquo;utilisateur:<\/strong><span style=\"font-family: -apple-system, BlinkMacSystemFont, 'Segoe UI', Roboto, 'Helvetica Neue', Arial, 'Noto Sans', sans-serif, 'Apple Color Emoji', 'Segoe UI Emoji', 'Segoe UI Symbol', 'Noto Color Emoji';font-size: 1rem\">\u00a0pionniersdemaillardville<\/span><\/p>\r\n<p><strong>Mot de passe:<\/strong> learningjstor<\/p>\r\n<p>JSTOR (journal storage) est une biblioth\u00e8que num\u00e9rique comprenant des milliers de revues universitaires, de livres et de documents de source primaire.<\/p>\r\n<hr \/>\r\n<p><strong>Acc\u00e9der aux ressources \u00e0 l&rsquo;ext\u00e9rieur de l&rsquo;\u00e9cole:<\/strong><\/p>\r\n<p>NOM D&rsquo;UTILISATEUR: <b>csf_bcdc<\/b><\/p>\r\n<p>MOT PASSE:\u00a0<strong>etudiants<\/strong><\/p>\r\n<hr \/>\r\n<div>\u00a0 <a href=\"https:\/\/discovery-ebsco-com.bc.idm.oclc.org\/c\/ytupzi\/topics\" target=\"_blank\" rel=\"noopener\">EXPLORA SECONDAIRE <img loading=\"lazy\" class=\"alignnone size-full wp-image-124\" src=\"https:\/\/classesbranchees.csf.bc.ca\/bibliotheque-virtuelle-edp\/wp-content\/uploads\/sites\/60\/EBSCO.jpg\" alt=\"EBSCO\" width=\"120\" height=\"120\" \/><\/a><\/div>\r\n<div>\u00a0<\/div>\r\n<div>Con\u00e7u pour les niveaux interm\u00e9diaires (6e,7e, 8e, 9e,10e), <i>Explora <\/i>est une base de donn\u00e9es en texte int\u00e9gral contenant des magazines et des livres de r\u00e9f\u00e9rence populaires. Couvrant des sujets tels que l&rsquo;histoire, l&rsquo;actualit\u00e9, la science et le sport, il comprend \u00e9galement des milliers de biographies et de documents sources primaires, ainsi que plus d&rsquo;un million de photos, de cartes et de drapeaux. On peut aussi faire une recherche pour seulement des documents Canadiens<\/div>\r\n<div>\u00a0<\/div>\r\n<div>\r\n<p>Identifiant:\u00a0 \u00a0 \u00a0<strong>csf_bcdc<\/strong><\/p>\r\n<p>Mot de passe:\u00a0 \u00a0 \u00a0<strong>etudiants<\/strong><\/p>\r\n<\/div>\r\n<div><hr \/><a href=\"https:\/\/go-gale-com.bc.idm.oclc.org\/ps\/start.do?p=GPS&amp;u=bcdc\">GALE POWER SEARCH\u00a0<\/a><br \/>\r\n<p>&nbsp;<\/p>\r\n<\/div>\r\n<div><a href=\"https:\/\/go-gale-com.bc.idm.oclc.org\/ps\/start.do?p=GPS&amp;u=bcdc\"><img loading=\"lazy\" class=\"alignnone size-full wp-image-496\" src=\"https:\/\/classesbranchees.csf.bc.ca\/bibliotheque-virtuelle-edp\/wp-content\/uploads\/sites\/60\/Screen-Shot-2023-11-21-at-6.17.05-PM.png\" alt=\"\" width=\"344\" height=\"124\" \/><\/a><\/div>\r\n<div><hr \/><\/div>\r\n\r\n<p><span style=\"background-color: #ff0000\"><strong>BASES DE DONN\u00c9ES POUR LE PROGRAMME I.B.<\/strong><\/span><\/p>\r\n<p>&nbsp;<\/p>\r\n<p><a href=\"https:\/\/plato.stanford.edu\/\">STANFORD ENCYCLOPEDIA OF PHILOSOPHY<\/a><\/p>\r\n<p><a href=\"https:\/\/www.cia.gov\/the-world-factbook\/\">C.I.A WORLD FACTBOOK<\/a><\/p>\r\n<p><a href=\"https:\/\/databases.lib.sfu.ca\/browse?free=true\">246 BASES DE DONN\u00c9ES SFU<\/a><\/p>\r\n","protected":false},"excerpt":{"rendered":"<p>JSTOR\u00a0 Nom d&rsquo;utilisateur:\u00a0pionniersdemaillardville Mot de passe: learningjstor JSTOR (journal storage) est une biblioth\u00e8que num\u00e9rique comprenant des milliers de revues universitaires, de livres et de documents [&hellip;]<\/p>\n","protected":false},"author":197,"featured_media":0,"parent":0,"menu_order":0,"comment_status":"closed","ping_status":"closed","template":"","meta":[],"_links":{"self":[{"href":"https:\/\/classesbranchees.csf.bc.ca\/bibliotheque-virtuelle-edp\/wp-json\/wp\/v2\/pages\/71"}],"collection":[{"href":"https:\/\/classesbranchees.csf.bc.ca\/bibliotheque-virtuelle-edp\/wp-json\/wp\/v2\/pages"}],"about":[{"href":"https:\/\/classesbranchees.csf.bc.ca\/bibliotheque-virtuelle-edp\/wp-json\/wp\/v2\/types\/page"}],"author":[{"embeddable":true,"href":"https:\/\/classesbranchees.csf.bc.ca\/bibliotheque-virtuelle-edp\/wp-json\/wp\/v2\/users\/197"}],"replies":[{"embeddable":true,"href":"https:\/\/classesbranchees.csf.bc.ca\/bibliotheque-virtuelle-edp\/wp-json\/wp\/v2\/comments?post=71"}],"version-history":[{"count":63,"href":"https:\/\/classesbranchees.csf.bc.ca\/bibliotheque-virtuelle-edp\/wp-json\/wp\/v2\/pages\/71\/revisions"}],"predecessor-version":[{"id":562,"href":"https:\/\/classesbranchees.csf.bc.ca\/bibliotheque-virtuelle-edp\/wp-json\/wp\/v2\/pages\/71\/revisions\/562"}],"wp:attachment":[{"href":"https:\/\/classesbranchees.csf.bc.ca\/bibliotheque-virtuelle-edp\/wp-json\/wp\/v2\/media?parent=71"}],"curies":[{"name":"wp","href":"https:\/\/api.w.org\/{rel}","templated":true}]}}